
{"id":17088,"date":"2023-11-30T14:09:43","date_gmt":"2023-11-30T19:09:43","guid":{"rendered":"https:\/\/fpsct.org\/escolas\/escola-primaria-de-west-district\/organizacao-de-pais-wd\/"},"modified":"2024-07-31T06:44:41","modified_gmt":"2024-07-31T10:44:41","slug":"organizacao-de-pais-wd","status":"publish","type":"page","link":"https:\/\/fpsct.org\/pt-pt\/escolas\/escola-primaria-de-west-district\/organizacao-de-pais-wd\/","title":{"rendered":"Organiza\u00e7\u00e3o de pais WD"},"content":{"rendered":"\t\t<div data-elementor-type=\"wp-page\" data-elementor-id=\"17088\" class=\"elementor elementor-17088 elementor-2446\" data-elementor-post-type=\"page\">\n\t\t\t\t\t\t\t\t\t<section data-particle_enable=\"false\" data-particle-mobile-disabled=\"false\" class=\"elementor-section elementor-top-section elementor-element elementor-element-f0112bc elementor-section-content-middle elementor-reverse-mobile elementor-section-boxed elementor-section-height-default elementor-section-height-default\" data-id=\"f0112bc\" data-element_type=\"section\" data-settings=\"{&quot;background_background&quot;:&quot;classic&quot;}\">\n\t\t\t\t\t\t<div class=\"elementor-container elementor-column-gap-no\">\n\t\t\t\t\t<div class=\"elementor-column elementor-col-100 elementor-top-column elementor-element elementor-element-20bf3ad\" data-id=\"20bf3ad\" data-element_type=\"column\">\n\t\t\t<div class=\"elementor-widget-wrap elementor-element-populated\">\n\t\t\t\t\t\t\t\t<div class=\"elementor-element elementor-element-ea11507 elementor-widget elementor-widget-heading\" data-id=\"ea11507\" data-element_type=\"widget\" data-widget_type=\"heading.default\">\n\t\t\t\t<div class=\"elementor-widget-container\">\n\t\t\t<style>\/*! elementor - v3.17.0 - 08-11-2023 *\/\n.elementor-heading-title{padding:0;margin:0;line-height:1}.elementor-widget-heading .elementor-heading-title[class*=elementor-size-]>a{color:inherit;font-size:inherit;line-height:inherit}.elementor-widget-heading .elementor-heading-title.elementor-size-small{font-size:15px}.elementor-widget-heading .elementor-heading-title.elementor-size-medium{font-size:19px}.elementor-widget-heading .elementor-heading-title.elementor-size-large{font-size:29px}.elementor-widget-heading .elementor-heading-title.elementor-size-xl{font-size:39px}.elementor-widget-heading .elementor-heading-title.elementor-size-xxl{font-size:59px}<\/style><h1 class=\"elementor-heading-title elementor-size-default\">Organiza\u00e7\u00e3o de pais WD<\/h1>\t\t<\/div>\n\t\t\t\t<\/div>\n\t\t\t\t\t<\/div>\n\t\t<\/div>\n\t\t\t\t\t\t\t<\/div>\n\t\t<\/section>\n\t\t\t\t<section data-particle_enable=\"false\" data-particle-mobile-disabled=\"false\" class=\"elementor-section elementor-top-section elementor-element elementor-element-b60b71b elementor-section-boxed elementor-section-height-default elementor-section-height-default\" data-id=\"b60b71b\" data-element_type=\"section\">\n\t\t\t\t\t\t<div class=\"elementor-container elementor-column-gap-default\">\n\t\t\t\t\t<div class=\"elementor-column elementor-col-33 elementor-top-column elementor-element elementor-element-f0074b8\" data-id=\"f0074b8\" data-element_type=\"column\">\n\t\t\t<div class=\"elementor-widget-wrap elementor-element-populated\">\n\t\t\t\t\t\t\t\t<div class=\"elementor-element elementor-element-4355060 elementor-widget elementor-widget-shortcode\" data-id=\"4355060\" data-element_type=\"widget\" data-settings=\"{&quot;sticky&quot;:&quot;top&quot;,&quot;sticky_on&quot;:[&quot;tablet&quot;,&quot;mobile&quot;],&quot;sticky_offset&quot;:0,&quot;sticky_effects_offset&quot;:0}\" data-widget_type=\"shortcode.default\">\n\t\t\t\t<div class=\"elementor-widget-container\">\n\t\t\t\t\t<div class=\"elementor-shortcode\"><div id=\"mega-menu-wrap-max_mega_menu_11\" class=\"mega-menu-wrap\"><div class=\"mega-menu-toggle\"><div class=\"mega-toggle-blocks-left\"><div class='mega-toggle-block mega-html-block mega-toggle-block-1' id='mega-toggle-block-1'><p style=\"color:white; font-size:18px; font-weight: bold; padding-left:15px\">IN THIS SECTION<\/p><\/span><\/div><\/div><div class=\"mega-toggle-blocks-center\"><\/div><div class=\"mega-toggle-blocks-right\"><div class='mega-toggle-block mega-menu-toggle-block mega-toggle-block-2' id='mega-toggle-block-2' tabindex='0'><span class='mega-toggle-label' role='button' aria-expanded='false'><span class='mega-toggle-label-closed'><\/span><span class='mega-toggle-label-open'><\/span><\/span><\/div><\/div><\/div><ul id=\"mega-menu-max_mega_menu_11\" class=\"mega-menu max-mega-menu mega-menu-accordion mega-no-js\" data-event=\"click\" data-effect=\"fade_up\" data-effect-speed=\"200\" data-effect-mobile=\"disabled\" data-effect-speed-mobile=\"0\" data-mobile-force-width=\"false\" data-second-click=\"go\" data-document-click=\"disabled\" data-vertical-behaviour=\"standard\" data-breakpoint=\"1024\" data-unbind=\"true\" data-mobile-state=\"collapse_all\" data-hover-intent-timeout=\"300\" data-hover-intent-interval=\"100\"><li class='mega-menu-item mega-menu-item-type-post_type mega-menu-item-object-page mega-align-bottom-left mega-menu-flyout mega-menu-item-1615' id='mega-menu-item-1615'><a class=\"mega-menu-link\" href=\"https:\/\/fpsct.org\/schools\/west-district-elementary-school\/friday-folder\/\" tabindex=\"0\">Pasta de sexta-feira - Escola prim\u00e1ria de West District<\/a><\/li><li class='mega-menu-item mega-menu-item-type-post_type mega-menu-item-object-page mega-align-bottom-left mega-menu-flyout mega-menu-item-1625' id='mega-menu-item-1625'><a class=\"mega-menu-link\" href=\"https:\/\/fpsct.org\/schools\/west-district-elementary-school\/wdes-events-calendar\/\" tabindex=\"0\">Calend\u00e1rio de eventos do WDES<\/a><\/li><li class='mega-menu-item mega-menu-item-type-custom mega-menu-item-object-custom mega-align-bottom-left mega-menu-flyout mega-menu-item-1572' id='mega-menu-item-1572'><a target=\"_blank\" class=\"mega-menu-link\" href=\"https:\/\/fpsct.nutrislice.com\/\" tabindex=\"0\">Lunch Menu<\/a><\/li><li class='mega-menu-item mega-menu-item-type-post_type mega-menu-item-object-page mega-align-bottom-left mega-menu-flyout mega-menu-item-1573' id='mega-menu-item-1573'><a class=\"mega-menu-link\" href=\"https:\/\/fpsct.org\/about\/school-schedules\/\" tabindex=\"0\">Hor\u00e1rios escolares<\/a><\/li><li class='mega-menu-item mega-menu-item-type-post_type mega-menu-item-object-page mega-align-bottom-left mega-menu-flyout mega-menu-item-1585' id='mega-menu-item-1585'><a class=\"mega-menu-link\" href=\"https:\/\/fpsct.org\/about\/directory\/\" tabindex=\"0\">Diret\u00f3rio do corpo docente e do pessoal<\/a><\/li><li class='mega-menu-item mega-menu-item-type-custom mega-menu-item-object-custom mega-menu-item-has-children mega-align-bottom-left mega-menu-flyout mega-menu-item-1574' id='mega-menu-item-1574'><a class=\"mega-menu-link\" href=\"#\" aria-haspopup=\"true\" aria-expanded=\"false\" tabindex=\"0\">Other Resources<span class=\"mega-indicator\"><\/span><\/a>\n<ul class=\"mega-sub-menu\">\n<li class='mega-menu-item mega-menu-item-type-custom mega-menu-item-object-custom mega-menu-item-1575' id='mega-menu-item-1575'><a target=\"_blank\" class=\"mega-menu-link\" href=\"https:\/\/fpsct.org\/district-departments\/curriculum-instruction\/guides-to-school-curricula\/\">Parent Guide to Curriculum<\/a><\/li><li class='mega-menu-item mega-menu-item-type-post_type mega-menu-item-object-page mega-menu-item-1577' id='mega-menu-item-1577'><a class=\"mega-menu-link\" href=\"https:\/\/fpsct.org\/beyond-the-classroom\/fine-arts\/\">Artes Pl\u00e1sticas e Aplicadas<\/a><\/li><li class='mega-menu-item mega-menu-item-type-custom mega-menu-item-object-custom mega-menu-item-3202' id='mega-menu-item-3202'><a class=\"mega-menu-link\" href=\"https:\/\/sites.google.com\/fpsct.org\/farmington-music\/home\">Music in Our Schools<\/a><\/li><li class='mega-menu-item mega-menu-item-type-post_type mega-menu-item-object-page mega-menu-item-2473' id='mega-menu-item-2473'><a class=\"mega-menu-link\" href=\"https:\/\/fpsct.org\/schools\/west-district-elementary-school\/parent-organization\/\">Organiza\u00e7\u00e3o de pais WD<\/a><\/li><li class='mega-menu-item mega-menu-item-type-custom mega-menu-item-object-custom mega-menu-item-1579' id='mega-menu-item-1579'><a target=\"_blank\" class=\"mega-menu-link\" href=\"http:\/\/westdistrictlib.weebly.com\/\">Library<\/a><\/li><li class='mega-menu-item mega-menu-item-type-post_type mega-menu-item-object-page mega-menu-item-1582' id='mega-menu-item-1582'><a class=\"mega-menu-link\" href=\"https:\/\/fpsct.org\/about\/safe-school-climate\/\">Clima escolar seguro<\/a><\/li><li class='mega-menu-item mega-menu-item-type-custom mega-menu-item-object-custom mega-menu-item-35034' id='mega-menu-item-35034'><a target=\"_blank\" class=\"mega-menu-link\" href=\"https:\/\/fpsct.org\/district-departments\/facilities\/indoor-air-quality-tools-for-schools\/\">Tools for Schools<\/a><\/li><li class='mega-menu-item mega-menu-item-type-post_type mega-menu-item-object-page mega-menu-item-1583' id='mega-menu-item-1583'><a class=\"mega-menu-link\" href=\"https:\/\/fpsct.org\/about\/school-registration\/\">Registo escolar<\/a><\/li><li class='mega-menu-item mega-menu-item-type-custom mega-menu-item-object-custom mega-menu-item-2455' id='mega-menu-item-2455'><a target=\"_blank\" class=\"mega-menu-link\" href=\"https:\/\/fpsct.org\/wp-content\/uploads\/2023\/11\/Farmington-2023-SRO-MOU-2.pdf\">FPD School Resource MOU<\/a><\/li><li class='mega-menu-item mega-menu-item-type-custom mega-menu-item-object-custom mega-menu-item-2489' id='mega-menu-item-2489'><a target=\"_blank\" class=\"mega-menu-link\" href=\"https:\/\/sites.google.com\/fpsct.org\/k4worldlanguage\">Elementary Spanish Program<\/a><\/li><li class='mega-menu-item mega-menu-item-type-custom mega-menu-item-object-custom mega-menu-item-2490' id='mega-menu-item-2490'><a target=\"_blank\" class=\"mega-menu-link\" href=\"https:\/\/sites.google.com\/fpsct.org\/fpsk-6mathematicswebsite\/home\">K-6 Mathematics<\/a><\/li><\/ul>\n<\/li><\/ul><\/div><\/div>\n\t\t\t\t<\/div>\n\t\t\t\t<\/div>\n\t\t\t\t\t<\/div>\n\t\t<\/div>\n\t\t\t\t<div class=\"elementor-column elementor-col-66 elementor-top-column elementor-element elementor-element-640ddba\" data-id=\"640ddba\" data-element_type=\"column\">\n\t\t\t<div class=\"elementor-widget-wrap elementor-element-populated\">\n\t\t\t\t\t\t\t\t<div class=\"elementor-element elementor-element-fd02328 elementor-widget elementor-widget-text-editor\" data-id=\"fd02328\" data-element_type=\"widget\" data-widget_type=\"text-editor.default\">\n\t\t\t\t<div class=\"elementor-widget-container\">\n\t\t\t<style>\/*! elementor - v3.17.0 - 08-11-2023 *\/\n.elementor-widget-text-editor.elementor-drop-cap-view-stacked .elementor-drop-cap{background-color:#69727d;color:#fff}.elementor-widget-text-editor.elementor-drop-cap-view-framed .elementor-drop-cap{color:#69727d;border:3px solid;background-color:transparent}.elementor-widget-text-editor:not(.elementor-drop-cap-view-default) .elementor-drop-cap{margin-top:8px}.elementor-widget-text-editor:not(.elementor-drop-cap-view-default) .elementor-drop-cap-letter{width:1em;height:1em}.elementor-widget-text-editor .elementor-drop-cap{float:left;text-align:center;line-height:1;font-size:50px}.elementor-widget-text-editor .elementor-drop-cap-letter{display:inline-block}<\/style>\t\t\t\t<p>O objetivo da nossa Organiza\u00e7\u00e3o de Pais e Professores \u00e9 promover programas acad\u00e9micos, culturais e sociais na West District School. A PTO organiza eventos de angaria\u00e7\u00e3o de fundos ao longo do ano, incluindo uma angaria\u00e7\u00e3o de fundos por cat\u00e1logo no outono, como a Yankee Candle, uma feira de artesanato nas f\u00e9rias e um evento de angaria\u00e7\u00e3o de fundos na primavera. Estes permitem-nos adquirir tecnologia, financiar programas de enriquecimento cultural e providenciar outros melhoramentos ou necessidades da escola. Nos \u00faltimos anos, o PTO apoiou o Maker Space, a renova\u00e7\u00e3o do parque infantil, uma nova cortina para o palco\/cafetaria e livros adicionais para a nossa biblioteca e salas de aula.<\/p>\n<p>Desfrutamos de um ano inteiro de actividades familiares, incluindo um conv\u00edvio no outono, um encontro BINGO ou Movie Night no inverno, um evento de literatura na primavera e um piquenique familiar no final do ano letivo.<\/p>\n<p>Os nossos membros est\u00e3o ansiosos por ajudar os alunos na sala de aula e a biblioteca \u00e9 diariamente ocupada por volunt\u00e1rios. Valorizamos a oportunidade de trabalhar em parceria com os nossos professores e directores para o objetivo comum de assegurar uma experi\u00eancia de ensino b\u00e1sico estimulante e bem sucedida!<\/p>\n<p><strong>Comiss\u00e3o Executiva<\/strong><\/p>\n<ul>\n<li>Presidente &#8211; Heather Dougherty<\/li>\n<li>Co-vice-presidentes &#8211; Rachel Sutphen e Rachel Miner<\/li>\n<li>Co-tesoureiros &#8211; Dominique Allard e Nichole Raifee<\/li>\n<li>Co-secret\u00e1rias &#8211; Jenny Cherneski e Meg Janczar<\/li>\n<\/ul>\n\t\t\t\t\t\t<\/div>\n\t\t\t\t<\/div>\n\t\t\t\t<div class=\"elementor-element elementor-element-e976445 elementor-widget elementor-widget-text-editor\" data-id=\"e976445\" data-element_type=\"widget\" data-widget_type=\"text-editor.default\">\n\t\t\t\t<div class=\"elementor-widget-container\">\n\t\t\t\t\t\t\t<p style=\"color: #58585b; font-family: open-sans, sans-serif;\">Para contactar a nossa PTO, podes enviar um e-mail para<strong>wdpto@fpsct.org e <\/strong>deixar uma mensagem<\/p>\n<p style=\"color: #58585b; font-family: open-sans, sans-serif;\">\n\t\t\t\t\t\t<\/div>\n\t\t\t\t<\/div>\n\t\t\t\t\t<\/div>\n\t\t<\/div>\n\t\t\t\t\t\t\t<\/div>\n\t\t<\/section>\n\t\t\t\t\t\t\t<\/div>\n\t\t","protected":false},"excerpt":{"rendered":"<p>Organiza\u00e7\u00e3o de pais WD O objetivo da nossa Organiza\u00e7\u00e3o de Pais e Professores \u00e9 promover programas acad\u00e9micos, culturais e sociais na West District School. A PTO organiza eventos de angaria\u00e7\u00e3o de fundos ao longo do ano, incluindo uma angaria\u00e7\u00e3o de fundos por cat\u00e1logo no outono, como a Yankee Candle, uma feira de artesanato nas f\u00e9rias [&hellip;]<\/p>\n","protected":false},"author":3,"featured_media":0,"parent":15234,"menu_order":0,"comment_status":"closed","ping_status":"closed","template":"","meta":{"_acf_changed":false,"footnotes":""},"class_list":["post-17088","page","type-page","status-publish","hentry"],"acf":[],"_links":{"self":[{"href":"https:\/\/fpsct.org\/pt-pt\/wp-json\/wp\/v2\/pages\/17088","targetHints":{"allow":["GET"]}}],"collection":[{"href":"https:\/\/fpsct.org\/pt-pt\/wp-json\/wp\/v2\/pages"}],"about":[{"href":"https:\/\/fpsct.org\/pt-pt\/wp-json\/wp\/v2\/types\/page"}],"author":[{"embeddable":true,"href":"https:\/\/fpsct.org\/pt-pt\/wp-json\/wp\/v2\/users\/3"}],"replies":[{"embeddable":true,"href":"https:\/\/fpsct.org\/pt-pt\/wp-json\/wp\/v2\/comments?post=17088"}],"version-history":[{"count":0,"href":"https:\/\/fpsct.org\/pt-pt\/wp-json\/wp\/v2\/pages\/17088\/revisions"}],"up":[{"embeddable":true,"href":"https:\/\/fpsct.org\/pt-pt\/wp-json\/wp\/v2\/pages\/15234"}],"wp:attachment":[{"href":"https:\/\/fpsct.org\/pt-pt\/wp-json\/wp\/v2\/media?parent=17088"}],"curies":[{"name":"wp","href":"https:\/\/api.w.org\/{rel}","templated":true}]}}