
{"id":16661,"date":"2023-08-23T18:16:12","date_gmt":"2023-08-23T22:16:12","guid":{"rendered":"https:\/\/fpsct.org\/saude-mental\/"},"modified":"2024-06-24T12:36:00","modified_gmt":"2024-06-24T16:36:00","slug":"saude-mental","status":"publish","type":"page","link":"https:\/\/fpsct.org\/pt-pt\/familias\/saude-mental\/","title":{"rendered":"Sa\u00fade mental"},"content":{"rendered":"\t\t<div data-elementor-type=\"wp-page\" data-elementor-id=\"16661\" class=\"elementor elementor-16661 elementor-1669\" data-elementor-post-type=\"page\">\n\t\t\t\t\t\t\t\t\t<section data-particle_enable=\"false\" data-particle-mobile-disabled=\"false\" class=\"elementor-section elementor-top-section elementor-element elementor-element-31e9d211 elementor-section-content-middle elementor-reverse-mobile elementor-section-boxed elementor-section-height-default elementor-section-height-default\" data-id=\"31e9d211\" data-element_type=\"section\" data-settings=\"{&quot;background_background&quot;:&quot;classic&quot;}\">\n\t\t\t\t\t\t<div class=\"elementor-container elementor-column-gap-no\">\n\t\t\t\t\t<div class=\"elementor-column elementor-col-100 elementor-top-column elementor-element elementor-element-28b2d67\" data-id=\"28b2d67\" data-element_type=\"column\">\n\t\t\t<div class=\"elementor-widget-wrap elementor-element-populated\">\n\t\t\t\t\t\t\t\t<div class=\"elementor-element elementor-element-162b0b6c elementor-widget elementor-widget-heading\" data-id=\"162b0b6c\" data-element_type=\"widget\" data-widget_type=\"heading.default\">\n\t\t\t\t<div class=\"elementor-widget-container\">\n\t\t\t<style>\/*! elementor - v3.17.0 - 08-11-2023 *\/\n.elementor-heading-title{padding:0;margin:0;line-height:1}.elementor-widget-heading .elementor-heading-title[class*=elementor-size-]>a{color:inherit;font-size:inherit;line-height:inherit}.elementor-widget-heading .elementor-heading-title.elementor-size-small{font-size:15px}.elementor-widget-heading .elementor-heading-title.elementor-size-medium{font-size:19px}.elementor-widget-heading .elementor-heading-title.elementor-size-large{font-size:29px}.elementor-widget-heading .elementor-heading-title.elementor-size-xl{font-size:39px}.elementor-widget-heading .elementor-heading-title.elementor-size-xxl{font-size:59px}<\/style><h1 class=\"elementor-heading-title elementor-size-default\">Sa\u00fade mental<\/h1>\t\t<\/div>\n\t\t\t\t<\/div>\n\t\t\t\t\t<\/div>\n\t\t<\/div>\n\t\t\t\t\t\t\t<\/div>\n\t\t<\/section>\n\t\t\t\t<section data-particle_enable=\"false\" data-particle-mobile-disabled=\"false\" class=\"elementor-section elementor-top-section elementor-element elementor-element-1fe24cd elementor-section-boxed elementor-section-height-default elementor-section-height-default\" data-id=\"1fe24cd\" data-element_type=\"section\">\n\t\t\t\t\t\t<div class=\"elementor-container elementor-column-gap-default\">\n\t\t\t\t\t<div class=\"elementor-column elementor-col-100 elementor-top-column elementor-element elementor-element-60bc584f\" data-id=\"60bc584f\" data-element_type=\"column\">\n\t\t\t<div class=\"elementor-widget-wrap elementor-element-populated\">\n\t\t\t\t\t\t\t\t<div class=\"elementor-element elementor-element-207184d6 elementor-widget elementor-widget-text-editor\" data-id=\"207184d6\" data-element_type=\"widget\" data-widget_type=\"text-editor.default\">\n\t\t\t\t<div class=\"elementor-widget-container\">\n\t\t\t<style>\/*! elementor - v3.17.0 - 08-11-2023 *\/\n.elementor-widget-text-editor.elementor-drop-cap-view-stacked .elementor-drop-cap{background-color:#69727d;color:#fff}.elementor-widget-text-editor.elementor-drop-cap-view-framed .elementor-drop-cap{color:#69727d;border:3px solid;background-color:transparent}.elementor-widget-text-editor:not(.elementor-drop-cap-view-default) .elementor-drop-cap{margin-top:8px}.elementor-widget-text-editor:not(.elementor-drop-cap-view-default) .elementor-drop-cap-letter{width:1em;height:1em}.elementor-widget-text-editor .elementor-drop-cap{float:left;text-align:center;line-height:1;font-size:50px}.elementor-widget-text-editor .elementor-drop-cap-letter{display:inline-block}<\/style>\t\t\t\t<ul>\n<li>A ansiedade e a depress\u00e3o s\u00e3o fen\u00f3menos bastante comuns na popula\u00e7\u00e3o adolescente. Quando estas condi\u00e7\u00f5es se tornam demasiado graves e n\u00e3o s\u00e3o tratadas, podem levar \u00e0 auto-medica\u00e7\u00e3o com \u00e1lcool e drogas e a outros comportamentos de risco, bem como a pensamentos de auto-mutila\u00e7\u00e3o e suic\u00eddio. Ser capaz de reconhecer os sinais e sintomas de problemas de sa\u00fade mental \u00e9 o primeiro passo fundamental para obter ajuda.\n<ul>\n<li>N\u00e3o sabe ao certo quais s\u00e3o os comportamentos t\u00edpicos dos adolescentes e a que \u00e9 que deve prestar mais aten\u00e7\u00e3o? Ver esta excelente produ\u00e7\u00e3o televisiva p\u00fablica em duas partes intitulada <i>Typical or Troubled <\/i><a href=\"http:\/\/www.wliw.org\/programs\/healthy-minds\/#teens-typical-or-troubled-part-one--what-you-need-to\"><br \/>\n  <i>parte 1<\/i><br \/>\n<\/a><i> e <\/i><a href=\"http:\/\/www.wliw.org\/programs\/healthy-minds\/#teens-typical-or-troubled-part-two--suicide-prevention\"><br \/>\n  <i>parte 2<\/i><br \/>\n<\/a><i>.<\/i><\/li>\n<li>A <a href=\"http:\/\/www.afsp.org\/\">American Foundation for Suicide Prevention (Funda\u00e7\u00e3o Americana para a Preven\u00e7\u00e3o do Suic\u00eddio<\/a> ) \u00e9 um recurso valioso para obter informa\u00e7\u00f5es relacionadas com o suic\u00eddio e a depress\u00e3o<\/li>\n<li>Todos os finalistas da Farmington High School t\u00eam agora forma\u00e7\u00e3o em QPR (Question, Persuade, Refer) para poderem identificar um amigo ou um ente querido em necessidade e obter-lhes ajuda imediata. Veja o que se passa no s\u00edtio Web <a href=\"http:\/\/www.qprinstitute.com\/\">do Instituto QPR<\/a>.<\/li>\n<\/ul>\n<\/li>\n<\/ul>\n\t\t\t\t\t\t<\/div>\n\t\t\t\t<\/div>\n\t\t\t\t\t<\/div>\n\t\t<\/div>\n\t\t\t\t\t\t\t<\/div>\n\t\t<\/section>\n\t\t\t\t\t\t\t<\/div>\n\t\t","protected":false},"excerpt":{"rendered":"<p>Sa\u00fade mental A ansiedade e a depress\u00e3o s\u00e3o fen\u00f3menos bastante comuns na popula\u00e7\u00e3o adolescente. Quando estas condi\u00e7\u00f5es se tornam demasiado graves e n\u00e3o s\u00e3o tratadas, podem levar \u00e0 auto-medica\u00e7\u00e3o com \u00e1lcool e drogas e a outros comportamentos de risco, bem como a pensamentos de auto-mutila\u00e7\u00e3o e suic\u00eddio. Ser capaz de reconhecer os sinais e sintomas [&hellip;]<\/p>\n","protected":false},"author":1,"featured_media":0,"parent":17181,"menu_order":0,"comment_status":"closed","ping_status":"closed","template":"","meta":{"_acf_changed":false,"footnotes":""},"class_list":["post-16661","page","type-page","status-publish","hentry"],"acf":[],"_links":{"self":[{"href":"https:\/\/fpsct.org\/pt-pt\/wp-json\/wp\/v2\/pages\/16661","targetHints":{"allow":["GET"]}}],"collection":[{"href":"https:\/\/fpsct.org\/pt-pt\/wp-json\/wp\/v2\/pages"}],"about":[{"href":"https:\/\/fpsct.org\/pt-pt\/wp-json\/wp\/v2\/types\/page"}],"author":[{"embeddable":true,"href":"https:\/\/fpsct.org\/pt-pt\/wp-json\/wp\/v2\/users\/1"}],"replies":[{"embeddable":true,"href":"https:\/\/fpsct.org\/pt-pt\/wp-json\/wp\/v2\/comments?post=16661"}],"version-history":[{"count":0,"href":"https:\/\/fpsct.org\/pt-pt\/wp-json\/wp\/v2\/pages\/16661\/revisions"}],"up":[{"embeddable":true,"href":"https:\/\/fpsct.org\/pt-pt\/wp-json\/wp\/v2\/pages\/17181"}],"wp:attachment":[{"href":"https:\/\/fpsct.org\/pt-pt\/wp-json\/wp\/v2\/media?parent=16661"}],"curies":[{"name":"wp","href":"https:\/\/api.w.org\/{rel}","templated":true}]}}