
{"id":36093,"date":"2025-01-17T07:48:53","date_gmt":"2025-01-17T12:48:53","guid":{"rendered":"https:\/\/fpsct.org\/sobre\/registro-escolar\/pre-inscricao-no-jardim-de-infancia-para-o-ano-letivo-de-2025-2026\/"},"modified":"2025-02-26T10:36:15","modified_gmt":"2025-02-26T15:36:15","slug":"pre-inscricao-no-jardim-de-infancia-para-o-ano-letivo-de-2025-2026","status":"publish","type":"page","link":"https:\/\/fpsct.org\/pt-br\/sobre\/registro-escolar\/pre-inscricao-no-jardim-de-infancia-para-o-ano-letivo-de-2025-2026\/","title":{"rendered":"Pr\u00e9-inscri\u00e7\u00e3o no jardim de inf\u00e2ncia para o ano letivo de 2025-2026"},"content":{"rendered":"\t\t<div data-elementor-type=\"wp-page\" data-elementor-id=\"36093\" class=\"elementor elementor-36093 elementor-36079\" data-elementor-post-type=\"page\">\n\t\t\t\t\t\t\t\t\t<section data-particle_enable=\"false\" data-particle-mobile-disabled=\"false\" class=\"elementor-section elementor-top-section elementor-element elementor-element-736fb4f elementor-section-content-middle elementor-reverse-mobile elementor-section-boxed elementor-section-height-default elementor-section-height-default\" data-id=\"736fb4f\" data-element_type=\"section\" data-settings=\"{&quot;background_background&quot;:&quot;classic&quot;}\">\n\t\t\t\t\t\t<div class=\"elementor-container elementor-column-gap-no\">\n\t\t\t\t\t<div class=\"elementor-column elementor-col-100 elementor-top-column elementor-element elementor-element-1705798\" data-id=\"1705798\" data-element_type=\"column\">\n\t\t\t<div class=\"elementor-widget-wrap elementor-element-populated\">\n\t\t\t\t\t\t\t\t<div class=\"elementor-element elementor-element-417bc44 elementor-widget elementor-widget-heading\" data-id=\"417bc44\" data-element_type=\"widget\" data-widget_type=\"heading.default\">\n\t\t\t\t<div class=\"elementor-widget-container\">\n\t\t\t<style>\/*! elementor - v3.17.0 - 08-11-2023 *\/\n.elementor-heading-title{padding:0;margin:0;line-height:1}.elementor-widget-heading .elementor-heading-title[class*=elementor-size-]>a{color:inherit;font-size:inherit;line-height:inherit}.elementor-widget-heading .elementor-heading-title.elementor-size-small{font-size:15px}.elementor-widget-heading .elementor-heading-title.elementor-size-medium{font-size:19px}.elementor-widget-heading .elementor-heading-title.elementor-size-large{font-size:29px}.elementor-widget-heading .elementor-heading-title.elementor-size-xl{font-size:39px}.elementor-widget-heading .elementor-heading-title.elementor-size-xxl{font-size:59px}<\/style><h1 class=\"elementor-heading-title elementor-size-default\">Pr\u00e9-inscri\u00e7\u00e3o no jardim de inf\u00e2ncia para o ano letivo de 2025-2026<\/h1>\t\t<\/div>\n\t\t\t\t<\/div>\n\t\t\t\t\t<\/div>\n\t\t<\/div>\n\t\t\t\t\t\t\t<\/div>\n\t\t<\/section>\n\t\t\t\t<section data-particle_enable=\"false\" data-particle-mobile-disabled=\"false\" class=\"elementor-section elementor-top-section elementor-element elementor-element-7849881 elementor-section-boxed elementor-section-height-default elementor-section-height-default\" data-id=\"7849881\" data-element_type=\"section\">\n\t\t\t\t\t\t<div class=\"elementor-container elementor-column-gap-default\">\n\t\t\t\t\t<div class=\"elementor-column elementor-col-33 elementor-top-column elementor-element elementor-element-5ac50c6\" data-id=\"5ac50c6\" data-element_type=\"column\">\n\t\t\t<div class=\"elementor-widget-wrap elementor-element-populated\">\n\t\t\t\t\t\t\t\t<div class=\"elementor-element elementor-element-83868f4 elementor-widget elementor-widget-shortcode\" data-id=\"83868f4\" data-element_type=\"widget\" data-settings=\"{&quot;sticky&quot;:&quot;top&quot;,&quot;sticky_on&quot;:[&quot;tablet&quot;,&quot;mobile&quot;],&quot;sticky_offset&quot;:0,&quot;sticky_effects_offset&quot;:0}\" data-widget_type=\"shortcode.default\">\n\t\t\t\t<div class=\"elementor-widget-container\">\n\t\t\t\t\t<div class=\"elementor-shortcode\"><div id=\"mega-menu-wrap-max_mega_menu_1\" class=\"mega-menu-wrap\"><div class=\"mega-menu-toggle\"><div class=\"mega-toggle-blocks-left\"><div class='mega-toggle-block mega-html-block mega-toggle-block-1' id='mega-toggle-block-1'><p style=\"color:white; font-size:18px; font-weight: bold; padding-left:15px\">IN THIS SECTION<\/p><\/span><\/div><\/div><div class=\"mega-toggle-blocks-center\"><\/div><div class=\"mega-toggle-blocks-right\"><div class='mega-toggle-block mega-menu-toggle-block mega-toggle-block-2' id='mega-toggle-block-2' tabindex='0'><span class='mega-toggle-label' role='button' aria-expanded='false'><span class='mega-toggle-label-closed'><\/span><span class='mega-toggle-label-open'><\/span><\/span><\/div><\/div><\/div><ul id=\"mega-menu-max_mega_menu_1\" class=\"mega-menu max-mega-menu mega-menu-accordion mega-no-js\" data-event=\"click\" data-effect=\"fade_up\" data-effect-speed=\"200\" data-effect-mobile=\"disabled\" data-effect-speed-mobile=\"0\" data-mobile-force-width=\"false\" data-second-click=\"go\" data-document-click=\"disabled\" data-vertical-behaviour=\"standard\" data-breakpoint=\"1024\" data-unbind=\"true\" data-mobile-state=\"collapse_all\" data-hover-intent-timeout=\"300\" data-hover-intent-interval=\"100\"><li class='mega-menu-item mega-menu-item-type-custom mega-menu-item-object-custom mega-menu-item-has-children mega-align-bottom-left mega-menu-flyout mega-menu-item-389' id='mega-menu-item-389'><a class=\"mega-menu-link\" aria-haspopup=\"true\" aria-expanded=\"false\" tabindex=\"0\">About FPS<span class=\"mega-indicator\"><\/span><\/a>\n<ul class=\"mega-sub-menu\">\n<li class='mega-menu-item mega-menu-item-type-post_type mega-menu-item-object-page mega-menu-item-341' id='mega-menu-item-341'><a class=\"mega-menu-link\" href=\"https:\/\/fpsct.org\/about\/who-we-are\/\">Quem somos<\/a><\/li><li class='mega-menu-item mega-menu-item-type-post_type mega-menu-item-object-page mega-menu-item-3256' id='mega-menu-item-3256'><a class=\"mega-menu-link\" href=\"https:\/\/fpsct.org\/about\/board-of-education\/\">Conselho de Educa\u00e7\u00e3o<\/a><\/li><li class='mega-menu-item mega-menu-item-type-post_type mega-menu-item-object-page mega-menu-item-333' id='mega-menu-item-333'><a class=\"mega-menu-link\" href=\"https:\/\/fpsct.org\/about\/district-calendar\/\">Calend\u00e1rio do distrito<\/a><\/li><li class='mega-menu-item mega-menu-item-type-post_type mega-menu-item-object-page mega-menu-item-367' id='mega-menu-item-367'><a class=\"mega-menu-link\" href=\"https:\/\/fpsct.org\/about\/directory\/\">Diret\u00f3rio de professores e funcion\u00e1rios<\/a><\/li><li class='mega-menu-item mega-menu-item-type-post_type mega-menu-item-object-page mega-menu-item-334' id='mega-menu-item-334'><a class=\"mega-menu-link\" href=\"https:\/\/fpsct.org\/about\/emergency-information\/\">Informa\u00e7\u00f5es de emerg\u00eancia<\/a><\/li><li class='mega-menu-item mega-menu-item-type-post_type mega-menu-item-object-page mega-menu-item-339' id='mega-menu-item-339'><a class=\"mega-menu-link\" href=\"https:\/\/fpsct.org\/about\/school-schedules\/\">Hor\u00e1rios escolares<\/a><\/li><li class='mega-menu-item mega-menu-item-type-post_type mega-menu-item-object-page mega-menu-item-340' id='mega-menu-item-340'><a class=\"mega-menu-link\" href=\"https:\/\/fpsct.org\/about\/transportation\/\">Transporte<\/a><\/li><li class='mega-menu-item mega-menu-item-type-post_type mega-menu-item-object-page mega-menu-item-336' id='mega-menu-item-336'><a class=\"mega-menu-link\" href=\"https:\/\/fpsct.org\/about\/food-nutrition\/\">Alimentos e nutri\u00e7\u00e3o<\/a><\/li><li class='mega-menu-item mega-menu-item-type-post_type mega-menu-item-object-page mega-menu-item-332' id='mega-menu-item-332'><a class=\"mega-menu-link\" href=\"https:\/\/fpsct.org\/about\/district-school-reports\/\">Relat\u00f3rios de distritos e escolas<\/a><\/li><li class='mega-menu-item mega-menu-item-type-post_type mega-menu-item-object-page mega-menu-item-338' id='mega-menu-item-338'><a class=\"mega-menu-link\" href=\"https:\/\/fpsct.org\/about\/safe-school-climate\/\">Clima escolar seguro<\/a><\/li><li class='mega-menu-item mega-menu-item-type-post_type mega-menu-item-object-page mega-menu-item-345' id='mega-menu-item-345'><a class=\"mega-menu-link\" href=\"https:\/\/fpsct.org\/about\/school-registration\/\">Registro escolar<\/a><\/li><li class='mega-menu-item mega-menu-item-type-post_type mega-menu-item-object-page mega-menu-item-594' id='mega-menu-item-594'><a class=\"mega-menu-link\" href=\"https:\/\/fpsct.org\/about\/employment-opportunities\/\">Oportunidades de emprego<\/a><\/li><\/ul>\n<\/li><li class='mega-menu-item mega-menu-item-type-custom mega-menu-item-object-custom mega-menu-item-has-children mega-align-bottom-left mega-menu-flyout mega-menu-item-250' id='mega-menu-item-250'><a class=\"mega-menu-link\" aria-haspopup=\"true\" aria-expanded=\"false\" tabindex=\"0\">Schools<span class=\"mega-indicator\"><\/span><\/a>\n<ul class=\"mega-sub-menu\">\n<li class='mega-menu-item mega-menu-item-type-post_type mega-menu-item-object-page mega-menu-item-103' id='mega-menu-item-103'><a class=\"mega-menu-link\" href=\"https:\/\/fpsct.org\/schools\/farmington-high-school\/\">Escola de Ensino M\u00e9dio de Farmington<\/a><\/li><li class='mega-menu-item mega-menu-item-type-post_type mega-menu-item-object-page mega-menu-item-104' id='mega-menu-item-104'><a class=\"mega-menu-link\" href=\"https:\/\/fpsct.org\/schools\/irving-a-robbins-middle-school\/\">Escola de Ensino M\u00e9dio Irving A. Robbins<\/a><\/li><li class='mega-menu-item mega-menu-item-type-post_type mega-menu-item-object-page mega-menu-item-99' id='mega-menu-item-99'><a class=\"mega-menu-link\" href=\"https:\/\/fpsct.org\/schools\/east-farms-elementary-school\/\">Escola de Ensino Fundamental East Farms<\/a><\/li><li class='mega-menu-item mega-menu-item-type-post_type mega-menu-item-object-page mega-menu-item-108' id='mega-menu-item-108'><a class=\"mega-menu-link\" href=\"https:\/\/fpsct.org\/schools\/west-woods-upper-elementary-school\/\">Escola de Ensino Fundamental West Woods Upper<\/a><\/li><li class='mega-menu-item mega-menu-item-type-post_type mega-menu-item-object-page mega-menu-item-100' id='mega-menu-item-100'><a class=\"mega-menu-link\" href=\"https:\/\/fpsct.org\/schools\/farmington-collaborative-preschool\/\">Pr\u00e9-escola colaborativa de Farmington<\/a><\/li><li class='mega-menu-item mega-menu-item-type-post_type mega-menu-item-object-page mega-menu-item-105' id='mega-menu-item-105'><a class=\"mega-menu-link\" href=\"https:\/\/fpsct.org\/schools\/noah-wallace-elementary-school\/\">Escola de Ensino Fundamental Noah Wallace<\/a><\/li><li class='mega-menu-item mega-menu-item-type-post_type mega-menu-item-object-page mega-menu-item-107' id='mega-menu-item-107'><a class=\"mega-menu-link\" href=\"https:\/\/fpsct.org\/schools\/west-district-elementary-school\/\">Escola de Ensino Fundamental do Distrito Oeste<\/a><\/li><li class='mega-menu-item mega-menu-item-type-post_type mega-menu-item-object-page mega-menu-item-106' id='mega-menu-item-106'><a class=\"mega-menu-link\" href=\"https:\/\/fpsct.org\/schools\/union-elementary-school\/\">Escola de Ensino Fundamental Union<\/a><\/li><\/ul>\n<\/li><li class='mega-menu-item mega-menu-item-type-custom mega-menu-item-object-custom mega-menu-item-has-children mega-align-bottom-left mega-menu-flyout mega-menu-item-388' id='mega-menu-item-388'><a class=\"mega-menu-link\" aria-haspopup=\"true\" aria-expanded=\"false\" tabindex=\"0\">District Departments<span class=\"mega-indicator\"><\/span><\/a>\n<ul class=\"mega-sub-menu\">\n<li class='mega-menu-item mega-menu-item-type-post_type mega-menu-item-object-page mega-menu-item-252' id='mega-menu-item-252'><a class=\"mega-menu-link\" href=\"https:\/\/fpsct.org\/district-departments\/office-of-the-superintendent\/\">Escrit\u00f3rio do Superintendente<\/a><\/li><li class='mega-menu-item mega-menu-item-type-post_type mega-menu-item-object-page mega-menu-item-264' id='mega-menu-item-264'><a class=\"mega-menu-link\" href=\"https:\/\/fpsct.org\/district-departments\/curriculum-instruction\/\">Curr\u00edculo e instru\u00e7\u00e3o<\/a><\/li><li class='mega-menu-item mega-menu-item-type-post_type mega-menu-item-object-page mega-menu-item-263' id='mega-menu-item-263'><a class=\"mega-menu-link\" href=\"https:\/\/fpsct.org\/district-departments\/special-services\/\">Servi\u00e7os especiais<\/a><\/li><li class='mega-menu-item mega-menu-item-type-post_type mega-menu-item-object-page mega-menu-item-262' id='mega-menu-item-262'><a class=\"mega-menu-link\" href=\"https:\/\/fpsct.org\/district-departments\/finance-operations\/\">Finan\u00e7as e opera\u00e7\u00f5es<\/a><\/li><li class='mega-menu-item mega-menu-item-type-post_type mega-menu-item-object-page mega-menu-item-261' id='mega-menu-item-261'><a class=\"mega-menu-link\" href=\"https:\/\/fpsct.org\/district-departments\/technology-services\/\">Servi\u00e7os de tecnologia<\/a><\/li><li class='mega-menu-item mega-menu-item-type-post_type mega-menu-item-object-page mega-menu-item-2431' id='mega-menu-item-2431'><a class=\"mega-menu-link\" href=\"https:\/\/fpsct.org\/district-departments\/facilities\/\">Instala\u00e7\u00f5es<\/a><\/li><li class='mega-menu-item mega-menu-item-type-post_type mega-menu-item-object-page mega-menu-item-260' id='mega-menu-item-260'><a class=\"mega-menu-link\" href=\"https:\/\/fpsct.org\/district-departments\/equity-inclusion\/\">Equidade e inclus\u00e3o<\/a><\/li><li class='mega-menu-item mega-menu-item-type-custom mega-menu-item-object-custom mega-menu-item-265' id='mega-menu-item-265'><a target=\"_blank\" class=\"mega-menu-link\" href=\"https:\/\/sites.google.com\/fpsct.org\/fpsenglishlearnerprogram\/home\">English Language Learners<\/a><\/li><li class='mega-menu-item mega-menu-item-type-post_type mega-menu-item-object-page mega-menu-item-251' id='mega-menu-item-251'><a class=\"mega-menu-link\" href=\"https:\/\/fpsct.org\/district-departments\/hr\/\">Recursos Humanos<\/a><\/li><\/ul>\n<\/li><li class='mega-menu-item mega-menu-item-type-post_type mega-menu-item-object-page mega-menu-item-has-children mega-align-bottom-left mega-menu-flyout mega-menu-item-96' id='mega-menu-item-96'><a class=\"mega-menu-link\" href=\"https:\/\/fpsct.org\/beyond-the-classroom\/\" aria-haspopup=\"true\" aria-expanded=\"false\" tabindex=\"0\">Al\u00e9m da sala de aula<span class=\"mega-indicator\"><\/span><\/a>\n<ul class=\"mega-sub-menu\">\n<li class='mega-menu-item mega-menu-item-type-post_type mega-menu-item-object-page mega-menu-item-3238' id='mega-menu-item-3238'><a class=\"mega-menu-link\" href=\"https:\/\/fpsct.org\/beyond-the-classroom\/athletics\/\">Atletismo<\/a><\/li><li class='mega-menu-item mega-menu-item-type-custom mega-menu-item-object-custom mega-menu-item-3196' id='mega-menu-item-3196'><a target=\"_blank\" class=\"mega-menu-link\" href=\"https:\/\/sites.google.com\/fpsct.org\/farmington-music\/home\">Music in Our Schools<\/a><\/li><li class='mega-menu-item mega-menu-item-type-post_type mega-menu-item-object-page mega-menu-item-596' id='mega-menu-item-596'><a class=\"mega-menu-link\" href=\"https:\/\/fpsct.org\/beyond-the-classroom\/fine-arts\/\">Artes Pl\u00e1sticas e Aplicadas<\/a><\/li><li class='mega-menu-item mega-menu-item-type-custom mega-menu-item-object-custom mega-menu-item-600' id='mega-menu-item-600'><a target=\"_blank\" class=\"mega-menu-link\" href=\"https:\/\/sites.google.com\/fpsct.org\/fhscareercenter\">School to Career<\/a><\/li><li class='mega-menu-item mega-menu-item-type-post_type mega-menu-item-object-page mega-menu-item-598' id='mega-menu-item-598'><a class=\"mega-menu-link\" href=\"https:\/\/fpsct.org\/schools\/farmington-continuing-education\/\">Educa\u00e7\u00e3o Continuada em Farmington<\/a><\/li><li class='mega-menu-item mega-menu-item-type-custom mega-menu-item-object-custom mega-menu-item-601' id='mega-menu-item-601'><a target=\"_blank\" class=\"mega-menu-link\" href=\"https:\/\/www.fpsfoundation.org\/\">Farmington Public Schools Foundation<\/a><\/li><li class='mega-menu-item mega-menu-item-type-post_type mega-menu-item-object-page mega-menu-item-599' id='mega-menu-item-599'><a class=\"mega-menu-link\" href=\"https:\/\/fpsct.org\/schools\/farmington-extended-care-and-learning-excl\/\">Assist\u00eancia estendida e aprendizado de Farmington (EXCL)<\/a><\/li><li class='mega-menu-item mega-menu-item-type-custom mega-menu-item-object-custom mega-menu-item-602' id='mega-menu-item-602'><a target=\"_blank\" class=\"mega-menu-link\" href=\"https:\/\/www.farmington-ct.org\/\">Town of Farmington<\/a><\/li><\/ul>\n<\/li><li class='mega-menu-item mega-menu-item-type-post_type mega-menu-item-object-page mega-align-bottom-left mega-menu-flyout mega-menu-item-111' id='mega-menu-item-111'><a class=\"mega-menu-link\" href=\"https:\/\/fpsct.org\/news\/\" tabindex=\"0\">Not\u00edcias<\/a><\/li><li class='mega-menu-item mega-menu-item-type-post_type mega-menu-item-object-page mega-align-bottom-left mega-menu-flyout mega-menu-item-112' id='mega-menu-item-112'><a class=\"mega-menu-link\" href=\"https:\/\/fpsct.org\/contact\/\" tabindex=\"0\">Contato<\/a><\/li><\/ul><\/div><\/div>\n\t\t\t\t<\/div>\n\t\t\t\t<\/div>\n\t\t\t\t\t<\/div>\n\t\t<\/div>\n\t\t\t\t<div class=\"elementor-column elementor-col-66 elementor-top-column elementor-element elementor-element-6e2d5b6\" data-id=\"6e2d5b6\" data-element_type=\"column\">\n\t\t\t<div class=\"elementor-widget-wrap elementor-element-populated\">\n\t\t\t\t\t\t\t\t<div class=\"elementor-element elementor-element-fed0cd5 elementor-widget elementor-widget-text-editor\" data-id=\"fed0cd5\" data-element_type=\"widget\" data-widget_type=\"text-editor.default\">\n\t\t\t\t<div class=\"elementor-widget-container\">\n\t\t\t<style>\/*! elementor - v3.17.0 - 08-11-2023 *\/\n.elementor-widget-text-editor.elementor-drop-cap-view-stacked .elementor-drop-cap{background-color:#69727d;color:#fff}.elementor-widget-text-editor.elementor-drop-cap-view-framed .elementor-drop-cap{color:#69727d;border:3px solid;background-color:transparent}.elementor-widget-text-editor:not(.elementor-drop-cap-view-default) .elementor-drop-cap{margin-top:8px}.elementor-widget-text-editor:not(.elementor-drop-cap-view-default) .elementor-drop-cap-letter{width:1em;height:1em}.elementor-widget-text-editor .elementor-drop-cap{float:left;text-align:center;line-height:1;font-size:50px}.elementor-widget-text-editor .elementor-drop-cap-letter{display:inline-block}<\/style>\t\t\t\t<h2> <\/h2>\n<h2>Pr\u00e9-inscri\u00e7\u00e3o para o jardim de inf\u00e2ncia<\/h2>\n<p><span style=\"font-weight: 400;\">Bem-vindo ao jardim de inf\u00e2ncia!  <\/span><\/p>\n<p><span style=\"font-weight: 400;\">As crian\u00e7as que ingressarem no jardim de inf\u00e2ncia para o ano letivo de 2025-2026 dever\u00e3o completar <strong>5 anos de idade em 1\u00ba de setembro de 2025 ou antes,<\/strong> e estar\u00e3o qualificadas para ingressar no jardim de inf\u00e2ncia em agosto daquele ano letivo. Voc\u00ea pode iniciar o processo de inscri\u00e7\u00e3o abaixo.   <\/span><\/p>\n<ul>\n<li style=\"font-weight: 400;\" aria-level=\"1\"><span style=\"font-weight: 400;\">Informa\u00e7\u00f5es de registro e lembretes ser\u00e3o enviados por e-mail a partir de noreplyk@fpsct.org<\/span><\/li>\n<li style=\"font-weight: 400;\" aria-level=\"1\"><span style=\"font-weight: 400;\">Para garantir que nossos e-mails n\u00e3o sejam redirecionados para SPAM, recomendamos que voc\u00ea adicione nosso e-mail aos seus contatos.<\/span><\/li>\n<li style=\"font-weight: 400;\" aria-level=\"1\"><span style=\"font-weight: 400;\">Voc\u00ea pode verificar qual escola seu filho frequentar\u00e1 usando nosso mapa interativo, <a href=\"https:\/\/storymaps.arcgis.com\/stories\/e92526687b144f58b824092bd4342870\" target=\"_blank\" rel=\"noopener\">clique <\/a><\/span>aqui<span style=\"font-weight: 400;\">. <\/span> <\/li>\n<li style=\"font-weight: 400;\" aria-level=\"1\"><span style=\"font-weight: 400;\">Os alunos atuais do Pre-K ainda precisam preencher um formul\u00e1rio on-line.<\/span><\/li>\n<\/ul>\n<p><span style=\"font-weight: 400;\">Crian\u00e7as nascidas entre 2\/9\/2020 e 31\/12\/2021 podem ser admitidas no jardim de inf\u00e2ncia apenas por exce\u00e7\u00e3o. <\/span><a href=\"https:\/\/docs.google.com\/document\/d\/1WKZ2TzyxUuOSwdjN76GaBhR0MjZ7Gzcv19-MyOOKTl0\/edit?tab=t.0\"><span style=\"font-weight: 400;\">Consulte este Q and A para obter mais informa\u00e7\u00f5es<\/span><\/a><span style=\"font-weight: 400;\">. <\/span> <\/p>\n<p><span style=\"font-weight: 400;\">Depois de se inscrever no jardim de inf\u00e2ncia, voc\u00ea ser\u00e1 convidado a participar do nosso programa Good Start na escola de ensino fundamental que seu filho frequentar\u00e1. Essa \u00e9 uma \u00f3tima maneira de voc\u00ea conhecer o diretor, os professores e outros membros do corpo docente que apoiar\u00e3o sua jornada na escola prim\u00e1ria. Estamos ansiosos para conhec\u00ea-lo e conhecer voc\u00ea e sua fam\u00edlia no in\u00edcio desse cap\u00edtulo emocionante da vida de seu filho.    <\/span><\/p>\n<h6><strong>Use o <a href=\"https:\/\/arcg.is\/1mjan0\" target=\"_blank\" rel=\"noopener\">mapa interativo<\/a> para ver os novos limites da escola para o ano letivo de 2025-2026<\/strong><\/h6>\n\t\t\t\t\t\t<\/div>\n\t\t\t\t<\/div>\n\t\t\t\t<div class=\"elementor-element elementor-element-99812db elementor-mobile-align-center elementor-align-center elementor-widget elementor-widget-button\" data-id=\"99812db\" data-element_type=\"widget\" data-widget_type=\"button.default\">\n\t\t\t\t<div class=\"elementor-widget-container\">\n\t\t\t\t\t<div class=\"elementor-button-wrapper\">\n\t\t\t<a class=\"elementor-button elementor-button-link elementor-size-sm\" href=\"https:\/\/registration.powerschool.com\/family\/gosnap.aspx?action=42032&#038;culture=en\" target=\"new\">\n\t\t\t\t\t\t<span class=\"elementor-button-content-wrapper\">\n\t\t\t\t\t\t<span class=\"elementor-button-text\">Clique aqui para iniciar o processo de registro on-line para 2025-2026<\/span>\n\t\t<\/span>\n\t\t\t\t\t<\/a>\n\t\t<\/div>\n\t\t\t\t<\/div>\n\t\t\t\t<\/div>\n\t\t\t\t<div class=\"elementor-element elementor-element-eb9f3ab elementor-widget elementor-widget-text-editor\" data-id=\"eb9f3ab\" data-element_type=\"widget\" data-widget_type=\"text-editor.default\">\n\t\t\t\t<div class=\"elementor-widget-container\">\n\t\t\t\t\t\t\t<p>O distrito de Farmington Public School utiliza intensamente a comunica\u00e7\u00e3o eletr\u00f4nica com os pais\/respons\u00e1veis. \u00c9 altamente recomend\u00e1vel que cada pai\/respons\u00e1vel tenha um endere\u00e7o de e-mail para comunica\u00e7\u00e3o. O e-mail gratuito est\u00e1 dispon\u00edvel em: <a href=\"http:\/\/gmail.com\" target=\"_blank\" rel=\"noopener\">https:\/\/gmail.com.<\/a> Suas informa\u00e7\u00f5es de e-mail s\u00e3o mantidas em sigilo.<\/p>\n\t\t\t\t\t\t<\/div>\n\t\t\t\t<\/div>\n\t\t\t\t<div class=\"elementor-element elementor-element-78741e6 elementor-widget elementor-widget-text-editor\" data-id=\"78741e6\" data-element_type=\"widget\" data-widget_type=\"text-editor.default\">\n\t\t\t\t<div class=\"elementor-widget-container\">\n\t\t\t\t\t\t\t<p><b>Boas datas de in\u00edcio:<\/b><\/p>\n<ul>\n<li><span style=\"font-weight: 400;\">Quarta-feira, 5 de mar\u00e7o de 2025 &#8211; das 18:00 \u00e0s 19:00 horas<\/span><\/li>\n<li><span style=\"font-weight: 400;\">Quarta-feira, 9 de abril de 2025 &#8211; das 18:00 \u00e0s 19:00 horas<\/span><\/li>\n<li><span style=\"font-weight: 400;\">Maio de 2025 Evento\/Orienta\u00e7\u00e3o do playground &#8211; TBD<\/span><\/li>\n<\/ul>\n\t\t\t\t\t\t<\/div>\n\t\t\t\t<\/div>\n\t\t\t\t\t<\/div>\n\t\t<\/div>\n\t\t\t\t\t\t\t<\/div>\n\t\t<\/section>\n\t\t\t\t\t\t\t<\/div>\n\t\t","protected":false},"excerpt":{"rendered":"<p>Pr\u00e9-inscri\u00e7\u00e3o no jardim de inf\u00e2ncia para o ano letivo de 2025-2026 Pr\u00e9-inscri\u00e7\u00e3o para o jardim de inf\u00e2ncia Bem-vindo ao jardim de inf\u00e2ncia! As crian\u00e7as que ingressarem no jardim de inf\u00e2ncia para o ano letivo de 2025-2026 dever\u00e3o completar 5 anos de idade em 1\u00ba de setembro de 2025 ou antes, e estar\u00e3o qualificadas para ingressar [&hellip;]<\/p>\n","protected":false},"author":3,"featured_media":0,"parent":15530,"menu_order":0,"comment_status":"closed","ping_status":"closed","template":"","meta":{"_acf_changed":false,"footnotes":""},"class_list":["post-36093","page","type-page","status-publish","hentry"],"acf":[],"_links":{"self":[{"href":"https:\/\/fpsct.org\/pt-br\/wp-json\/wp\/v2\/pages\/36093","targetHints":{"allow":["GET"]}}],"collection":[{"href":"https:\/\/fpsct.org\/pt-br\/wp-json\/wp\/v2\/pages"}],"about":[{"href":"https:\/\/fpsct.org\/pt-br\/wp-json\/wp\/v2\/types\/page"}],"author":[{"embeddable":true,"href":"https:\/\/fpsct.org\/pt-br\/wp-json\/wp\/v2\/users\/3"}],"replies":[{"embeddable":true,"href":"https:\/\/fpsct.org\/pt-br\/wp-json\/wp\/v2\/comments?post=36093"}],"version-history":[{"count":0,"href":"https:\/\/fpsct.org\/pt-br\/wp-json\/wp\/v2\/pages\/36093\/revisions"}],"up":[{"embeddable":true,"href":"https:\/\/fpsct.org\/pt-br\/wp-json\/wp\/v2\/pages\/15530"}],"wp:attachment":[{"href":"https:\/\/fpsct.org\/pt-br\/wp-json\/wp\/v2\/media?parent=36093"}],"curies":[{"name":"wp","href":"https:\/\/api.w.org\/{rel}","templated":true}]}}