
{"id":16250,"date":"2023-06-09T17:46:04","date_gmt":"2023-06-09T21:46:04","guid":{"rendered":"https:\/\/fpsct.org\/sobre\/arquivo-de-gravacoes-de-video-do-boe\/"},"modified":"2024-06-24T12:24:20","modified_gmt":"2024-06-24T16:24:20","slug":"arquivo-de-gravacoes-de-video-do-boe","status":"publish","type":"page","link":"https:\/\/fpsct.org\/pt-br\/sobre\/arquivo-de-gravacoes-de-video-do-boe\/","title":{"rendered":"Arquivo de grava\u00e7\u00f5es de v\u00eddeo do BOE"},"content":{"rendered":"\t\t<div data-elementor-type=\"wp-page\" data-elementor-id=\"16250\" class=\"elementor elementor-16250 elementor-634\" data-elementor-post-type=\"page\">\n\t\t\t\t\t\t\t\t\t<section data-particle_enable=\"false\" data-particle-mobile-disabled=\"false\" class=\"elementor-section elementor-top-section elementor-element elementor-element-1ff6a6e elementor-section-content-middle elementor-reverse-mobile elementor-section-boxed elementor-section-height-default elementor-section-height-default\" data-id=\"1ff6a6e\" data-element_type=\"section\" data-settings=\"{&quot;background_background&quot;:&quot;classic&quot;}\">\n\t\t\t\t\t\t<div class=\"elementor-container elementor-column-gap-no\">\n\t\t\t\t\t<div class=\"elementor-column elementor-col-100 elementor-top-column elementor-element elementor-element-da1223b\" data-id=\"da1223b\" data-element_type=\"column\">\n\t\t\t<div class=\"elementor-widget-wrap elementor-element-populated\">\n\t\t\t\t\t\t\t\t<div class=\"elementor-element elementor-element-788d017 elementor-widget elementor-widget-heading\" data-id=\"788d017\" data-element_type=\"widget\" data-widget_type=\"heading.default\">\n\t\t\t\t<div class=\"elementor-widget-container\">\n\t\t\t<style>\/*! elementor - v3.17.0 - 08-11-2023 *\/\n.elementor-heading-title{padding:0;margin:0;line-height:1}.elementor-widget-heading .elementor-heading-title[class*=elementor-size-]>a{color:inherit;font-size:inherit;line-height:inherit}.elementor-widget-heading .elementor-heading-title.elementor-size-small{font-size:15px}.elementor-widget-heading .elementor-heading-title.elementor-size-medium{font-size:19px}.elementor-widget-heading .elementor-heading-title.elementor-size-large{font-size:29px}.elementor-widget-heading .elementor-heading-title.elementor-size-xl{font-size:39px}.elementor-widget-heading .elementor-heading-title.elementor-size-xxl{font-size:59px}<\/style><h1 class=\"elementor-heading-title elementor-size-default\">Arquivo de grava\u00e7\u00f5es de v\u00eddeo do BOE<\/h1>\t\t<\/div>\n\t\t\t\t<\/div>\n\t\t\t\t\t<\/div>\n\t\t<\/div>\n\t\t\t\t\t\t\t<\/div>\n\t\t<\/section>\n\t\t\t\t<section data-particle_enable=\"false\" data-particle-mobile-disabled=\"false\" class=\"elementor-section elementor-top-section elementor-element elementor-element-e8fd989 elementor-section-boxed elementor-section-height-default elementor-section-height-default\" data-id=\"e8fd989\" data-element_type=\"section\">\n\t\t\t\t\t\t<div class=\"elementor-container elementor-column-gap-default\">\n\t\t\t\t\t<div class=\"elementor-column elementor-col-100 elementor-top-column elementor-element elementor-element-5723c76\" data-id=\"5723c76\" data-element_type=\"column\">\n\t\t\t<div class=\"elementor-widget-wrap elementor-element-populated\">\n\t\t\t\t\t\t\t\t<div class=\"elementor-element elementor-element-3a7f27d elementor-widget elementor-widget-text-editor\" data-id=\"3a7f27d\" data-element_type=\"widget\" data-widget_type=\"text-editor.default\">\n\t\t\t\t<div class=\"elementor-widget-container\">\n\t\t\t<style>\/*! elementor - v3.17.0 - 08-11-2023 *\/\n.elementor-widget-text-editor.elementor-drop-cap-view-stacked .elementor-drop-cap{background-color:#69727d;color:#fff}.elementor-widget-text-editor.elementor-drop-cap-view-framed .elementor-drop-cap{color:#69727d;border:3px solid;background-color:transparent}.elementor-widget-text-editor:not(.elementor-drop-cap-view-default) .elementor-drop-cap{margin-top:8px}.elementor-widget-text-editor:not(.elementor-drop-cap-view-default) .elementor-drop-cap-letter{width:1em;height:1em}.elementor-widget-text-editor .elementor-drop-cap{float:left;text-align:center;line-height:1;font-size:50px}.elementor-widget-text-editor .elementor-drop-cap-letter{display:inline-block}<\/style>\t\t\t\t<ul>\n<li><a href=\"https:\/\/www.wevideo.com\/view\/1802234089\" target=\"_blank\" rel=\"noopener\">Reuni\u00e3o extraordin\u00e1ria de 19 de agosto de 2020<\/a><\/li>\n<li>21 de setembro de 2020 Reuni\u00e3o Ordin\u00e1ria\n<ul>\n<li><a href=\"https:\/\/www.wevideo.com\/view\/1857781938\" target=\"_blank\" rel=\"noopener\">Parte 1<\/a><\/li>\n<li><a href=\"https:\/\/www.wevideo.com\/view\/1857779317\" target=\"_blank\" rel=\"noopener\">Parte 2<\/a><\/li>\n<\/ul>\n<\/li>\n<li><a href=\"https:\/\/www.wevideo.com\/view\/1908648039\" target=\"_blank\" rel=\"noopener\">19 de outubro de 2020 &#8211; Reuni\u00e3o Ordin\u00e1ria<\/a><\/li>\n<li>16 de novembro de 2020 Reuni\u00e3o Ordin\u00e1ria\n<ul>\n<li><a href=\"https:\/\/www.wevideo.com\/view\/1956065812\" target=\"_blank\" rel=\"noopener\">Parte 1<\/a><em>(Devido a uma dificuldade t\u00e9cnica, a grava\u00e7\u00e3o \u00e9 retomada durante a aprova\u00e7\u00e3o da ata, antes do coment\u00e1rio do p\u00fablico<\/em>)<\/li>\n<li><a href=\"https:\/\/www.wevideo.com\/view\/1956082973\" target=\"_blank\" rel=\"noopener\">Parte 2<\/a><\/li>\n<\/ul>\n<\/li>\n<li>Reuni\u00e3o Ordin\u00e1ria de 7 de dezembro de 2020\n<ul>\n<li><a href=\"https:\/\/www.wevideo.com\/view\/1964664590\" target=\"_blank\" rel=\"noopener\">Parte 1<\/a><\/li>\n<li><a href=\"https:\/\/www.wevideo.com\/view\/1964669044\" target=\"_blank\" rel=\"noopener\">Parte 2<\/a><\/li>\n<\/ul>\n<\/li>\n<li>11 de janeiro de 2021\n<ul>\n<li><a href=\"https:\/\/www.wevideo.com\/view\/2014762265\" target=\"_blank\" rel=\"noopener\">Parte 1<\/a><\/li>\n<li><a href=\"https:\/\/www.wevideo.com\/view\/2014770125\" target=\"_blank\" rel=\"noopener\">Parte 2<\/a><\/li>\n<\/ul>\n<\/li>\n<li>25 de janeiro de 2021\n<ul>\n<li><a href=\"https:\/\/www.wevideo.com\/view\/2033157207\" target=\"_blank\" rel=\"noopener\">Parte 1<\/a><\/li>\n<li><a href=\"https:\/\/www.wevideo.com\/view\/2033161281\" target=\"_blank\" rel=\"noopener\">Parte 2<\/a><\/li>\n<\/ul>\n<\/li>\n<li>6 de fevereiro de 2021 &#8211; Workshop sobre or\u00e7amento\n<ul>\n<li><a href=\"https:\/\/www.wevideo.com\/view\/2042035092\" target=\"_blank\" rel=\"noopener\">Parte 1<\/a><\/li>\n<li><a href=\"https:\/\/www.wevideo.com\/view\/2042076424\" target=\"_blank\" rel=\"noopener\">Parte 2<\/a><\/li>\n<\/ul>\n<\/li>\n<li>22 de mar\u00e7o de 2021\n<ul>\n<li><a href=\"https:\/\/www.wevideo.com\/view\/2111940238\" target=\"_blank\" rel=\"noopener\">Parte 1<\/a><\/li>\n<li><a href=\"https:\/\/www.wevideo.com\/view\/2111948758\" target=\"_blank\" rel=\"noopener\">Parte 2<\/a><\/li>\n<li><a href=\"https:\/\/www.wevideo.com\/view\/2111961011\" target=\"_blank\" rel=\"noopener\">Parte 3<\/a><\/li>\n<\/ul>\n<\/li>\n<li><a href=\"https:\/\/www.wevideo.com\/view\/2168625365\" target=\"_blank\" rel=\"noopener\">6 de abril de 2021<\/a><\/li>\n<li><a href=\"https:\/\/www.wevideo.com\/view\/2168630283\" target=\"_blank\" rel=\"noopener\">3 de maio de 2021<\/a><\/li>\n<li><a href=\"https:\/\/www.wevideo.com\/view\/2235551219\" target=\"_blank\" rel=\"noopener\">17 de maio de 2021<\/a><\/li>\n<li><a href=\"https:\/\/www.wevideo.com\/view\/2235416622\" target=\"_blank\" rel=\"noopener\">27 de maio de 2021 &#8211; Reuni\u00e3o extraordin\u00e1ria<\/a><\/li>\n<li>7 de junho de 2021\n<ul>\n<li><a href=\"https:\/\/www.wevideo.com\/view\/2235439396\" target=\"_blank\" rel=\"noopener\">Parte 1<\/a><\/li>\n<li><a href=\"https:\/\/www.wevideo.com\/view\/2235440687\" target=\"_blank\" rel=\"noopener\">Parte 2<\/a><\/li>\n<\/ul>\n<\/li>\n<li>14 de junho de 2021 &#8211; Reuni\u00e3o extraordin\u00e1ria<\/li>\n<li>20 de setembro de 2021 &#8211; Reuni\u00e3o ordin\u00e1ria\n<ul>\n<li><a href=\"https:\/\/www.wevideo.com\/view\/2379412784\" target=\"_blank\" rel=\"noopener\">Parte 1<\/a><\/li>\n<li><a href=\"https:\/\/www.wevideo.com\/view\/2379496587\" target=\"_blank\" rel=\"noopener\">Parte 2<\/a><\/li>\n<\/ul>\n<\/li>\n<li>18 de outubro de 2021 &#8211; Reuni\u00e3o Ordin\u00e1ria\n<ul>\n<li><a href=\"https:\/\/www.wevideo.com\/view\/2413891860\" target=\"_blank\" rel=\"noopener\">Parte 1<\/a><\/li>\n<li><a href=\"https:\/\/www.wevideo.com\/view\/2414035134\" target=\"_blank\" rel=\"noopener\">Parte 2<\/a><\/li>\n<li><a href=\"https:\/\/www.wevideo.com\/view\/2414075243\" target=\"_blank\" rel=\"noopener\">Parte 3<\/a><\/li>\n<\/ul>\n<\/li>\n<li><a href=\"https:\/\/youtu.be\/uxABgEwiY58\" target=\"_blank\" rel=\"noopener\">15 de novembro de 2021<\/a> &#8211; Reuni\u00e3o Ordin\u00e1ria<\/li>\n<li><a href=\"https:\/\/youtu.be\/fYHrpeb7LxE\" target=\"_blank\" rel=\"noopener\">6 de dezembro de 2021<\/a> &#8211; Reuni\u00e3o Ordin\u00e1ria<\/li>\n<li><a href=\"https:\/\/youtu.be\/PKlLU8z3y4w\" target=\"_blank\" rel=\"noopener\">10 de janeiro de 2022 &#8211; Reuni\u00e3o Ordin\u00e1ria<\/a><\/li>\n<li><a href=\"https:\/\/youtu.be\/VXoOcjzTC88\" target=\"_blank\" rel=\"noopener\">24 de janeiro de 2022 &#8211; Reuni\u00e3o Ordin\u00e1ria<\/a><\/li>\n<li><a href=\"https:\/\/youtu.be\/_Q5-MJJa5jA\" target=\"_blank\" rel=\"noopener\">5 de fevereiro de 2022 &#8211; Workshop sobre or\u00e7amento<\/a><\/li>\n<li><a href=\"https:\/\/youtu.be\/gdfnFRoMnFI\" target=\"_blank\" rel=\"noopener\">21 de mar\u00e7o de 2022 &#8211; Reuni\u00e3o Ordin\u00e1ria<\/a><\/li>\n<li><a href=\"https:\/\/youtu.be\/Upj7o3CGYv4\" target=\"_blank\" rel=\"noopener\">4 de abril de 2022 &#8211; Reuni\u00e3o Ordin\u00e1ria<\/a><\/li>\n<li><a href=\"https:\/\/youtu.be\/EacbCTKj4-Y\" target=\"_blank\" rel=\"noopener\">16 de maio de 2022 &#8211; Reuni\u00e3o Ordin\u00e1ria<\/a><\/li>\n<li><a title=\"BOE 6\/6\/22\" href=\"https:\/\/youtu.be\/V76netOeHCQ\" target=\"_blank\" rel=\"noopener\">6 de junho de 2022 &#8211; Reuni\u00f5es extraordin\u00e1rias e ordin\u00e1rias<\/a><\/li>\n<li><a href=\"https:\/\/youtu.be\/-Vdu8kkfz3c\" target=\"_blank\" rel=\"noopener\">20 de julho de 2022 &#8211; Reuni\u00e3o extraordin\u00e1ria<\/a><\/li>\n<li>27 de julho de 2022 &#8211; Reuni\u00e3o extraordin\u00e1ria\n<ul>\n<li><a href=\"https:\/\/youtu.be\/zZBOi8zAIdM\" target=\"_blank\" rel=\"noopener\">Parte 1<\/a><\/li>\n<li><a href=\"https:\/\/youtu.be\/6huWcWyX8Ug\" target=\"_blank\" rel=\"noopener\">Parte 2<\/a><\/li>\n<\/ul>\n<\/li>\n<li>16 de agosto de 2022 &#8211; Reuni\u00e3o extraordin\u00e1ria\n<ul>\n<li><a href=\"https:\/\/youtu.be\/Fii01kY1jK4\" target=\"_blank\" rel=\"noopener\">Parte 1<\/a><\/li>\n<li><a href=\"https:\/\/youtu.be\/-CEWS3rZhXY\" target=\"_blank\" rel=\"noopener\">Parte 2<\/a><\/li>\n<\/ul>\n<\/li>\n<li><a href=\"https:\/\/youtu.be\/xv9y0IYJWy4\" target=\"_blank\" rel=\"noopener\">6 de setembro de 2022<\/a> &#8211; Reuni\u00e3o extraordin\u00e1ria<\/li>\n<li><a href=\"https:\/\/youtu.be\/ABkrmf5xJT4\" target=\"_blank\" rel=\"noopener\">19 de setembro de 2022<\/a> &#8211; Reuni\u00e3o Ordin\u00e1ria<\/li>\n<li><a href=\"https:\/\/youtu.be\/QrxSo8ls5gc\" target=\"_blank\" rel=\"noopener\">17 de outubro de 2022 <\/a>&#8211; Reuni\u00e3o Ordin\u00e1ria<\/li>\n<li><a href=\"https:\/\/youtu.be\/3nrAvRBdoPA\" target=\"_blank\" rel=\"noopener\">14 de novembro de 2022<\/a> &#8211; Reuni\u00e3o Ordin\u00e1ria<\/li>\n<li><a href=\"https:\/\/youtu.be\/pKpdUBnsl8U\" target=\"_blank\" rel=\"noopener\">5 de dezembro de 2022<\/a> &#8211; Reuni\u00e3o Ordin\u00e1ria<\/li>\n<li><a href=\"https:\/\/www.youtube.com\/watch?v=RcqHYX8NSJ8\" target=\"_blank\" rel=\"noopener\">4 de fevereiro de 2023<\/a> &#8211; Workshop sobre or\u00e7amento<\/li>\n<li><a href=\"https:\/\/www.youtube.com\/embed\/RqRvha6vYrw\" target=\"_blank\" rel=\"noopener\">6 de fevereiro de 2023<\/a> &#8211; Reuni\u00f5es extraordin\u00e1rias e ordin\u00e1rias<\/li>\n<li><a href=\"https:\/\/youtube.com\/live\/TFgD4uhHKHA?feature=share\" target=\"_blank\" rel=\"noopener\">7 de mar\u00e7o de 2023<\/a> &#8211; Reuni\u00e3o especial<\/li>\n<li><a href=\"https:\/\/youtube.com\/live\/EbHa1yS-4Lw?feature=share\" target=\"_blank\" rel=\"noopener\">20 de mar\u00e7o de 2023<\/a> &#8211; Reuni\u00e3o Ordin\u00e1ria<\/li>\n<li><a href=\"https:\/\/youtube.com\/live\/E5_vbbdBEc8?feature=share\" target=\"_blank\" rel=\"noopener\">4 de abril de 2023<\/a> &#8211; Reuni\u00e3o especial<\/li>\n<li><a href=\"https:\/\/youtube.com\/live\/f_vg4bpbzW4?feature=share\" target=\"_blank\" rel=\"noopener\">1\u00ba de maio de 2023<\/a> &#8211; Reuni\u00e3o ordin\u00e1ria  <\/li>\n<li><a href=\"https:\/\/youtube.com\/live\/btVfvlpbKVA?feature=share\" target=\"_blank\" rel=\"noopener\">15 de maio de 2023<\/a> &#8211; Reuni\u00e3o ordin\u00e1ria<\/li>\n<li><a href=\"https:\/\/youtube.com\/live\/VShGmXDstKA?feature=share\" target=\"_blank\" rel=\"noopener\">5 de junho de 2023<\/a> &#8211; Reuni\u00f5es extraordin\u00e1rias e ordin\u00e1rias<\/li>\n<li><a href=\"https:\/\/drive.google.com\/file\/d\/14O8WIyaQ78ptp4MnsDBze8Zm_EwBF5Q3\/view?usp=sharing\" target=\"_blank\" rel=\"noopener\">24 de julho de 2023<\/a> &#8211; Reuni\u00e3o extraordin\u00e1ria<\/li>\n<li> <\/li>\n<\/ul>\n\t\t\t\t\t\t<\/div>\n\t\t\t\t<\/div>\n\t\t\t\t\t<\/div>\n\t\t<\/div>\n\t\t\t\t\t\t\t<\/div>\n\t\t<\/section>\n\t\t\t\t\t\t\t<\/div>\n\t\t","protected":false},"excerpt":{"rendered":"<p>Arquivo de grava\u00e7\u00f5es de v\u00eddeo do BOE Reuni\u00e3o extraordin\u00e1ria de 19 de agosto de 2020 21 de setembro de 2020 Reuni\u00e3o Ordin\u00e1ria Parte 1 Parte 2 19 de outubro de 2020 &#8211; Reuni\u00e3o Ordin\u00e1ria 16 de novembro de 2020 Reuni\u00e3o Ordin\u00e1ria Parte 1(Devido a uma dificuldade t\u00e9cnica, a grava\u00e7\u00e3o \u00e9 retomada durante a aprova\u00e7\u00e3o da [&hellip;]<\/p>\n","protected":false},"author":1,"featured_media":0,"parent":15394,"menu_order":0,"comment_status":"closed","ping_status":"closed","template":"","meta":{"_acf_changed":false,"footnotes":""},"class_list":["post-16250","page","type-page","status-publish","hentry"],"acf":[],"_links":{"self":[{"href":"https:\/\/fpsct.org\/pt-br\/wp-json\/wp\/v2\/pages\/16250","targetHints":{"allow":["GET"]}}],"collection":[{"href":"https:\/\/fpsct.org\/pt-br\/wp-json\/wp\/v2\/pages"}],"about":[{"href":"https:\/\/fpsct.org\/pt-br\/wp-json\/wp\/v2\/types\/page"}],"author":[{"embeddable":true,"href":"https:\/\/fpsct.org\/pt-br\/wp-json\/wp\/v2\/users\/1"}],"replies":[{"embeddable":true,"href":"https:\/\/fpsct.org\/pt-br\/wp-json\/wp\/v2\/comments?post=16250"}],"version-history":[{"count":0,"href":"https:\/\/fpsct.org\/pt-br\/wp-json\/wp\/v2\/pages\/16250\/revisions"}],"up":[{"embeddable":true,"href":"https:\/\/fpsct.org\/pt-br\/wp-json\/wp\/v2\/pages\/15394"}],"wp:attachment":[{"href":"https:\/\/fpsct.org\/pt-br\/wp-json\/wp\/v2\/media?parent=16250"}],"curies":[{"name":"wp","href":"https:\/\/api.w.org\/{rel}","templated":true}]}}