
{"id":15517,"date":"2023-05-30T15:46:00","date_gmt":"2023-05-30T19:46:00","guid":{"rendered":"https:\/\/fpsct.org\/sobre\/informacoes-sobre-saude\/"},"modified":"2024-06-24T12:13:56","modified_gmt":"2024-06-24T16:13:56","slug":"informacoes-sobre-saude","status":"publish","type":"page","link":"https:\/\/fpsct.org\/pt-br\/sobre\/informacoes-sobre-saude\/","title":{"rendered":"Informa\u00e7\u00f5es sobre sa\u00fade"},"content":{"rendered":"\t\t<div data-elementor-type=\"wp-page\" data-elementor-id=\"15517\" class=\"elementor elementor-15517\" data-elementor-post-type=\"page\">\n\t\t\t\t\t\t\t\t\t<section data-particle_enable=\"false\" data-particle-mobile-disabled=\"false\" class=\"elementor-section elementor-top-section elementor-element elementor-element-5601934 elementor-section-content-middle elementor-reverse-mobile elementor-section-boxed elementor-section-height-default elementor-section-height-default\" data-id=\"5601934\" data-element_type=\"section\" data-settings=\"{&quot;background_background&quot;:&quot;classic&quot;}\">\n\t\t\t\t\t\t<div class=\"elementor-container elementor-column-gap-no\">\n\t\t\t\t\t<div class=\"elementor-column elementor-col-100 elementor-top-column elementor-element elementor-element-07c9cd5\" data-id=\"07c9cd5\" data-element_type=\"column\">\n\t\t\t<div class=\"elementor-widget-wrap elementor-element-populated\">\n\t\t\t\t\t\t\t\t<div class=\"elementor-element elementor-element-cc0dc73 elementor-widget elementor-widget-heading\" data-id=\"cc0dc73\" data-element_type=\"widget\" data-widget_type=\"heading.default\">\n\t\t\t\t<div class=\"elementor-widget-container\">\n\t\t\t<style>\/*! elementor - v3.17.0 - 08-11-2023 *\/\n.elementor-heading-title{padding:0;margin:0;line-height:1}.elementor-widget-heading .elementor-heading-title[class*=elementor-size-]>a{color:inherit;font-size:inherit;line-height:inherit}.elementor-widget-heading .elementor-heading-title.elementor-size-small{font-size:15px}.elementor-widget-heading .elementor-heading-title.elementor-size-medium{font-size:19px}.elementor-widget-heading .elementor-heading-title.elementor-size-large{font-size:29px}.elementor-widget-heading .elementor-heading-title.elementor-size-xl{font-size:39px}.elementor-widget-heading .elementor-heading-title.elementor-size-xxl{font-size:59px}<\/style><h1 class=\"elementor-heading-title elementor-size-default\">Informa\u00e7\u00f5es sobre sa\u00fade<\/h1>\t\t<\/div>\n\t\t\t\t<\/div>\n\t\t\t\t\t<\/div>\n\t\t<\/div>\n\t\t\t\t\t\t\t<\/div>\n\t\t<\/section>\n\t\t\t\t<section data-particle_enable=\"false\" data-particle-mobile-disabled=\"false\" class=\"elementor-section elementor-top-section elementor-element elementor-element-143cb59 elementor-section-boxed elementor-section-height-default elementor-section-height-default\" data-id=\"143cb59\" data-element_type=\"section\">\n\t\t\t\t\t\t<div class=\"elementor-container elementor-column-gap-default\">\n\t\t\t\t\t<div class=\"elementor-column elementor-col-33 elementor-top-column elementor-element elementor-element-86f508d\" data-id=\"86f508d\" data-element_type=\"column\">\n\t\t\t<div class=\"elementor-widget-wrap elementor-element-populated\">\n\t\t\t\t\t\t\t\t<div class=\"elementor-element elementor-element-0a9b193 elementor-widget elementor-widget-shortcode\" data-id=\"0a9b193\" data-element_type=\"widget\" data-settings=\"{&quot;sticky&quot;:&quot;top&quot;,&quot;sticky_on&quot;:[&quot;tablet&quot;,&quot;mobile&quot;],&quot;sticky_offset&quot;:0,&quot;sticky_effects_offset&quot;:0}\" data-widget_type=\"shortcode.default\">\n\t\t\t\t<div class=\"elementor-widget-container\">\n\t\t\t\t\t<div class=\"elementor-shortcode\"><div id=\"mega-menu-wrap-max_mega_menu_1\" class=\"mega-menu-wrap\"><div class=\"mega-menu-toggle\"><div class=\"mega-toggle-blocks-left\"><div class='mega-toggle-block mega-html-block mega-toggle-block-1' id='mega-toggle-block-1'><p style=\"color:white; font-size:18px; font-weight: bold; padding-left:15px\">IN THIS SECTION<\/p><\/span><\/div><\/div><div class=\"mega-toggle-blocks-center\"><\/div><div class=\"mega-toggle-blocks-right\"><div class='mega-toggle-block mega-menu-toggle-block mega-toggle-block-2' id='mega-toggle-block-2' tabindex='0'><span class='mega-toggle-label' role='button' aria-expanded='false'><span class='mega-toggle-label-closed'><\/span><span class='mega-toggle-label-open'><\/span><\/span><\/div><\/div><\/div><ul id=\"mega-menu-max_mega_menu_1\" class=\"mega-menu max-mega-menu mega-menu-accordion mega-no-js\" data-event=\"click\" data-effect=\"fade_up\" data-effect-speed=\"200\" data-effect-mobile=\"disabled\" data-effect-speed-mobile=\"0\" data-mobile-force-width=\"false\" data-second-click=\"go\" data-document-click=\"disabled\" data-vertical-behaviour=\"standard\" data-breakpoint=\"1024\" data-unbind=\"true\" data-mobile-state=\"collapse_all\" data-hover-intent-timeout=\"300\" data-hover-intent-interval=\"100\"><li class='mega-menu-item mega-menu-item-type-custom mega-menu-item-object-custom mega-menu-item-has-children mega-align-bottom-left mega-menu-flyout mega-menu-item-389' id='mega-menu-item-389'><a class=\"mega-menu-link\" aria-haspopup=\"true\" aria-expanded=\"false\" tabindex=\"0\">About FPS<span class=\"mega-indicator\"><\/span><\/a>\n<ul class=\"mega-sub-menu\">\n<li class='mega-menu-item mega-menu-item-type-post_type mega-menu-item-object-page mega-menu-item-341' id='mega-menu-item-341'><a class=\"mega-menu-link\" href=\"https:\/\/fpsct.org\/about\/who-we-are\/\">Quem somos<\/a><\/li><li class='mega-menu-item mega-menu-item-type-post_type mega-menu-item-object-page mega-menu-item-3256' id='mega-menu-item-3256'><a class=\"mega-menu-link\" href=\"https:\/\/fpsct.org\/about\/board-of-education\/\">Conselho de Educa\u00e7\u00e3o<\/a><\/li><li class='mega-menu-item mega-menu-item-type-post_type mega-menu-item-object-page mega-menu-item-333' id='mega-menu-item-333'><a class=\"mega-menu-link\" href=\"https:\/\/fpsct.org\/about\/district-calendar\/\">Calend\u00e1rio do distrito<\/a><\/li><li class='mega-menu-item mega-menu-item-type-post_type mega-menu-item-object-page mega-menu-item-367' id='mega-menu-item-367'><a class=\"mega-menu-link\" href=\"https:\/\/fpsct.org\/about\/directory\/\">Diret\u00f3rio de professores e funcion\u00e1rios<\/a><\/li><li class='mega-menu-item mega-menu-item-type-post_type mega-menu-item-object-page mega-menu-item-334' id='mega-menu-item-334'><a class=\"mega-menu-link\" href=\"https:\/\/fpsct.org\/about\/emergency-information\/\">Informa\u00e7\u00f5es de emerg\u00eancia<\/a><\/li><li class='mega-menu-item mega-menu-item-type-post_type mega-menu-item-object-page mega-menu-item-339' id='mega-menu-item-339'><a class=\"mega-menu-link\" href=\"https:\/\/fpsct.org\/about\/school-schedules\/\">Hor\u00e1rios escolares<\/a><\/li><li class='mega-menu-item mega-menu-item-type-post_type mega-menu-item-object-page mega-menu-item-340' id='mega-menu-item-340'><a class=\"mega-menu-link\" href=\"https:\/\/fpsct.org\/about\/transportation\/\">Transporte<\/a><\/li><li class='mega-menu-item mega-menu-item-type-post_type mega-menu-item-object-page mega-menu-item-336' id='mega-menu-item-336'><a class=\"mega-menu-link\" href=\"https:\/\/fpsct.org\/about\/food-nutrition\/\">Alimentos e nutri\u00e7\u00e3o<\/a><\/li><li class='mega-menu-item mega-menu-item-type-post_type mega-menu-item-object-page mega-menu-item-332' id='mega-menu-item-332'><a class=\"mega-menu-link\" href=\"https:\/\/fpsct.org\/about\/district-school-reports\/\">Relat\u00f3rios de distritos e escolas<\/a><\/li><li class='mega-menu-item mega-menu-item-type-post_type mega-menu-item-object-page mega-menu-item-338' id='mega-menu-item-338'><a class=\"mega-menu-link\" href=\"https:\/\/fpsct.org\/about\/safe-school-climate\/\">Clima escolar seguro<\/a><\/li><li class='mega-menu-item mega-menu-item-type-post_type mega-menu-item-object-page mega-menu-item-345' id='mega-menu-item-345'><a class=\"mega-menu-link\" href=\"https:\/\/fpsct.org\/about\/school-registration\/\">Registro escolar<\/a><\/li><li class='mega-menu-item mega-menu-item-type-post_type mega-menu-item-object-page mega-menu-item-594' id='mega-menu-item-594'><a class=\"mega-menu-link\" href=\"https:\/\/fpsct.org\/about\/employment-opportunities\/\">Oportunidades de emprego<\/a><\/li><\/ul>\n<\/li><li class='mega-menu-item mega-menu-item-type-custom mega-menu-item-object-custom mega-menu-item-has-children mega-align-bottom-left mega-menu-flyout mega-menu-item-250' id='mega-menu-item-250'><a class=\"mega-menu-link\" aria-haspopup=\"true\" aria-expanded=\"false\" tabindex=\"0\">Schools<span class=\"mega-indicator\"><\/span><\/a>\n<ul class=\"mega-sub-menu\">\n<li class='mega-menu-item mega-menu-item-type-post_type mega-menu-item-object-page mega-menu-item-103' id='mega-menu-item-103'><a class=\"mega-menu-link\" href=\"https:\/\/fpsct.org\/schools\/farmington-high-school\/\">Escola de Ensino M\u00e9dio de Farmington<\/a><\/li><li class='mega-menu-item mega-menu-item-type-post_type mega-menu-item-object-page mega-menu-item-104' id='mega-menu-item-104'><a class=\"mega-menu-link\" href=\"https:\/\/fpsct.org\/schools\/irving-a-robbins-middle-school\/\">Escola de Ensino M\u00e9dio Irving A. Robbins<\/a><\/li><li class='mega-menu-item mega-menu-item-type-post_type mega-menu-item-object-page mega-menu-item-99' id='mega-menu-item-99'><a class=\"mega-menu-link\" href=\"https:\/\/fpsct.org\/schools\/east-farms-elementary-school\/\">Escola de Ensino Fundamental East Farms<\/a><\/li><li class='mega-menu-item mega-menu-item-type-post_type mega-menu-item-object-page mega-menu-item-108' id='mega-menu-item-108'><a class=\"mega-menu-link\" href=\"https:\/\/fpsct.org\/schools\/west-woods-upper-elementary-school\/\">Escola de Ensino Fundamental West Woods Upper<\/a><\/li><li class='mega-menu-item mega-menu-item-type-post_type mega-menu-item-object-page mega-menu-item-100' id='mega-menu-item-100'><a class=\"mega-menu-link\" href=\"https:\/\/fpsct.org\/schools\/farmington-collaborative-preschool\/\">Pr\u00e9-escola colaborativa de Farmington<\/a><\/li><li class='mega-menu-item mega-menu-item-type-post_type mega-menu-item-object-page mega-menu-item-105' id='mega-menu-item-105'><a class=\"mega-menu-link\" href=\"https:\/\/fpsct.org\/schools\/noah-wallace-elementary-school\/\">Escola de Ensino Fundamental Noah Wallace<\/a><\/li><li class='mega-menu-item mega-menu-item-type-post_type mega-menu-item-object-page mega-menu-item-107' id='mega-menu-item-107'><a class=\"mega-menu-link\" href=\"https:\/\/fpsct.org\/schools\/west-district-elementary-school\/\">Escola de Ensino Fundamental do Distrito Oeste<\/a><\/li><li class='mega-menu-item mega-menu-item-type-post_type mega-menu-item-object-page mega-menu-item-106' id='mega-menu-item-106'><a class=\"mega-menu-link\" href=\"https:\/\/fpsct.org\/schools\/union-elementary-school\/\">Escola de Ensino Fundamental Union<\/a><\/li><\/ul>\n<\/li><li class='mega-menu-item mega-menu-item-type-custom mega-menu-item-object-custom mega-menu-item-has-children mega-align-bottom-left mega-menu-flyout mega-menu-item-388' id='mega-menu-item-388'><a class=\"mega-menu-link\" aria-haspopup=\"true\" aria-expanded=\"false\" tabindex=\"0\">District Departments<span class=\"mega-indicator\"><\/span><\/a>\n<ul class=\"mega-sub-menu\">\n<li class='mega-menu-item mega-menu-item-type-post_type mega-menu-item-object-page mega-menu-item-252' id='mega-menu-item-252'><a class=\"mega-menu-link\" href=\"https:\/\/fpsct.org\/district-departments\/office-of-the-superintendent\/\">Escrit\u00f3rio do Superintendente<\/a><\/li><li class='mega-menu-item mega-menu-item-type-post_type mega-menu-item-object-page mega-menu-item-264' id='mega-menu-item-264'><a class=\"mega-menu-link\" href=\"https:\/\/fpsct.org\/district-departments\/curriculum-instruction\/\">Curr\u00edculo e instru\u00e7\u00e3o<\/a><\/li><li class='mega-menu-item mega-menu-item-type-post_type mega-menu-item-object-page mega-menu-item-263' id='mega-menu-item-263'><a class=\"mega-menu-link\" href=\"https:\/\/fpsct.org\/district-departments\/special-services\/\">Servi\u00e7os especiais<\/a><\/li><li class='mega-menu-item mega-menu-item-type-post_type mega-menu-item-object-page mega-menu-item-262' id='mega-menu-item-262'><a class=\"mega-menu-link\" href=\"https:\/\/fpsct.org\/district-departments\/finance-operations\/\">Finan\u00e7as e opera\u00e7\u00f5es<\/a><\/li><li class='mega-menu-item mega-menu-item-type-post_type mega-menu-item-object-page mega-menu-item-261' id='mega-menu-item-261'><a class=\"mega-menu-link\" href=\"https:\/\/fpsct.org\/district-departments\/technology-services\/\">Servi\u00e7os de tecnologia<\/a><\/li><li class='mega-menu-item mega-menu-item-type-post_type mega-menu-item-object-page mega-menu-item-2431' id='mega-menu-item-2431'><a class=\"mega-menu-link\" href=\"https:\/\/fpsct.org\/district-departments\/facilities\/\">Instala\u00e7\u00f5es<\/a><\/li><li class='mega-menu-item mega-menu-item-type-post_type mega-menu-item-object-page mega-menu-item-260' id='mega-menu-item-260'><a class=\"mega-menu-link\" href=\"https:\/\/fpsct.org\/district-departments\/equity-inclusion\/\">Equidade e inclus\u00e3o<\/a><\/li><li class='mega-menu-item mega-menu-item-type-custom mega-menu-item-object-custom mega-menu-item-265' id='mega-menu-item-265'><a target=\"_blank\" class=\"mega-menu-link\" href=\"https:\/\/sites.google.com\/fpsct.org\/fpsenglishlearnerprogram\/home\">English Language Learners<\/a><\/li><li class='mega-menu-item mega-menu-item-type-post_type mega-menu-item-object-page mega-menu-item-251' id='mega-menu-item-251'><a class=\"mega-menu-link\" href=\"https:\/\/fpsct.org\/district-departments\/hr\/\">Recursos Humanos<\/a><\/li><\/ul>\n<\/li><li class='mega-menu-item mega-menu-item-type-post_type mega-menu-item-object-page mega-menu-item-has-children mega-align-bottom-left mega-menu-flyout mega-menu-item-96' id='mega-menu-item-96'><a class=\"mega-menu-link\" href=\"https:\/\/fpsct.org\/beyond-the-classroom\/\" aria-haspopup=\"true\" aria-expanded=\"false\" tabindex=\"0\">Al\u00e9m da sala de aula<span class=\"mega-indicator\"><\/span><\/a>\n<ul class=\"mega-sub-menu\">\n<li class='mega-menu-item mega-menu-item-type-post_type mega-menu-item-object-page mega-menu-item-3238' id='mega-menu-item-3238'><a class=\"mega-menu-link\" href=\"https:\/\/fpsct.org\/beyond-the-classroom\/athletics\/\">Atletismo<\/a><\/li><li class='mega-menu-item mega-menu-item-type-custom mega-menu-item-object-custom mega-menu-item-3196' id='mega-menu-item-3196'><a target=\"_blank\" class=\"mega-menu-link\" href=\"https:\/\/sites.google.com\/fpsct.org\/farmington-music\/home\">Music in Our Schools<\/a><\/li><li class='mega-menu-item mega-menu-item-type-post_type mega-menu-item-object-page mega-menu-item-596' id='mega-menu-item-596'><a class=\"mega-menu-link\" href=\"https:\/\/fpsct.org\/beyond-the-classroom\/fine-arts\/\">Artes Pl\u00e1sticas e Aplicadas<\/a><\/li><li class='mega-menu-item mega-menu-item-type-custom mega-menu-item-object-custom mega-menu-item-600' id='mega-menu-item-600'><a target=\"_blank\" class=\"mega-menu-link\" href=\"https:\/\/sites.google.com\/fpsct.org\/fhscareercenter\">School to Career<\/a><\/li><li class='mega-menu-item mega-menu-item-type-post_type mega-menu-item-object-page mega-menu-item-598' id='mega-menu-item-598'><a class=\"mega-menu-link\" href=\"https:\/\/fpsct.org\/schools\/farmington-continuing-education\/\">Educa\u00e7\u00e3o Continuada em Farmington<\/a><\/li><li class='mega-menu-item mega-menu-item-type-custom mega-menu-item-object-custom mega-menu-item-601' id='mega-menu-item-601'><a target=\"_blank\" class=\"mega-menu-link\" href=\"https:\/\/www.fpsfoundation.org\/\">Farmington Public Schools Foundation<\/a><\/li><li class='mega-menu-item mega-menu-item-type-post_type mega-menu-item-object-page mega-menu-item-599' id='mega-menu-item-599'><a class=\"mega-menu-link\" href=\"https:\/\/fpsct.org\/schools\/farmington-extended-care-and-learning-excl\/\">Assist\u00eancia estendida e aprendizado de Farmington (EXCL)<\/a><\/li><li class='mega-menu-item mega-menu-item-type-custom mega-menu-item-object-custom mega-menu-item-602' id='mega-menu-item-602'><a target=\"_blank\" class=\"mega-menu-link\" href=\"https:\/\/www.farmington-ct.org\/\">Town of Farmington<\/a><\/li><\/ul>\n<\/li><li class='mega-menu-item mega-menu-item-type-post_type mega-menu-item-object-page mega-align-bottom-left mega-menu-flyout mega-menu-item-111' id='mega-menu-item-111'><a class=\"mega-menu-link\" href=\"https:\/\/fpsct.org\/news\/\" tabindex=\"0\">Not\u00edcias<\/a><\/li><li class='mega-menu-item mega-menu-item-type-post_type mega-menu-item-object-page mega-align-bottom-left mega-menu-flyout mega-menu-item-112' id='mega-menu-item-112'><a class=\"mega-menu-link\" href=\"https:\/\/fpsct.org\/contact\/\" tabindex=\"0\">Contato<\/a><\/li><\/ul><\/div><\/div>\n\t\t\t\t<\/div>\n\t\t\t\t<\/div>\n\t\t\t\t\t<\/div>\n\t\t<\/div>\n\t\t\t\t<div class=\"elementor-column elementor-col-66 elementor-top-column elementor-element elementor-element-8701a01\" data-id=\"8701a01\" data-element_type=\"column\">\n\t\t\t<div class=\"elementor-widget-wrap elementor-element-populated\">\n\t\t\t\t\t\t\t\t<div class=\"elementor-element elementor-element-494c638 elementor-widget elementor-widget-text-editor\" data-id=\"494c638\" data-element_type=\"widget\" data-widget_type=\"text-editor.default\">\n\t\t\t\t<div class=\"elementor-widget-container\">\n\t\t\t<style>\/*! elementor - v3.17.0 - 08-11-2023 *\/\n.elementor-widget-text-editor.elementor-drop-cap-view-stacked .elementor-drop-cap{background-color:#69727d;color:#fff}.elementor-widget-text-editor.elementor-drop-cap-view-framed .elementor-drop-cap{color:#69727d;border:3px solid;background-color:transparent}.elementor-widget-text-editor:not(.elementor-drop-cap-view-default) .elementor-drop-cap{margin-top:8px}.elementor-widget-text-editor:not(.elementor-drop-cap-view-default) .elementor-drop-cap-letter{width:1em;height:1em}.elementor-widget-text-editor .elementor-drop-cap{float:left;text-align:center;line-height:1;font-size:50px}.elementor-widget-text-editor .elementor-drop-cap-letter{display:inline-block}<\/style>\t\t\t\t<h2>Exame f\u00edsico<\/h2>\n<p>Exames f\u00edsicos s\u00e3o exigidos antes da matr\u00edcula no jardim de inf\u00e2ncia e nas 6\u00aa e 10\u00aa s\u00e9ries. Ser\u00e1 solicitado aos alunos transferidos que comprovem a realiza\u00e7\u00e3o de um exame f\u00edsico antes do jardim de inf\u00e2ncia ou da 6\u00aa ou 10\u00aa s\u00e9rie antes de serem matriculados. Os exames f\u00edsicos devem incluir, no m\u00ednimo, hemat\u00f3crito ou hemoglobina, altura, peso, press\u00e3o arterial; e atualiza\u00e7\u00e3o de imuniza\u00e7\u00f5es, exames de vis\u00e3o, audi\u00e7\u00e3o, fala e odontologia geral, hist\u00f3rico de sa\u00fade e desenvolvimento, conforme apropriado.<\/p>\n<ul>\n<li><a href=\"https:\/\/fpsct.org\/wp-content\/uploads\/2023\/06\/2023-24SchoolRequirementsinsert2.pdf\" target=\"_blank\" rel=\"noopener\">Requisitos de imuniza\u00e7\u00e3o (23-24)<\/a><\/li>\n<li><a href=\"https:\/\/drive.google.com\/file\/d\/10b-WffogvJB_1yeHP6AFpQpsQtWipqb4\/view\" target=\"_blank\" rel=\"noopener\">Formul\u00e1rio de avalia\u00e7\u00e3o de sa\u00fade do estado de CT<\/a><\/li>\n<\/ul>\n<p><strong>Medicamentos<\/strong><\/p>\n<p>Em conformidade com a lei e os regulamentos do Estado de Connecticut, o Conselho de Educa\u00e7\u00e3o de Farmington exige uma autoriza\u00e7\u00e3o m\u00e9dica para que uma enfermeira administre medicamentos prescritos e n\u00e3o prescritos na escola. Os medicamentos devem estar em um recipiente preparado pela farm\u00e1cia ou no recipiente original e ser trazidos \u00e0 escola pelos pais\/respons\u00e1veis. Ele deve ser rotulado com o nome da crian\u00e7a, o nome do medicamento, a concentra\u00e7\u00e3o, a dosagem e a frequ\u00eancia, juntamente com o nome do m\u00e9dico ou dentista.<\/p>\n<p>O formul\u00e1rio de <a href=\"https:\/\/fpsct.org\/wp-content\/uploads\/2023\/06\/MedicationConsent.pdf\" target=\"_blank\" rel=\"noopener\">Autoriza\u00e7\u00e3o de Consentimento de Medica\u00e7\u00e3o<\/a> deve ser preenchido pelo m\u00e9dico ou dentista que est\u00e1 solicitando o medicamento <strong><br \/>\n  <u>e<\/u><br \/>\n<\/strong> pelos pais\/respons\u00e1veis.<\/p>\n<p>Quando uma receita for levada \u00e0 farm\u00e1cia e o medicamento for necess\u00e1rio para a escola, pe\u00e7a ao farmac\u00eautico um recipiente para a escola e outro para casa. O farmac\u00eautico fornecer\u00e1 um segundo recipiente para a administra\u00e7\u00e3o do medicamento na escola.<\/p>\n<p>Lembre-se de que todos os medicamentos devem ser levados \u00e0 escola pelos pais\/respons\u00e1veis e entregues somente \u00e0 enfermeira da escola. Ele deve ser recolhido da mesma maneira; caso contr\u00e1rio, ser\u00e1 descartado. Qualquer medicamento recebido em um recipiente n\u00e3o farmac\u00eautico n\u00e3o ser\u00e1 administrado.<\/p>\n<p>Os alunos das s\u00e9ries K-12 podem autoadministrar e portar inaladores para asma e injetores autom\u00e1ticos de epinefrina pr\u00e9-carregados para alergias diagnosticadas com risco de vida, com a devida documenta\u00e7\u00e3o fornecida pelos pais e pelo m\u00e9dico autorizado \u00e0 enfermeira da escola. Os pais devem ser respons\u00e1veis pela administra\u00e7\u00e3o de medicamentos fora do hor\u00e1rio escolar ou durante o per\u00edodo em que o aluno estiver fora do pr\u00e9dio da escola por um longo per\u00edodo de tempo.<\/p>\n<p><strong>Informa\u00e7\u00f5es gerais<\/strong><\/p>\n<p>O seguro contra acidentes estudantis \u00e9 oferecido a todos os alunos no in\u00edcio de cada ano letivo. Pode ser uma cobertura de 24 horas ou apenas uma hora de aula e \u00e9 paga pelos pais\/respons\u00e1veis. Os alunos que participam dos programas esportivos do Conselho de Educa\u00e7\u00e3o t\u00eam seguro para esportes interescolares, fornecido pelo Conselho de Educa\u00e7\u00e3o. Nossa seguradora considerar\u00e1 para pagamento os saldos n\u00e3o pagos de sua cobertura de seguro para uma les\u00e3o-acidente espec\u00edfica. Os registros de sa\u00fade s\u00e3o mantidos em arquivo por 6 anos ap\u00f3s o ano de conclus\u00e3o do ensino m\u00e9dio. As datas de imuniza\u00e7\u00e3o s\u00e3o mantidas no arquivo cumulativo educacional, que \u00e9 mantido por 50 anos ap\u00f3s a formatura. Voc\u00ea ser\u00e1 notificado pela escola se seu filho ficar doente enquanto estiver na escola. Seu n\u00famero de telefone e o n\u00famero de um vizinho pr\u00f3ximo que possa ser chamado em caso de sua aus\u00eancia devem ser fornecidos no Formul\u00e1rio de Registro do Aluno. Mantenha os n\u00fameros de telefone atualizados. Qualquer crian\u00e7a que se queixe de doen\u00e7a ou apresente sinais ou sintomas de doen\u00e7a deve permanecer em casa. Isso reduzir\u00e1 a dissemina\u00e7\u00e3o de doen\u00e7as. Lembre-se de ligar para a escola ou enviar um bilhete se seu filho estiver doente. Se for necess\u00e1rio que seu filho seja dispensado das aulas de gin\u00e1stica ou do recreio por um per\u00edodo prolongado, ser\u00e1 necess\u00e1rio um atestado m\u00e9dico.<\/p>\n<p><b>Para obter informa\u00e7\u00f5es adicionais, visite os seguintes sites:<\/b><\/p>\n<p><strong>Manual de alergia alimentar<\/strong><br \/><a href=\"https:\/\/drive.google.com\/file\/d\/0Byt4O81Kmbo0MGcxYVFHNjRSZUU\/view?usp=sharing\" target=\"_blank\" rel=\"noopener\">Manual de alergia alimentar<\/a><\/p>\n<p><b>Centros de Controle e Preven\u00e7\u00e3o de Doen\u00e7as (CDC)<br \/><\/b><a style=\"background-color: #ffffff;\" href=\"http:\/\/www.cdc.gov\/\" target=\"_blank\" rel=\"noopener\">http:\/\/www.cdc.gov\/<\/a><\/p>\n<p><b>Distrito de Sa\u00fade de Farmington Valley:<br \/><\/b><a style=\"background-color: #ffffff;\" href=\"http:\/\/www.fvhd.org\/\" target=\"_blank\" rel=\"noopener\">http:\/\/www.fvhd.org\/<\/a><\/p>\n<p><a href=\"https:\/\/fpsct.org\/wp-content\/uploads\/2023\/06\/h1n1_keep_child_home_10-29.pdf\" target=\"_blank\" rel=\"noopener\">Quando manter seu filho em casa<\/a><\/p>\n<p><a href=\"https:\/\/fpsct.org\/wp-content\/uploads\/2023\/06\/h1n1_homecare.pdf\" target=\"_blank\" rel=\"noopener\">Como cuidar de algu\u00e9m com gripe<\/a><\/p>\n\t\t\t\t\t\t<\/div>\n\t\t\t\t<\/div>\n\t\t\t\t<div class=\"elementor-element elementor-element-198029a elementor-widget elementor-widget-spacer\" data-id=\"198029a\" data-element_type=\"widget\" data-widget_type=\"spacer.default\">\n\t\t\t\t<div class=\"elementor-widget-container\">\n\t\t\t<style>\/*! elementor - v3.17.0 - 08-11-2023 *\/\n.elementor-column .elementor-spacer-inner{height:var(--spacer-size)}.e-con{--container-widget-width:100%}.e-con-inner>.elementor-widget-spacer,.e-con>.elementor-widget-spacer{width:var(--container-widget-width,var(--spacer-size));--align-self:var(--container-widget-align-self,initial);--flex-shrink:0}.e-con-inner>.elementor-widget-spacer>.elementor-widget-container,.e-con>.elementor-widget-spacer>.elementor-widget-container{height:100%;width:100%}.e-con-inner>.elementor-widget-spacer>.elementor-widget-container>.elementor-spacer,.e-con>.elementor-widget-spacer>.elementor-widget-container>.elementor-spacer{height:100%}.e-con-inner>.elementor-widget-spacer>.elementor-widget-container>.elementor-spacer>.elementor-spacer-inner,.e-con>.elementor-widget-spacer>.elementor-widget-container>.elementor-spacer>.elementor-spacer-inner{height:var(--container-widget-height,var(--spacer-size))}.e-con-inner>.elementor-widget-spacer.elementor-widget-empty,.e-con>.elementor-widget-spacer.elementor-widget-empty{position:relative;min-height:22px;min-width:22px}.e-con-inner>.elementor-widget-spacer.elementor-widget-empty .elementor-widget-empty-icon,.e-con>.elementor-widget-spacer.elementor-widget-empty .elementor-widget-empty-icon{position:absolute;top:0;bottom:0;left:0;right:0;margin:auto;padding:0;width:22px;height:22px}<\/style>\t\t<div class=\"elementor-spacer\">\n\t\t\t<div class=\"elementor-spacer-inner\"><\/div>\n\t\t<\/div>\n\t\t\t\t<\/div>\n\t\t\t\t<\/div>\n\t\t\t\t\t<\/div>\n\t\t<\/div>\n\t\t\t\t\t\t\t<\/div>\n\t\t<\/section>\n\t\t\t\t\t\t\t<\/div>\n\t\t","protected":false},"excerpt":{"rendered":"<p>Informa\u00e7\u00f5es sobre sa\u00fade Exame f\u00edsico Exames f\u00edsicos s\u00e3o exigidos antes da matr\u00edcula no jardim de inf\u00e2ncia e nas 6\u00aa e 10\u00aa s\u00e9ries. Ser\u00e1 solicitado aos alunos transferidos que comprovem a realiza\u00e7\u00e3o de um exame f\u00edsico antes do jardim de inf\u00e2ncia ou da 6\u00aa ou 10\u00aa s\u00e9rie antes de serem matriculados. Os exames f\u00edsicos devem incluir, [&hellip;]<\/p>\n","protected":false},"author":1,"featured_media":0,"parent":15394,"menu_order":0,"comment_status":"closed","ping_status":"closed","template":"","meta":{"_acf_changed":false,"footnotes":""},"class_list":["post-15517","page","type-page","status-publish","hentry"],"acf":[],"_links":{"self":[{"href":"https:\/\/fpsct.org\/pt-br\/wp-json\/wp\/v2\/pages\/15517","targetHints":{"allow":["GET"]}}],"collection":[{"href":"https:\/\/fpsct.org\/pt-br\/wp-json\/wp\/v2\/pages"}],"about":[{"href":"https:\/\/fpsct.org\/pt-br\/wp-json\/wp\/v2\/types\/page"}],"author":[{"embeddable":true,"href":"https:\/\/fpsct.org\/pt-br\/wp-json\/wp\/v2\/users\/1"}],"replies":[{"embeddable":true,"href":"https:\/\/fpsct.org\/pt-br\/wp-json\/wp\/v2\/comments?post=15517"}],"version-history":[{"count":0,"href":"https:\/\/fpsct.org\/pt-br\/wp-json\/wp\/v2\/pages\/15517\/revisions"}],"up":[{"embeddable":true,"href":"https:\/\/fpsct.org\/pt-br\/wp-json\/wp\/v2\/pages\/15394"}],"wp:attachment":[{"href":"https:\/\/fpsct.org\/pt-br\/wp-json\/wp\/v2\/media?parent=15517"}],"curies":[{"name":"wp","href":"https:\/\/api.w.org\/{rel}","templated":true}]}}