
{"id":15450,"date":"2023-06-02T01:05:10","date_gmt":"2023-06-02T05:05:10","guid":{"rendered":"https:\/\/fpsct.org\/politica-eoe\/"},"modified":"2025-02-05T07:41:59","modified_gmt":"2025-02-05T12:41:59","slug":"politica-eoe","status":"publish","type":"page","link":"https:\/\/fpsct.org\/pt-br\/politica-eoe\/","title":{"rendered":"Pol\u00edtica EOE"},"content":{"rendered":"\t\t<div data-elementor-type=\"wp-page\" data-elementor-id=\"15450\" class=\"elementor elementor-15450 elementor-421\" data-elementor-post-type=\"page\">\n\t\t\t\t\t\t\t\t\t<section data-particle_enable=\"false\" data-particle-mobile-disabled=\"false\" class=\"elementor-section elementor-top-section elementor-element elementor-element-4d0425e elementor-section-content-middle elementor-reverse-mobile elementor-section-boxed elementor-section-height-default elementor-section-height-default\" data-id=\"4d0425e\" data-element_type=\"section\" data-settings=\"{&quot;background_background&quot;:&quot;classic&quot;}\">\n\t\t\t\t\t\t<div class=\"elementor-container elementor-column-gap-no\">\n\t\t\t\t\t<div class=\"elementor-column elementor-col-100 elementor-top-column elementor-element elementor-element-d92e175\" data-id=\"d92e175\" data-element_type=\"column\">\n\t\t\t<div class=\"elementor-widget-wrap elementor-element-populated\">\n\t\t\t\t\t\t\t\t<div class=\"elementor-element elementor-element-0035892 elementor-widget elementor-widget-heading\" data-id=\"0035892\" data-element_type=\"widget\" data-widget_type=\"heading.default\">\n\t\t\t\t<div class=\"elementor-widget-container\">\n\t\t\t<style>\/*! elementor - v3.17.0 - 08-11-2023 *\/\n.elementor-heading-title{padding:0;margin:0;line-height:1}.elementor-widget-heading .elementor-heading-title[class*=elementor-size-]>a{color:inherit;font-size:inherit;line-height:inherit}.elementor-widget-heading .elementor-heading-title.elementor-size-small{font-size:15px}.elementor-widget-heading .elementor-heading-title.elementor-size-medium{font-size:19px}.elementor-widget-heading .elementor-heading-title.elementor-size-large{font-size:29px}.elementor-widget-heading .elementor-heading-title.elementor-size-xl{font-size:39px}.elementor-widget-heading .elementor-heading-title.elementor-size-xxl{font-size:59px}<\/style><h1 class=\"elementor-heading-title elementor-size-default\">Pol\u00edtica de oportunidades iguais de emprego\n<\/h1>\t\t<\/div>\n\t\t\t\t<\/div>\n\t\t\t\t\t<\/div>\n\t\t<\/div>\n\t\t\t\t\t\t\t<\/div>\n\t\t<\/section>\n\t\t\t\t<section data-particle_enable=\"false\" data-particle-mobile-disabled=\"false\" class=\"elementor-section elementor-top-section elementor-element elementor-element-451041f elementor-section-boxed elementor-section-height-default elementor-section-height-default\" data-id=\"451041f\" data-element_type=\"section\">\n\t\t\t\t\t\t<div class=\"elementor-container elementor-column-gap-default\">\n\t\t\t\t\t<div class=\"elementor-column elementor-col-100 elementor-top-column elementor-element elementor-element-b402ba2\" data-id=\"b402ba2\" data-element_type=\"column\">\n\t\t\t<div class=\"elementor-widget-wrap elementor-element-populated\">\n\t\t\t\t\t\t\t\t<div class=\"elementor-element elementor-element-b050f3c elementor-widget elementor-widget-text-editor\" data-id=\"b050f3c\" data-element_type=\"widget\" data-widget_type=\"text-editor.default\">\n\t\t\t\t<div class=\"elementor-widget-container\">\n\t\t\t<style>\/*! elementor - v3.17.0 - 08-11-2023 *\/\n.elementor-widget-text-editor.elementor-drop-cap-view-stacked .elementor-drop-cap{background-color:#69727d;color:#fff}.elementor-widget-text-editor.elementor-drop-cap-view-framed .elementor-drop-cap{color:#69727d;border:3px solid;background-color:transparent}.elementor-widget-text-editor:not(.elementor-drop-cap-view-default) .elementor-drop-cap{margin-top:8px}.elementor-widget-text-editor:not(.elementor-drop-cap-view-default) .elementor-drop-cap-letter{width:1em;height:1em}.elementor-widget-text-editor .elementor-drop-cap{float:left;text-align:center;line-height:1;font-size:50px}.elementor-widget-text-editor .elementor-drop-cap-letter{display:inline-block}<\/style>\t\t\t\t<p>O Conselho de Educa\u00e7\u00e3o de Farmington (o &#8220;Conselho&#8221;) n\u00e3o tomar\u00e1 decis\u00f5es de emprego (incluindo decis\u00f5es relacionadas \u00e0 contrata\u00e7\u00e3o, designa\u00e7\u00e3o, remunera\u00e7\u00e3o, promo\u00e7\u00e3o, rebaixamento, a\u00e7\u00e3o disciplinar e rescis\u00e3o) com base em ra\u00e7a, cor, religi\u00e3o, idade, sexo, estado civil, orienta\u00e7\u00e3o sexual, nacionalidade, aliena\u00e7\u00e3o, ancestralidade, defici\u00eancia, gravidez, informa\u00e7\u00f5es gen\u00e9ticas, status de veterano, identidade ou express\u00e3o de g\u00eanero, status de v\u00edtima de viol\u00eancia dom\u00e9stica ou qualquer outra base proibida por lei estadual ou federal (&#8220;Classe Protegida&#8221;), exceto no caso de uma qualifica\u00e7\u00e3o ocupacional de boa-f\u00e9.<\/p>\n<p><span style=\"color: #981c1e;\"><strong>Perguntas relacionadas \u00e0 conformidade com o T\u00edtulo VI ou T\u00edtulo IX devem ser encaminhadas para:<br \/>Veronica Ruzek, 1 Monteith Drive, Farmington, CT 06032 860-673-8270.  <\/strong><\/span><\/p>\n<p><span style=\"color: #981c1e;\"><strong>Perguntas relacionadas \u00e0 conformidade com a Se\u00e7\u00e3o 504 devem ser encaminhadas para:<br \/>Wendy Shepard-Bannish, 1 Monteith Drive, Farmington, CT 06032 860-677-1791.<\/strong><\/span><\/p>\n\t\t\t\t\t\t<\/div>\n\t\t\t\t<\/div>\n\t\t\t\t\t<\/div>\n\t\t<\/div>\n\t\t\t\t\t\t\t<\/div>\n\t\t<\/section>\n\t\t\t\t\t\t\t<\/div>\n\t\t","protected":false},"excerpt":{"rendered":"<p>Pol\u00edtica de oportunidades iguais de emprego O Conselho de Educa\u00e7\u00e3o de Farmington (o &#8220;Conselho&#8221;) n\u00e3o tomar\u00e1 decis\u00f5es de emprego (incluindo decis\u00f5es relacionadas \u00e0 contrata\u00e7\u00e3o, designa\u00e7\u00e3o, remunera\u00e7\u00e3o, promo\u00e7\u00e3o, rebaixamento, a\u00e7\u00e3o disciplinar e rescis\u00e3o) com base em ra\u00e7a, cor, religi\u00e3o, idade, sexo, estado civil, orienta\u00e7\u00e3o sexual, nacionalidade, aliena\u00e7\u00e3o, ancestralidade, defici\u00eancia, gravidez, informa\u00e7\u00f5es gen\u00e9ticas, status de veterano, identidade [&hellip;]<\/p>\n","protected":false},"author":1,"featured_media":0,"parent":0,"menu_order":0,"comment_status":"closed","ping_status":"closed","template":"","meta":{"_acf_changed":false,"footnotes":""},"class_list":["post-15450","page","type-page","status-publish","hentry"],"acf":[],"_links":{"self":[{"href":"https:\/\/fpsct.org\/pt-br\/wp-json\/wp\/v2\/pages\/15450","targetHints":{"allow":["GET"]}}],"collection":[{"href":"https:\/\/fpsct.org\/pt-br\/wp-json\/wp\/v2\/pages"}],"about":[{"href":"https:\/\/fpsct.org\/pt-br\/wp-json\/wp\/v2\/types\/page"}],"author":[{"embeddable":true,"href":"https:\/\/fpsct.org\/pt-br\/wp-json\/wp\/v2\/users\/1"}],"replies":[{"embeddable":true,"href":"https:\/\/fpsct.org\/pt-br\/wp-json\/wp\/v2\/comments?post=15450"}],"version-history":[{"count":0,"href":"https:\/\/fpsct.org\/pt-br\/wp-json\/wp\/v2\/pages\/15450\/revisions"}],"wp:attachment":[{"href":"https:\/\/fpsct.org\/pt-br\/wp-json\/wp\/v2\/media?parent=15450"}],"curies":[{"name":"wp","href":"https:\/\/api.w.org\/{rel}","templated":true}]}}