
{"id":15047,"date":"2023-04-21T14:18:48","date_gmt":"2023-04-21T18:18:48","guid":{"rendered":"https:\/\/fpsct.org\/politica-de-privacidade\/"},"modified":"2024-06-24T11:19:55","modified_gmt":"2024-06-24T15:19:55","slug":"politica-de-privacidade","status":"publish","type":"page","link":"https:\/\/fpsct.org\/pt-br\/politica-de-privacidade\/","title":{"rendered":"Pol\u00edtica de privacidade"},"content":{"rendered":"\t\t<div data-elementor-type=\"wp-page\" data-elementor-id=\"15047\" class=\"elementor elementor-15047 elementor-3\" data-elementor-post-type=\"page\">\n\t\t\t\t\t\t\t\t\t<section data-particle_enable=\"false\" data-particle-mobile-disabled=\"false\" class=\"elementor-section elementor-top-section elementor-element elementor-element-d8e12b0 elementor-section-content-middle elementor-reverse-mobile elementor-section-boxed elementor-section-height-default elementor-section-height-default\" data-id=\"d8e12b0\" data-element_type=\"section\" data-settings=\"{&quot;background_background&quot;:&quot;classic&quot;}\">\n\t\t\t\t\t\t<div class=\"elementor-container elementor-column-gap-no\">\n\t\t\t\t\t<div class=\"elementor-column elementor-col-100 elementor-top-column elementor-element elementor-element-133722a\" data-id=\"133722a\" data-element_type=\"column\">\n\t\t\t<div class=\"elementor-widget-wrap elementor-element-populated\">\n\t\t\t\t\t\t\t\t<div class=\"elementor-element elementor-element-7e8f3b6 elementor-widget elementor-widget-heading\" data-id=\"7e8f3b6\" data-element_type=\"widget\" data-widget_type=\"heading.default\">\n\t\t\t\t<div class=\"elementor-widget-container\">\n\t\t\t<style>\/*! elementor - v3.17.0 - 08-11-2023 *\/\n.elementor-heading-title{padding:0;margin:0;line-height:1}.elementor-widget-heading .elementor-heading-title[class*=elementor-size-]>a{color:inherit;font-size:inherit;line-height:inherit}.elementor-widget-heading .elementor-heading-title.elementor-size-small{font-size:15px}.elementor-widget-heading .elementor-heading-title.elementor-size-medium{font-size:19px}.elementor-widget-heading .elementor-heading-title.elementor-size-large{font-size:29px}.elementor-widget-heading .elementor-heading-title.elementor-size-xl{font-size:39px}.elementor-widget-heading .elementor-heading-title.elementor-size-xxl{font-size:59px}<\/style><h1 class=\"elementor-heading-title elementor-size-default\">Pol\u00edtica de privacidade<\/h1>\t\t<\/div>\n\t\t\t\t<\/div>\n\t\t\t\t\t<\/div>\n\t\t<\/div>\n\t\t\t\t\t\t\t<\/div>\n\t\t<\/section>\n\t\t\t\t<section data-particle_enable=\"false\" data-particle-mobile-disabled=\"false\" class=\"elementor-section elementor-top-section elementor-element elementor-element-271ff81 elementor-section-boxed elementor-section-height-default elementor-section-height-default\" data-id=\"271ff81\" data-element_type=\"section\">\n\t\t\t\t\t\t<div class=\"elementor-container elementor-column-gap-default\">\n\t\t\t\t\t<div class=\"elementor-column elementor-col-100 elementor-top-column elementor-element elementor-element-ba80099\" data-id=\"ba80099\" data-element_type=\"column\">\n\t\t\t<div class=\"elementor-widget-wrap elementor-element-populated\">\n\t\t\t\t\t\t\t\t<div class=\"elementor-element elementor-element-8b5d7a2 elementor-widget elementor-widget-text-editor\" data-id=\"8b5d7a2\" data-element_type=\"widget\" data-widget_type=\"text-editor.default\">\n\t\t\t\t<div class=\"elementor-widget-container\">\n\t\t\t<style>\/*! elementor - v3.17.0 - 08-11-2023 *\/\n.elementor-widget-text-editor.elementor-drop-cap-view-stacked .elementor-drop-cap{background-color:#69727d;color:#fff}.elementor-widget-text-editor.elementor-drop-cap-view-framed .elementor-drop-cap{color:#69727d;border:3px solid;background-color:transparent}.elementor-widget-text-editor:not(.elementor-drop-cap-view-default) .elementor-drop-cap{margin-top:8px}.elementor-widget-text-editor:not(.elementor-drop-cap-view-default) .elementor-drop-cap-letter{width:1em;height:1em}.elementor-widget-text-editor .elementor-drop-cap{float:left;text-align:center;line-height:1;font-size:50px}.elementor-widget-text-editor .elementor-drop-cap-letter{display:inline-block}<\/style>\t\t\t\t<p>Esta Pol\u00edtica de Privacidade descreve o acordo do Distrito com voc\u00ea em rela\u00e7\u00e3o \u00e0 forma como trataremos determinadas informa\u00e7\u00f5es no Site. Esta Pol\u00edtica n\u00e3o trata de informa\u00e7\u00f5es obtidas de outras fontes, como envios por correio, telefone ou outros dispositivos ou por contato pessoal. Ao acessar o Site e\/ou fornecer informa\u00e7\u00f5es ao Distrito no Site, voc\u00ea concorda com a coleta, o uso e a divulga\u00e7\u00e3o de determinadas informa\u00e7\u00f5es de acordo com esta Pol\u00edtica de Privacidade.<\/p>\n<p><span style=\"text-decoration: underline;\">AVISO PARA CRIAN\u00c7AS MENORES DE 13 ANOS E SEUS PAIS OU RESPONS\u00c1VEIS LEGAIS:<\/span> SE VOC\u00ca TIVER MENOS DE 13 ANOS E QUISER ENTRAR EM CONTATO CONOSCO, FA\u00c7A-O POR MEIO DE SEUS PAIS OU RESPONS\u00c1VEIS LEGAIS. ESTE SITE \u00c9 DESTINADO APENAS A ADULTOS. A ESCOLA N\u00c3O COLETA INTENCIONALMENTE INFORMA\u00c7\u00d5ES DE IDENTIFICA\u00c7\u00c3O PESSOAL (&#8220;INFORMA\u00c7\u00d5ES PESSOAIS&#8221;) DE CRIAN\u00c7AS COM MENOS DE 13 ANOS DE IDADE.  <strong>SE VOC\u00ca TIVER MENOS DE 13 ANOS DE IDADE, N\u00c3O PODER\u00c1 NOS ENVIAR NENHUMA INFORMA\u00c7\u00c3O PESSOAL, INCLUINDO, SEM LIMITA\u00c7\u00c3O, SEU ENDERE\u00c7O DE E-MAIL, NOME E\/OU INFORMA\u00c7\u00d5ES DE CONTATO POR MEIO DO SITE.<\/strong><\/p>\n<p><span style=\"text-decoration: underline;\">Informa\u00e7\u00f5es coletadas em nosso site:<\/span> Se voc\u00ea simplesmente baixar material ou navegar pelo site, nossos servidores poder\u00e3o coletar automaticamente determinadas informa\u00e7\u00f5es suas, que podem incluir: (a) o nome do dom\u00ednio e do host a partir do qual voc\u00ea acessa a Internet; (b) o software do navegador que voc\u00ea usa e seu sistema operacional; e (c) o endere\u00e7o de Internet do site a partir do qual voc\u00ea acessou o Site. As informa\u00e7\u00f5es que coletamos automaticamente podem ser usadas para melhorar o site e torn\u00e1-lo o mais \u00fatil poss\u00edvel para nossos visitantes; no entanto, essas informa\u00e7\u00f5es n\u00e3o ser\u00e3o vinculadas \u00e0s informa\u00e7\u00f5es pessoais que voc\u00ea optar por nos fornecer.<\/p>\n<p>Coletamos e mantemos informa\u00e7\u00f5es de identifica\u00e7\u00e3o pessoal quando voc\u00ea opta por enviar essas informa\u00e7\u00f5es voluntariamente. Por exemplo, se voc\u00ea optar por preencher um formul\u00e1rio no site, reteremos as informa\u00e7\u00f5es enviadas por voc\u00ea. Voc\u00ea n\u00e3o deve enviar nenhuma informa\u00e7\u00e3o que n\u00e3o queira que seja retida. Depois de tomarmos as medidas apropriadas em resposta ao seu envio, reteremos as informa\u00e7\u00f5es enviadas para nossos registros e para contat\u00e1-lo periodicamente. Observe que, se decidirmos alterar a maneira pela qual usamos ou retemos informa\u00e7\u00f5es pessoais, poderemos atualizar esta Pol\u00edtica de Privacidade, a nosso crit\u00e9rio exclusivo.  <\/p>\n<p><u>Divulga\u00e7\u00e3o de informa\u00e7\u00f5es pessoais a terceiros:<\/u> O Distrito n\u00e3o aluga nem vende informa\u00e7\u00f5es pessoais que voc\u00ea opte por nos fornecer, nem divulga informa\u00e7\u00f5es de cart\u00e3o de cr\u00e9dito ou outras informa\u00e7\u00f5es financeiras pessoais a terceiros, exceto quando necess\u00e1rio para concluir uma transa\u00e7\u00e3o de cart\u00e3o de cr\u00e9dito ou outra transa\u00e7\u00e3o financeira ou conforme exigido por lei. O Distrito pode contratar terceiros para executar fun\u00e7\u00f5es e prestar servi\u00e7os, incluindo, sem limita\u00e7\u00e3o, hospedagem e manuten\u00e7\u00e3o, relacionamento com o cliente, armazenamento e gerenciamento de banco de dados, transa\u00e7\u00f5es de pagamento e campanhas de marketing direto. Podemos compartilhar suas informa\u00e7\u00f5es pessoais com esses terceiros, mas somente na medida necess\u00e1ria para executar as fun\u00e7\u00f5es e fornecer os servi\u00e7os e de acordo com a pol\u00edtica n\u00ba 5126.  <\/p>\n<p><u>Recebimento de materiais promocionais:<\/u> Podemos enviar-lhe informa\u00e7\u00f5es ou materiais, como boletins informativos, por e-mail ou correio postal quando voc\u00ea enviar endere\u00e7os pelo site. Ao usar o site, voc\u00ea concorda com o envio de tais informa\u00e7\u00f5es ou materiais. Caso n\u00e3o queira receber informa\u00e7\u00f5es ou materiais promocionais, envie um e-mail com seu nome, endere\u00e7o de correspond\u00eancia e endere\u00e7o de e-mail para webmaster@fpsct.org. Quando recebermos sua solicita\u00e7\u00e3o, poderemos tomar medidas razo\u00e1veis para remover seu nome de tais listas.  <\/p>\n<p><u>Cookies:<\/u> Um cookie \u00e9 um pequeno arquivo de texto que um site pode colocar no disco r\u00edgido do seu computador para fins de manuten\u00e7\u00e3o de registros ou outros fins administrativos. Nosso site pode usar cookies para ajudar a personalizar sua experi\u00eancia no site. Embora a maioria dos navegadores da Web aceite cookies automaticamente, geralmente \u00e9 poss\u00edvel modificar a configura\u00e7\u00e3o do navegador para recusar cookies. Se voc\u00ea decidir recusar os cookies, talvez n\u00e3o consiga usar totalmente os recursos do site. Os cookies tamb\u00e9m podem ser usados em determinados sites acess\u00edveis por meio de links no Site.  <\/p>\n<p><u>Links para outros sites: <\/u>O Distrito n\u00e3o \u00e9 respons\u00e1vel pelas pr\u00e1ticas ou pol\u00edticas dos sites vinculados ao Site ou a partir dele, incluindo, sem limita\u00e7\u00e3o, suas pr\u00e1ticas ou pol\u00edticas de privacidade. Se optar por usar um link que acesse o site de outra parte, voc\u00ea estar\u00e1 sujeito \u00e0s pr\u00e1ticas e pol\u00edticas desse site e o far\u00e1 por sua pr\u00f3pria conta e risco.  <\/p>\n<p><u>Informa\u00e7\u00f5es gerais:<\/u> O Distrito poder\u00e1 fazer altera\u00e7\u00f5es nas informa\u00e7\u00f5es, no conte\u00fado e\/ou nas pol\u00edticas contidas no Site ou nas ofertas e\/ou servi\u00e7os descritos no Site ou no Site ou nos Termos a qualquer momento, a seu crit\u00e9rio exclusivo, com ou sem aviso pr\u00e9vio. O Distrito n\u00e3o se compromete e n\u00e3o assume nenhuma obriga\u00e7\u00e3o, para si ou para seus usu\u00e1rios, de atualizar as informa\u00e7\u00f5es aqui contidas. Se qualquer uma dessas disposi\u00e7\u00f5es for considerada inv\u00e1lida, nula ou, por qualquer motivo, inexequ\u00edvel, essa disposi\u00e7\u00e3o ser\u00e1 considerada separ\u00e1vel e n\u00e3o afetar\u00e1 a validade e a exequibilidade dos Termos.  <\/p>\n<p><b>COMO ENTRAR EM CONTATO CONOSCO: SE TIVER D\u00daVIDAS SOBRE OS TERMOS OU SE DESEJAR QUE MODIFIQUEMOS OU EXCLUAMOS SUAS INFORMA\u00c7\u00d5ES PESSOAIS QUE COLETAMOS, ENTRE EM CONTATO CONOSCO PELO E-MAIL ROSSM@FPSCT.ORG OU PELO TELEFONE 860-673-8270 E PE\u00c7A PARA FALAR COM NOSSO COORDENADOR DO SITE, MATT ROSS.  <\/b><\/p>\n<p><b>Refer\u00eancias legais:  <\/b><\/p>\n<p>Lei Federal:  <br>Lei de Privacidade e Direitos Educacionais da Fam\u00edlia (FERPA), 20 U.S.C. \u00a7\u00a7 1232g et seq.  <br>Emenda de Prote\u00e7\u00e3o dos Direitos do Aluno, Lei P\u00fablica 107-110, \u00a7 1061, codificada em 20 U.S.C. \u00a7 1232h.  <\/p>\n<p>Pol\u00edtica adotada: 8 de setembro de 2014  <\/p>\n<p>Pol\u00edtica revisada: Maio de 2016<\/p>\n<p> <\/p>\t\t\t\t\t\t<\/div>\n\t\t\t\t<\/div>\n\t\t\t\t\t<\/div>\n\t\t<\/div>\n\t\t\t\t\t\t\t<\/div>\n\t\t<\/section>\n\t\t\t\t\t\t\t<\/div>\n\t\t","protected":false},"excerpt":{"rendered":"<p>Pol\u00edtica de privacidade Esta Pol\u00edtica de Privacidade descreve o acordo do Distrito com voc\u00ea em rela\u00e7\u00e3o \u00e0 forma como trataremos determinadas informa\u00e7\u00f5es no Site. Esta Pol\u00edtica n\u00e3o trata de informa\u00e7\u00f5es obtidas de outras fontes, como envios por correio, telefone ou outros dispositivos ou por contato pessoal. Ao acessar o Site e\/ou fornecer informa\u00e7\u00f5es ao Distrito [&hellip;]<\/p>\n","protected":false},"author":1,"featured_media":0,"parent":0,"menu_order":0,"comment_status":"closed","ping_status":"open","template":"","meta":{"_acf_changed":false,"footnotes":""},"class_list":["post-15047","page","type-page","status-publish","hentry"],"acf":[],"_links":{"self":[{"href":"https:\/\/fpsct.org\/pt-br\/wp-json\/wp\/v2\/pages\/15047","targetHints":{"allow":["GET"]}}],"collection":[{"href":"https:\/\/fpsct.org\/pt-br\/wp-json\/wp\/v2\/pages"}],"about":[{"href":"https:\/\/fpsct.org\/pt-br\/wp-json\/wp\/v2\/types\/page"}],"author":[{"embeddable":true,"href":"https:\/\/fpsct.org\/pt-br\/wp-json\/wp\/v2\/users\/1"}],"replies":[{"embeddable":true,"href":"https:\/\/fpsct.org\/pt-br\/wp-json\/wp\/v2\/comments?post=15047"}],"version-history":[{"count":0,"href":"https:\/\/fpsct.org\/pt-br\/wp-json\/wp\/v2\/pages\/15047\/revisions"}],"wp:attachment":[{"href":"https:\/\/fpsct.org\/pt-br\/wp-json\/wp\/v2\/media?parent=15047"}],"curies":[{"name":"wp","href":"https:\/\/api.w.org\/{rel}","templated":true}]}}