
{"id":16664,"date":"2023-08-23T18:16:12","date_gmt":"2023-08-23T22:16:12","guid":{"rendered":"https:\/\/fpsct.org\/zdrowie-psychiczne\/"},"modified":"2024-06-24T12:36:25","modified_gmt":"2024-06-24T16:36:25","slug":"zdrowie-psychiczne","status":"publish","type":"page","link":"https:\/\/fpsct.org\/pl\/rodziny\/zdrowie-psychiczne\/","title":{"rendered":"Zdrowie psychiczne"},"content":{"rendered":"\t\t<div data-elementor-type=\"wp-page\" data-elementor-id=\"16664\" class=\"elementor elementor-16664 elementor-1669\" data-elementor-post-type=\"page\">\n\t\t\t\t\t\t\t\t\t<section data-particle_enable=\"false\" data-particle-mobile-disabled=\"false\" class=\"elementor-section elementor-top-section elementor-element elementor-element-31e9d211 elementor-section-content-middle elementor-reverse-mobile elementor-section-boxed elementor-section-height-default elementor-section-height-default\" data-id=\"31e9d211\" data-element_type=\"section\" data-settings=\"{&quot;background_background&quot;:&quot;classic&quot;}\">\n\t\t\t\t\t\t<div class=\"elementor-container elementor-column-gap-no\">\n\t\t\t\t\t<div class=\"elementor-column elementor-col-100 elementor-top-column elementor-element elementor-element-28b2d67\" data-id=\"28b2d67\" data-element_type=\"column\">\n\t\t\t<div class=\"elementor-widget-wrap elementor-element-populated\">\n\t\t\t\t\t\t\t\t<div class=\"elementor-element elementor-element-162b0b6c elementor-widget elementor-widget-heading\" data-id=\"162b0b6c\" data-element_type=\"widget\" data-widget_type=\"heading.default\">\n\t\t\t\t<div class=\"elementor-widget-container\">\n\t\t\t<style>\/*! elementor - v3.17.0 - 08-11-2023 *\/\n.elementor-heading-title{padding:0;margin:0;line-height:1}.elementor-widget-heading .elementor-heading-title[class*=elementor-size-]>a{color:inherit;font-size:inherit;line-height:inherit}.elementor-widget-heading .elementor-heading-title.elementor-size-small{font-size:15px}.elementor-widget-heading .elementor-heading-title.elementor-size-medium{font-size:19px}.elementor-widget-heading .elementor-heading-title.elementor-size-large{font-size:29px}.elementor-widget-heading .elementor-heading-title.elementor-size-xl{font-size:39px}.elementor-widget-heading .elementor-heading-title.elementor-size-xxl{font-size:59px}<\/style><h1 class=\"elementor-heading-title elementor-size-default\">Zdrowie psychiczne<\/h1>\t\t<\/div>\n\t\t\t\t<\/div>\n\t\t\t\t\t<\/div>\n\t\t<\/div>\n\t\t\t\t\t\t\t<\/div>\n\t\t<\/section>\n\t\t\t\t<section data-particle_enable=\"false\" data-particle-mobile-disabled=\"false\" class=\"elementor-section elementor-top-section elementor-element elementor-element-1fe24cd elementor-section-boxed elementor-section-height-default elementor-section-height-default\" data-id=\"1fe24cd\" data-element_type=\"section\">\n\t\t\t\t\t\t<div class=\"elementor-container elementor-column-gap-default\">\n\t\t\t\t\t<div class=\"elementor-column elementor-col-100 elementor-top-column elementor-element elementor-element-60bc584f\" data-id=\"60bc584f\" data-element_type=\"column\">\n\t\t\t<div class=\"elementor-widget-wrap elementor-element-populated\">\n\t\t\t\t\t\t\t\t<div class=\"elementor-element elementor-element-207184d6 elementor-widget elementor-widget-text-editor\" data-id=\"207184d6\" data-element_type=\"widget\" data-widget_type=\"text-editor.default\">\n\t\t\t\t<div class=\"elementor-widget-container\">\n\t\t\t<style>\/*! elementor - v3.17.0 - 08-11-2023 *\/\n.elementor-widget-text-editor.elementor-drop-cap-view-stacked .elementor-drop-cap{background-color:#69727d;color:#fff}.elementor-widget-text-editor.elementor-drop-cap-view-framed .elementor-drop-cap{color:#69727d;border:3px solid;background-color:transparent}.elementor-widget-text-editor:not(.elementor-drop-cap-view-default) .elementor-drop-cap{margin-top:8px}.elementor-widget-text-editor:not(.elementor-drop-cap-view-default) .elementor-drop-cap-letter{width:1em;height:1em}.elementor-widget-text-editor .elementor-drop-cap{float:left;text-align:center;line-height:1;font-size:50px}.elementor-widget-text-editor .elementor-drop-cap-letter{display:inline-block}<\/style>\t\t\t\t<ul>\n<li>L\u0119k i depresja s\u0105 do\u015b\u0107 powszechnymi zjawiskami w\u015br\u00f3d nastolatk\u00f3w. Gdy stany te staj\u0105 si\u0119 przyt\u0142aczaj\u0105ce i nie s\u0105 leczone, mog\u0105 prowadzi\u0107 do samoleczenia alkoholem i narkotykami oraz innych ryzykownych zachowa\u0144, a tak\u017ce my\u015bli o samookaleczeniu i samob\u00f3jstwie. Umiej\u0119tno\u015b\u0107 rozpoznawania oznak i objaw\u00f3w zaburze\u0144 psychicznych jest kluczowym pierwszym krokiem do uzyskania pomocy.\n<ul>\n<li>Nie wiesz, jakie s\u0105 typowe zachowania nastolatk\u00f3w i na co nale\u017cy zwr\u00f3ci\u0107 wi\u0119ksz\u0105 uwag\u0119? Zobacz t\u0119 znakomit\u0105 dwucz\u0119\u015bciow\u0105 produkcj\u0119 telewizji publicznej zatytu\u0142owan\u0105 <i>Typical or Troubled <\/i><a href=\"http:\/\/www.wliw.org\/programs\/healthy-minds\/#teens-typical-or-troubled-part-one--what-you-need-to\"><br \/>\n  <i>cz\u0119\u015b\u0107 1<\/i><br \/>\n<\/a><i> i <\/i><a href=\"http:\/\/www.wliw.org\/programs\/healthy-minds\/#teens-typical-or-troubled-part-two--suicide-prevention\"><br \/>\n  <i>cz\u0119\u015b\u0107 2<\/i><br \/>\n<\/a><i>.<\/i><\/li>\n<li><a href=\"http:\/\/www.afsp.org\/\">Ameryka\u0144ska Fundacja Zapobiegania Samob\u00f3jstwom<\/a> jest cennym \u017ar\u00f3d\u0142em informacji na temat samob\u00f3jstw i depresji<\/li>\n<li>Wszyscy uczniowie Farmington High School s\u0105 teraz przeszkoleni w zakresie QPR (Question, Persuade, Refer), aby m\u00f3c zidentyfikowa\u0107 przyjaciela lub ukochan\u0105 osob\u0119 w potrzebie i zapewni\u0107 im natychmiastow\u0105 pomoc. Zobacz o co chodzi na stronie <a href=\"http:\/\/www.qprinstitute.com\/\">QPR Institute<\/a>.<\/li>\n<\/ul>\n<\/li>\n<\/ul>\n\t\t\t\t\t\t<\/div>\n\t\t\t\t<\/div>\n\t\t\t\t\t<\/div>\n\t\t<\/div>\n\t\t\t\t\t\t\t<\/div>\n\t\t<\/section>\n\t\t\t\t\t\t\t<\/div>\n\t\t","protected":false},"excerpt":{"rendered":"<p>Zdrowie psychiczne L\u0119k i depresja s\u0105 do\u015b\u0107 powszechnymi zjawiskami w\u015br\u00f3d nastolatk\u00f3w. Gdy stany te staj\u0105 si\u0119 przyt\u0142aczaj\u0105ce i nie s\u0105 leczone, mog\u0105 prowadzi\u0107 do samoleczenia alkoholem i narkotykami oraz innych ryzykownych zachowa\u0144, a tak\u017ce my\u015bli o samookaleczeniu i samob\u00f3jstwie. Umiej\u0119tno\u015b\u0107 rozpoznawania oznak i objaw\u00f3w zaburze\u0144 psychicznych jest kluczowym pierwszym krokiem do uzyskania pomocy. Nie wiesz, [&hellip;]<\/p>\n","protected":false},"author":1,"featured_media":0,"parent":17188,"menu_order":0,"comment_status":"closed","ping_status":"closed","template":"","meta":{"_acf_changed":false,"footnotes":""},"class_list":["post-16664","page","type-page","status-publish","hentry"],"acf":[],"_links":{"self":[{"href":"https:\/\/fpsct.org\/pl\/wp-json\/wp\/v2\/pages\/16664","targetHints":{"allow":["GET"]}}],"collection":[{"href":"https:\/\/fpsct.org\/pl\/wp-json\/wp\/v2\/pages"}],"about":[{"href":"https:\/\/fpsct.org\/pl\/wp-json\/wp\/v2\/types\/page"}],"author":[{"embeddable":true,"href":"https:\/\/fpsct.org\/pl\/wp-json\/wp\/v2\/users\/1"}],"replies":[{"embeddable":true,"href":"https:\/\/fpsct.org\/pl\/wp-json\/wp\/v2\/comments?post=16664"}],"version-history":[{"count":0,"href":"https:\/\/fpsct.org\/pl\/wp-json\/wp\/v2\/pages\/16664\/revisions"}],"up":[{"embeddable":true,"href":"https:\/\/fpsct.org\/pl\/wp-json\/wp\/v2\/pages\/17188"}],"wp:attachment":[{"href":"https:\/\/fpsct.org\/pl\/wp-json\/wp\/v2\/media?parent=16664"}],"curies":[{"name":"wp","href":"https:\/\/api.w.org\/{rel}","templated":true}]}}