
{"id":15925,"date":"2023-06-06T22:08:46","date_gmt":"2023-06-07T02:08:46","guid":{"rendered":"https:\/\/fpsct.org\/poza-sala-lekcyjna\/sztuki-piekne-i-uzytkowe\/"},"modified":"2024-08-09T10:44:51","modified_gmt":"2024-08-09T14:44:51","slug":"sztuki-piekne-i-uzytkowe","status":"publish","type":"page","link":"https:\/\/fpsct.org\/pl\/poza-sala-lekcyjna\/sztuki-piekne-i-uzytkowe\/","title":{"rendered":"Sztuki pi\u0119kne i u\u017cytkowe"},"content":{"rendered":"\t\t<div data-elementor-type=\"wp-page\" data-elementor-id=\"15925\" class=\"elementor elementor-15925 elementor-469\" data-elementor-post-type=\"page\">\n\t\t\t\t\t\t\t\t\t<section data-particle_enable=\"false\" data-particle-mobile-disabled=\"false\" class=\"elementor-section elementor-top-section elementor-element elementor-element-719d1b8 elementor-section-content-middle elementor-reverse-mobile elementor-section-boxed elementor-section-height-default elementor-section-height-default\" data-id=\"719d1b8\" data-element_type=\"section\" data-settings=\"{&quot;background_background&quot;:&quot;classic&quot;}\">\n\t\t\t\t\t\t<div class=\"elementor-container elementor-column-gap-no\">\n\t\t\t\t\t<div class=\"elementor-column elementor-col-100 elementor-top-column elementor-element elementor-element-76264a0\" data-id=\"76264a0\" data-element_type=\"column\">\n\t\t\t<div class=\"elementor-widget-wrap elementor-element-populated\">\n\t\t\t\t\t\t\t\t<div class=\"elementor-element elementor-element-48c4609 elementor-widget elementor-widget-heading\" data-id=\"48c4609\" data-element_type=\"widget\" data-widget_type=\"heading.default\">\n\t\t\t\t<div class=\"elementor-widget-container\">\n\t\t\t<style>\/*! elementor - v3.17.0 - 08-11-2023 *\/\n.elementor-heading-title{padding:0;margin:0;line-height:1}.elementor-widget-heading .elementor-heading-title[class*=elementor-size-]>a{color:inherit;font-size:inherit;line-height:inherit}.elementor-widget-heading .elementor-heading-title.elementor-size-small{font-size:15px}.elementor-widget-heading .elementor-heading-title.elementor-size-medium{font-size:19px}.elementor-widget-heading .elementor-heading-title.elementor-size-large{font-size:29px}.elementor-widget-heading .elementor-heading-title.elementor-size-xl{font-size:39px}.elementor-widget-heading .elementor-heading-title.elementor-size-xxl{font-size:59px}<\/style><h1 class=\"elementor-heading-title elementor-size-default\">Sztuki pi\u0119kne i u\u017cytkowe<\/h1>\t\t<\/div>\n\t\t\t\t<\/div>\n\t\t\t\t\t<\/div>\n\t\t<\/div>\n\t\t\t\t\t\t\t<\/div>\n\t\t<\/section>\n\t\t\t\t<section data-particle_enable=\"false\" data-particle-mobile-disabled=\"false\" class=\"elementor-section elementor-top-section elementor-element elementor-element-ab05055 elementor-section-boxed elementor-section-height-default elementor-section-height-default\" data-id=\"ab05055\" data-element_type=\"section\">\n\t\t\t\t\t\t<div class=\"elementor-container elementor-column-gap-default\">\n\t\t\t\t\t<div class=\"elementor-column elementor-col-33 elementor-top-column elementor-element elementor-element-21e18af\" data-id=\"21e18af\" data-element_type=\"column\">\n\t\t\t<div class=\"elementor-widget-wrap elementor-element-populated\">\n\t\t\t\t\t\t\t\t<div class=\"elementor-element elementor-element-d11074b elementor-widget elementor-widget-shortcode\" data-id=\"d11074b\" data-element_type=\"widget\" data-settings=\"{&quot;sticky&quot;:&quot;top&quot;,&quot;sticky_on&quot;:[&quot;tablet&quot;,&quot;mobile&quot;],&quot;sticky_offset&quot;:0,&quot;sticky_effects_offset&quot;:0}\" data-widget_type=\"shortcode.default\">\n\t\t\t\t<div class=\"elementor-widget-container\">\n\t\t\t\t\t<div class=\"elementor-shortcode\"><div id=\"mega-menu-wrap-max_mega_menu_1\" class=\"mega-menu-wrap\"><div class=\"mega-menu-toggle\"><div class=\"mega-toggle-blocks-left\"><div class='mega-toggle-block mega-html-block mega-toggle-block-1' id='mega-toggle-block-1'><p style=\"color:white; font-size:18px; font-weight: bold; padding-left:15px\">IN THIS SECTION<\/p><\/span><\/div><\/div><div class=\"mega-toggle-blocks-center\"><\/div><div class=\"mega-toggle-blocks-right\"><div class='mega-toggle-block mega-menu-toggle-block mega-toggle-block-2' id='mega-toggle-block-2' tabindex='0'><span class='mega-toggle-label' role='button' aria-expanded='false'><span class='mega-toggle-label-closed'><\/span><span class='mega-toggle-label-open'><\/span><\/span><\/div><\/div><\/div><ul id=\"mega-menu-max_mega_menu_1\" class=\"mega-menu max-mega-menu mega-menu-accordion mega-no-js\" data-event=\"click\" data-effect=\"fade_up\" data-effect-speed=\"200\" data-effect-mobile=\"disabled\" data-effect-speed-mobile=\"0\" data-mobile-force-width=\"false\" data-second-click=\"go\" data-document-click=\"disabled\" data-vertical-behaviour=\"standard\" data-breakpoint=\"1024\" data-unbind=\"true\" data-mobile-state=\"collapse_all\" data-hover-intent-timeout=\"300\" data-hover-intent-interval=\"100\"><li class='mega-menu-item mega-menu-item-type-custom mega-menu-item-object-custom mega-menu-item-has-children mega-align-bottom-left mega-menu-flyout mega-menu-item-389' id='mega-menu-item-389'><a class=\"mega-menu-link\" aria-haspopup=\"true\" aria-expanded=\"false\" tabindex=\"0\">About FPS<span class=\"mega-indicator\"><\/span><\/a>\n<ul class=\"mega-sub-menu\">\n<li class='mega-menu-item mega-menu-item-type-post_type mega-menu-item-object-page mega-menu-item-341' id='mega-menu-item-341'><a class=\"mega-menu-link\" href=\"https:\/\/fpsct.org\/about\/who-we-are\/\">Kim jeste\u015bmy<\/a><\/li><li class='mega-menu-item mega-menu-item-type-post_type mega-menu-item-object-page mega-menu-item-3256' id='mega-menu-item-3256'><a class=\"mega-menu-link\" href=\"https:\/\/fpsct.org\/about\/board-of-education\/\">Rada Edukacji<\/a><\/li><li class='mega-menu-item mega-menu-item-type-post_type mega-menu-item-object-page mega-menu-item-333' id='mega-menu-item-333'><a class=\"mega-menu-link\" href=\"https:\/\/fpsct.org\/about\/district-calendar\/\">Kalendarz okr\u0119gowy<\/a><\/li><li class='mega-menu-item mega-menu-item-type-post_type mega-menu-item-object-page mega-menu-item-367' id='mega-menu-item-367'><a class=\"mega-menu-link\" href=\"https:\/\/fpsct.org\/about\/directory\/\">Katalog wydzia\u0142\u00f3w i pracownik\u00f3w<\/a><\/li><li class='mega-menu-item mega-menu-item-type-post_type mega-menu-item-object-page mega-menu-item-334' id='mega-menu-item-334'><a class=\"mega-menu-link\" href=\"https:\/\/fpsct.org\/about\/emergency-information\/\">Informacje o nag\u0142ych wypadkach<\/a><\/li><li class='mega-menu-item mega-menu-item-type-post_type mega-menu-item-object-page mega-menu-item-339' id='mega-menu-item-339'><a class=\"mega-menu-link\" href=\"https:\/\/fpsct.org\/about\/school-schedules\/\">Harmonogramy szkolne<\/a><\/li><li class='mega-menu-item mega-menu-item-type-post_type mega-menu-item-object-page mega-menu-item-340' id='mega-menu-item-340'><a class=\"mega-menu-link\" href=\"https:\/\/fpsct.org\/about\/transportation\/\">Transport<\/a><\/li><li class='mega-menu-item mega-menu-item-type-post_type mega-menu-item-object-page mega-menu-item-336' id='mega-menu-item-336'><a class=\"mega-menu-link\" href=\"https:\/\/fpsct.org\/about\/food-nutrition\/\">\u017bywno\u015b\u0107 i od\u017cywianie<\/a><\/li><li class='mega-menu-item mega-menu-item-type-post_type mega-menu-item-object-page mega-menu-item-332' id='mega-menu-item-332'><a class=\"mega-menu-link\" href=\"https:\/\/fpsct.org\/about\/district-school-reports\/\">Raporty okr\u0119gowe i szkolne<\/a><\/li><li class='mega-menu-item mega-menu-item-type-post_type mega-menu-item-object-page mega-menu-item-338' id='mega-menu-item-338'><a class=\"mega-menu-link\" href=\"https:\/\/fpsct.org\/about\/safe-school-climate\/\">Klimat bezpiecznej szko\u0142y<\/a><\/li><li class='mega-menu-item mega-menu-item-type-post_type mega-menu-item-object-page mega-menu-item-345' id='mega-menu-item-345'><a class=\"mega-menu-link\" href=\"https:\/\/fpsct.org\/about\/school-registration\/\">Rejestracja w szkole<\/a><\/li><li class='mega-menu-item mega-menu-item-type-post_type mega-menu-item-object-page mega-menu-item-594' id='mega-menu-item-594'><a class=\"mega-menu-link\" href=\"https:\/\/fpsct.org\/about\/employment-opportunities\/\">Mo\u017cliwo\u015bci zatrudnienia<\/a><\/li><\/ul>\n<\/li><li class='mega-menu-item mega-menu-item-type-custom mega-menu-item-object-custom mega-menu-item-has-children mega-align-bottom-left mega-menu-flyout mega-menu-item-250' id='mega-menu-item-250'><a class=\"mega-menu-link\" aria-haspopup=\"true\" aria-expanded=\"false\" tabindex=\"0\">Schools<span class=\"mega-indicator\"><\/span><\/a>\n<ul class=\"mega-sub-menu\">\n<li class='mega-menu-item mega-menu-item-type-post_type mega-menu-item-object-page mega-menu-item-103' id='mega-menu-item-103'><a class=\"mega-menu-link\" href=\"https:\/\/fpsct.org\/schools\/farmington-high-school\/\">Farmington High School<\/a><\/li><li class='mega-menu-item mega-menu-item-type-post_type mega-menu-item-object-page mega-menu-item-104' id='mega-menu-item-104'><a class=\"mega-menu-link\" href=\"https:\/\/fpsct.org\/schools\/irving-a-robbins-middle-school\/\">Irving A. Robbins Middle School<\/a><\/li><li class='mega-menu-item mega-menu-item-type-post_type mega-menu-item-object-page mega-menu-item-99' id='mega-menu-item-99'><a class=\"mega-menu-link\" href=\"https:\/\/fpsct.org\/schools\/east-farms-elementary-school\/\">Szko\u0142a podstawowa East Farms<\/a><\/li><li class='mega-menu-item mega-menu-item-type-post_type mega-menu-item-object-page mega-menu-item-108' id='mega-menu-item-108'><a class=\"mega-menu-link\" href=\"https:\/\/fpsct.org\/schools\/west-woods-upper-elementary-school\/\">Szko\u0142a podstawowa West Woods Upper<\/a><\/li><li class='mega-menu-item mega-menu-item-type-post_type mega-menu-item-object-page mega-menu-item-100' id='mega-menu-item-100'><a class=\"mega-menu-link\" href=\"https:\/\/fpsct.org\/schools\/farmington-collaborative-preschool\/\">Farmington Collaborative Preschool<\/a><\/li><li class='mega-menu-item mega-menu-item-type-post_type mega-menu-item-object-page mega-menu-item-105' id='mega-menu-item-105'><a class=\"mega-menu-link\" href=\"https:\/\/fpsct.org\/schools\/noah-wallace-elementary-school\/\">Szko\u0142a podstawowa Noah Wallace<\/a><\/li><li class='mega-menu-item mega-menu-item-type-post_type mega-menu-item-object-page mega-menu-item-107' id='mega-menu-item-107'><a class=\"mega-menu-link\" href=\"https:\/\/fpsct.org\/schools\/west-district-elementary-school\/\">Szko\u0142a podstawowa West District<\/a><\/li><li class='mega-menu-item mega-menu-item-type-post_type mega-menu-item-object-page mega-menu-item-106' id='mega-menu-item-106'><a class=\"mega-menu-link\" href=\"https:\/\/fpsct.org\/schools\/union-elementary-school\/\">Szko\u0142a podstawowa Union<\/a><\/li><\/ul>\n<\/li><li class='mega-menu-item mega-menu-item-type-custom mega-menu-item-object-custom mega-menu-item-has-children mega-align-bottom-left mega-menu-flyout mega-menu-item-388' id='mega-menu-item-388'><a class=\"mega-menu-link\" aria-haspopup=\"true\" aria-expanded=\"false\" tabindex=\"0\">District Departments<span class=\"mega-indicator\"><\/span><\/a>\n<ul class=\"mega-sub-menu\">\n<li class='mega-menu-item mega-menu-item-type-post_type mega-menu-item-object-page mega-menu-item-252' id='mega-menu-item-252'><a class=\"mega-menu-link\" href=\"https:\/\/fpsct.org\/district-departments\/office-of-the-superintendent\/\">Biuro Kuratora<\/a><\/li><li class='mega-menu-item mega-menu-item-type-post_type mega-menu-item-object-page mega-menu-item-264' id='mega-menu-item-264'><a class=\"mega-menu-link\" href=\"https:\/\/fpsct.org\/district-departments\/curriculum-instruction\/\">Program nauczania i instrukcje<\/a><\/li><li class='mega-menu-item mega-menu-item-type-post_type mega-menu-item-object-page mega-menu-item-263' id='mega-menu-item-263'><a class=\"mega-menu-link\" href=\"https:\/\/fpsct.org\/district-departments\/special-services\/\">Us\u0142ugi specjalne<\/a><\/li><li class='mega-menu-item mega-menu-item-type-post_type mega-menu-item-object-page mega-menu-item-262' id='mega-menu-item-262'><a class=\"mega-menu-link\" href=\"https:\/\/fpsct.org\/district-departments\/finance-operations\/\">Finanse i operacje<\/a><\/li><li class='mega-menu-item mega-menu-item-type-post_type mega-menu-item-object-page mega-menu-item-261' id='mega-menu-item-261'><a class=\"mega-menu-link\" href=\"https:\/\/fpsct.org\/district-departments\/technology-services\/\">Us\u0142ugi technologiczne<\/a><\/li><li class='mega-menu-item mega-menu-item-type-post_type mega-menu-item-object-page mega-menu-item-2431' id='mega-menu-item-2431'><a class=\"mega-menu-link\" href=\"https:\/\/fpsct.org\/district-departments\/facilities\/\">Udogodnienia<\/a><\/li><li class='mega-menu-item mega-menu-item-type-post_type mega-menu-item-object-page mega-menu-item-260' id='mega-menu-item-260'><a class=\"mega-menu-link\" href=\"https:\/\/fpsct.org\/district-departments\/equity-inclusion\/\">R\u00f3wno\u015b\u0107 i w\u0142\u0105czenie<\/a><\/li><li class='mega-menu-item mega-menu-item-type-custom mega-menu-item-object-custom mega-menu-item-265' id='mega-menu-item-265'><a target=\"_blank\" class=\"mega-menu-link\" href=\"https:\/\/sites.google.com\/fpsct.org\/fpsenglishlearnerprogram\/home\">English Language Learners<\/a><\/li><li class='mega-menu-item mega-menu-item-type-post_type mega-menu-item-object-page mega-menu-item-251' id='mega-menu-item-251'><a class=\"mega-menu-link\" href=\"https:\/\/fpsct.org\/district-departments\/hr\/\">Zasoby ludzkie<\/a><\/li><\/ul>\n<\/li><li class='mega-menu-item mega-menu-item-type-post_type mega-menu-item-object-page mega-menu-item-has-children mega-align-bottom-left mega-menu-flyout mega-menu-item-96' id='mega-menu-item-96'><a class=\"mega-menu-link\" href=\"https:\/\/fpsct.org\/beyond-the-classroom\/\" aria-haspopup=\"true\" aria-expanded=\"false\" tabindex=\"0\">Poza sal\u0105 lekcyjn\u0105<span class=\"mega-indicator\"><\/span><\/a>\n<ul class=\"mega-sub-menu\">\n<li class='mega-menu-item mega-menu-item-type-post_type mega-menu-item-object-page mega-menu-item-3238' id='mega-menu-item-3238'><a class=\"mega-menu-link\" href=\"https:\/\/fpsct.org\/beyond-the-classroom\/athletics\/\">Lekkoatletyka<\/a><\/li><li class='mega-menu-item mega-menu-item-type-custom mega-menu-item-object-custom mega-menu-item-3196' id='mega-menu-item-3196'><a target=\"_blank\" class=\"mega-menu-link\" href=\"https:\/\/sites.google.com\/fpsct.org\/farmington-music\/home\">Music in Our Schools<\/a><\/li><li class='mega-menu-item mega-menu-item-type-post_type mega-menu-item-object-page mega-menu-item-596' id='mega-menu-item-596'><a class=\"mega-menu-link\" href=\"https:\/\/fpsct.org\/beyond-the-classroom\/fine-arts\/\">Sztuki pi\u0119kne i u\u017cytkowe<\/a><\/li><li class='mega-menu-item mega-menu-item-type-custom mega-menu-item-object-custom mega-menu-item-600' id='mega-menu-item-600'><a target=\"_blank\" class=\"mega-menu-link\" href=\"https:\/\/sites.google.com\/fpsct.org\/fhscareercenter\">School to Career<\/a><\/li><li class='mega-menu-item mega-menu-item-type-post_type mega-menu-item-object-page mega-menu-item-598' id='mega-menu-item-598'><a class=\"mega-menu-link\" href=\"https:\/\/fpsct.org\/schools\/farmington-continuing-education\/\">Kszta\u0142cenie ustawiczne w Farmington<\/a><\/li><li class='mega-menu-item mega-menu-item-type-custom mega-menu-item-object-custom mega-menu-item-601' id='mega-menu-item-601'><a target=\"_blank\" class=\"mega-menu-link\" href=\"https:\/\/www.fpsfoundation.org\/\">Farmington Public Schools Foundation<\/a><\/li><li class='mega-menu-item mega-menu-item-type-post_type mega-menu-item-object-page mega-menu-item-599' id='mega-menu-item-599'><a class=\"mega-menu-link\" href=\"https:\/\/fpsct.org\/schools\/farmington-extended-care-and-learning-excl\/\">Rozszerzona opieka i nauka w Farmington (EXCL)<\/a><\/li><li class='mega-menu-item mega-menu-item-type-custom mega-menu-item-object-custom mega-menu-item-602' id='mega-menu-item-602'><a target=\"_blank\" class=\"mega-menu-link\" href=\"https:\/\/www.farmington-ct.org\/\">Town of Farmington<\/a><\/li><\/ul>\n<\/li><li class='mega-menu-item mega-menu-item-type-post_type mega-menu-item-object-page mega-align-bottom-left mega-menu-flyout mega-menu-item-111' id='mega-menu-item-111'><a class=\"mega-menu-link\" href=\"https:\/\/fpsct.org\/news\/\" tabindex=\"0\">Aktualno\u015bci<\/a><\/li><li class='mega-menu-item mega-menu-item-type-post_type mega-menu-item-object-page mega-align-bottom-left mega-menu-flyout mega-menu-item-112' id='mega-menu-item-112'><a class=\"mega-menu-link\" href=\"https:\/\/fpsct.org\/contact\/\" tabindex=\"0\">Kontakt<\/a><\/li><\/ul><\/div><\/div>\n\t\t\t\t<\/div>\n\t\t\t\t<\/div>\n\t\t\t\t\t<\/div>\n\t\t<\/div>\n\t\t\t\t<div class=\"elementor-column elementor-col-66 elementor-top-column elementor-element elementor-element-efac783\" data-id=\"efac783\" data-element_type=\"column\">\n\t\t\t<div class=\"elementor-widget-wrap elementor-element-populated\">\n\t\t\t\t\t\t\t\t<div class=\"elementor-element elementor-element-03031f2 elementor-widget elementor-widget-image\" data-id=\"03031f2\" data-element_type=\"widget\" data-widget_type=\"image.default\">\n\t\t\t\t<div class=\"elementor-widget-container\">\n\t\t\t<style>\/*! elementor - v3.17.0 - 08-11-2023 *\/\n.elementor-widget-image{text-align:center}.elementor-widget-image a{display:inline-block}.elementor-widget-image a img[src$=\".svg\"]{width:48px}.elementor-widget-image img{vertical-align:middle;display:inline-block}<\/style>\t\t\t\t\t\t\t\t\t\t\t\t<img loading=\"lazy\" decoding=\"async\" width=\"1000\" height=\"573\" src=\"https:\/\/fpsct.org\/wp-content\/uploads\/2023\/07\/arts.jpg\" class=\"attachment-large size-large wp-image-1032\" alt=\"\" srcset=\"https:\/\/fpsct.org\/wp-content\/uploads\/2023\/07\/arts.jpg 1000w, https:\/\/fpsct.org\/wp-content\/uploads\/2023\/07\/arts-768x440.jpg 768w\" sizes=\"auto, (max-width: 1000px) 100vw, 1000px\" \/>\t\t\t\t\t\t\t\t\t\t\t\t\t\t\t<\/div>\n\t\t\t\t<\/div>\n\t\t\t\t<div class=\"elementor-element elementor-element-f6d1a79 elementor-widget elementor-widget-text-editor\" data-id=\"f6d1a79\" data-element_type=\"widget\" data-widget_type=\"text-editor.default\">\n\t\t\t\t<div class=\"elementor-widget-container\">\n\t\t\t<style>\/*! elementor - v3.17.0 - 08-11-2023 *\/\n.elementor-widget-text-editor.elementor-drop-cap-view-stacked .elementor-drop-cap{background-color:#69727d;color:#fff}.elementor-widget-text-editor.elementor-drop-cap-view-framed .elementor-drop-cap{color:#69727d;border:3px solid;background-color:transparent}.elementor-widget-text-editor:not(.elementor-drop-cap-view-default) .elementor-drop-cap{margin-top:8px}.elementor-widget-text-editor:not(.elementor-drop-cap-view-default) .elementor-drop-cap-letter{width:1em;height:1em}.elementor-widget-text-editor .elementor-drop-cap{float:left;text-align:center;line-height:1;font-size:50px}.elementor-widget-text-editor .elementor-drop-cap-letter{display:inline-block}<\/style>\t\t\t\t<p>Misj\u0105 Wydzia\u0142u Sztuk Pi\u0119knych i Stosowanych Farmington Public School jest przygotowanie uczni\u00f3w z umiej\u0119tno\u015bciami i koncepcyjnym zrozumieniem, kt\u00f3re pozwol\u0105 im by\u0107 innowacyjnymi, pewnymi siebie my\u015blicielami, zdolnymi do tworzenia osobistej sztuki i projektowania z wysoce konkurencyjnymi aplikacjami w \u015bwiecie rzeczywistym, \u015bwiadomo\u015bci\u0105 wsp\u00f3\u0142czesnej kultury wizualnej i medi\u00f3w oraz g\u0142\u0119bokim uznaniem dla globalnej sztuki i projektowania na przestrzeni czasu.<\/p>\n\t\t\t\t\t\t<\/div>\n\t\t\t\t<\/div>\n\t\t\t\t<section data-particle_enable=\"false\" data-particle-mobile-disabled=\"false\" class=\"elementor-section elementor-inner-section elementor-element elementor-element-1ee0c19 elementor-section-boxed elementor-section-height-default elementor-section-height-default\" data-id=\"1ee0c19\" data-element_type=\"section\">\n\t\t\t\t\t\t<div class=\"elementor-container elementor-column-gap-default\">\n\t\t\t\t\t<div class=\"elementor-column elementor-col-50 elementor-inner-column elementor-element elementor-element-39decbd\" data-id=\"39decbd\" data-element_type=\"column\">\n\t\t\t<div class=\"elementor-widget-wrap elementor-element-populated\">\n\t\t\t\t\t\t\t\t<div class=\"elementor-element elementor-element-7220d8a elementor-align-justify elementor-widget elementor-widget-button\" data-id=\"7220d8a\" data-element_type=\"widget\" data-widget_type=\"button.default\">\n\t\t\t\t<div class=\"elementor-widget-container\">\n\t\t\t\t\t<div class=\"elementor-button-wrapper\">\n\t\t\t<a class=\"elementor-button elementor-button-link elementor-size-md\" href=\"https:\/\/fpsct.org\/pl\/poza-sala-lekcyjna\/sztuki-piekne-i-uzytkowe\/program-artystyczny\/\">\n\t\t\t\t\t\t<span class=\"elementor-button-content-wrapper\">\n\t\t\t\t\t\t<span class=\"elementor-button-text\">Program artystyczny<\/span>\n\t\t<\/span>\n\t\t\t\t\t<\/a>\n\t\t<\/div>\n\t\t\t\t<\/div>\n\t\t\t\t<\/div>\n\t\t\t\t\t<\/div>\n\t\t<\/div>\n\t\t\t\t<div class=\"elementor-column elementor-col-50 elementor-inner-column elementor-element elementor-element-f644377\" data-id=\"f644377\" data-element_type=\"column\">\n\t\t\t<div class=\"elementor-widget-wrap elementor-element-populated\">\n\t\t\t\t\t\t\t\t<div class=\"elementor-element elementor-element-8628dc0 elementor-align-justify elementor-widget elementor-widget-button\" data-id=\"8628dc0\" data-element_type=\"widget\" data-widget_type=\"button.default\">\n\t\t\t\t<div class=\"elementor-widget-container\">\n\t\t\t\t\t<div class=\"elementor-button-wrapper\">\n\t\t\t<a class=\"elementor-button elementor-button-link elementor-size-md\" href=\"https:\/\/fpsct.org\/pl\/poza-sala-lekcyjna\/sztuki-piekne-i-uzytkowe\/sztuka-w-spolecznosci\/\">\n\t\t\t\t\t\t<span class=\"elementor-button-content-wrapper\">\n\t\t\t\t\t\t<span class=\"elementor-button-text\">Sztuka w spo\u0142eczno\u015bci<\/span>\n\t\t<\/span>\n\t\t\t\t\t<\/a>\n\t\t<\/div>\n\t\t\t\t<\/div>\n\t\t\t\t<\/div>\n\t\t\t\t\t<\/div>\n\t\t<\/div>\n\t\t\t\t\t\t\t<\/div>\n\t\t<\/section>\n\t\t\t\t<section data-particle_enable=\"false\" data-particle-mobile-disabled=\"false\" class=\"elementor-section elementor-inner-section elementor-element elementor-element-956b4aa elementor-section-boxed elementor-section-height-default elementor-section-height-default\" data-id=\"956b4aa\" data-element_type=\"section\">\n\t\t\t\t\t\t<div class=\"elementor-container elementor-column-gap-default\">\n\t\t\t\t\t<div class=\"elementor-column elementor-col-100 elementor-inner-column elementor-element elementor-element-0227569\" data-id=\"0227569\" data-element_type=\"column\">\n\t\t\t<div class=\"elementor-widget-wrap elementor-element-populated\">\n\t\t\t\t\t\t\t\t<div class=\"elementor-element elementor-element-3a06095 elementor-align-justify elementor-widget elementor-widget-button\" data-id=\"3a06095\" data-element_type=\"widget\" data-widget_type=\"button.default\">\n\t\t\t\t<div class=\"elementor-widget-container\">\n\t\t\t\t\t<div class=\"elementor-button-wrapper\">\n\t\t\t<a class=\"elementor-button elementor-button-link elementor-size-md\" href=\"https:\/\/fpsct.org\/pl\/poza-sala-lekcyjna\/sztuki-piekne-i-uzytkowe\/wystawy-i-wydarzenia\/\">\n\t\t\t\t\t\t<span class=\"elementor-button-content-wrapper\">\n\t\t\t\t\t\t<span class=\"elementor-button-text\">Wystawy i wydarzenia<\/span>\n\t\t<\/span>\n\t\t\t\t\t<\/a>\n\t\t<\/div>\n\t\t\t\t<\/div>\n\t\t\t\t<\/div>\n\t\t\t\t\t<\/div>\n\t\t<\/div>\n\t\t\t\t\t\t\t<\/div>\n\t\t<\/section>\n\t\t\t\t<div class=\"elementor-element elementor-element-d361a69 elementor-widget elementor-widget-spacer\" data-id=\"d361a69\" data-element_type=\"widget\" data-widget_type=\"spacer.default\">\n\t\t\t\t<div class=\"elementor-widget-container\">\n\t\t\t<style>\/*! elementor - v3.17.0 - 08-11-2023 *\/\n.elementor-column .elementor-spacer-inner{height:var(--spacer-size)}.e-con{--container-widget-width:100%}.e-con-inner>.elementor-widget-spacer,.e-con>.elementor-widget-spacer{width:var(--container-widget-width,var(--spacer-size));--align-self:var(--container-widget-align-self,initial);--flex-shrink:0}.e-con-inner>.elementor-widget-spacer>.elementor-widget-container,.e-con>.elementor-widget-spacer>.elementor-widget-container{height:100%;width:100%}.e-con-inner>.elementor-widget-spacer>.elementor-widget-container>.elementor-spacer,.e-con>.elementor-widget-spacer>.elementor-widget-container>.elementor-spacer{height:100%}.e-con-inner>.elementor-widget-spacer>.elementor-widget-container>.elementor-spacer>.elementor-spacer-inner,.e-con>.elementor-widget-spacer>.elementor-widget-container>.elementor-spacer>.elementor-spacer-inner{height:var(--container-widget-height,var(--spacer-size))}.e-con-inner>.elementor-widget-spacer.elementor-widget-empty,.e-con>.elementor-widget-spacer.elementor-widget-empty{position:relative;min-height:22px;min-width:22px}.e-con-inner>.elementor-widget-spacer.elementor-widget-empty .elementor-widget-empty-icon,.e-con>.elementor-widget-spacer.elementor-widget-empty .elementor-widget-empty-icon{position:absolute;top:0;bottom:0;left:0;right:0;margin:auto;padding:0;width:22px;height:22px}<\/style>\t\t<div class=\"elementor-spacer\">\n\t\t\t<div class=\"elementor-spacer-inner\"><\/div>\n\t\t<\/div>\n\t\t\t\t<\/div>\n\t\t\t\t<\/div>\n\t\t\t\t\t<\/div>\n\t\t<\/div>\n\t\t\t\t\t\t\t<\/div>\n\t\t<\/section>\n\t\t\t\t\t\t\t<\/div>\n\t\t","protected":false},"excerpt":{"rendered":"<p>Sztuki pi\u0119kne i u\u017cytkowe Misj\u0105 Wydzia\u0142u Sztuk Pi\u0119knych i Stosowanych Farmington Public School jest przygotowanie uczni\u00f3w z umiej\u0119tno\u015bciami i koncepcyjnym zrozumieniem, kt\u00f3re pozwol\u0105 im by\u0107 innowacyjnymi, pewnymi siebie my\u015blicielami, zdolnymi do tworzenia osobistej sztuki i projektowania z wysoce konkurencyjnymi aplikacjami w \u015bwiecie rzeczywistym, \u015bwiadomo\u015bci\u0105 wsp\u00f3\u0142czesnej kultury wizualnej i medi\u00f3w oraz g\u0142\u0119bokim uznaniem dla globalnej sztuki [&hellip;]<\/p>\n","protected":false},"author":1,"featured_media":0,"parent":15352,"menu_order":0,"comment_status":"closed","ping_status":"closed","template":"","meta":{"_acf_changed":false,"footnotes":""},"class_list":["post-15925","page","type-page","status-publish","hentry"],"acf":[],"_links":{"self":[{"href":"https:\/\/fpsct.org\/pl\/wp-json\/wp\/v2\/pages\/15925","targetHints":{"allow":["GET"]}}],"collection":[{"href":"https:\/\/fpsct.org\/pl\/wp-json\/wp\/v2\/pages"}],"about":[{"href":"https:\/\/fpsct.org\/pl\/wp-json\/wp\/v2\/types\/page"}],"author":[{"embeddable":true,"href":"https:\/\/fpsct.org\/pl\/wp-json\/wp\/v2\/users\/1"}],"replies":[{"embeddable":true,"href":"https:\/\/fpsct.org\/pl\/wp-json\/wp\/v2\/comments?post=15925"}],"version-history":[{"count":0,"href":"https:\/\/fpsct.org\/pl\/wp-json\/wp\/v2\/pages\/15925\/revisions"}],"up":[{"embeddable":true,"href":"https:\/\/fpsct.org\/pl\/wp-json\/wp\/v2\/pages\/15352"}],"wp:attachment":[{"href":"https:\/\/fpsct.org\/pl\/wp-json\/wp\/v2\/media?parent=15925"}],"curies":[{"name":"wp","href":"https:\/\/api.w.org\/{rel}","templated":true}]}}