
{"id":15452,"date":"2023-06-02T01:05:10","date_gmt":"2023-06-02T05:05:10","guid":{"rendered":"https:\/\/fpsct.org\/polityka-eoe\/"},"modified":"2025-02-05T07:41:59","modified_gmt":"2025-02-05T12:41:59","slug":"polityka-eoe","status":"publish","type":"page","link":"https:\/\/fpsct.org\/pl\/polityka-eoe\/","title":{"rendered":"Polityka EOE"},"content":{"rendered":"\t\t<div data-elementor-type=\"wp-page\" data-elementor-id=\"15452\" class=\"elementor elementor-15452 elementor-421\" data-elementor-post-type=\"page\">\n\t\t\t\t\t\t\t\t\t<section data-particle_enable=\"false\" data-particle-mobile-disabled=\"false\" class=\"elementor-section elementor-top-section elementor-element elementor-element-4d0425e elementor-section-content-middle elementor-reverse-mobile elementor-section-boxed elementor-section-height-default elementor-section-height-default\" data-id=\"4d0425e\" data-element_type=\"section\" data-settings=\"{&quot;background_background&quot;:&quot;classic&quot;}\">\n\t\t\t\t\t\t<div class=\"elementor-container elementor-column-gap-no\">\n\t\t\t\t\t<div class=\"elementor-column elementor-col-100 elementor-top-column elementor-element elementor-element-d92e175\" data-id=\"d92e175\" data-element_type=\"column\">\n\t\t\t<div class=\"elementor-widget-wrap elementor-element-populated\">\n\t\t\t\t\t\t\t\t<div class=\"elementor-element elementor-element-0035892 elementor-widget elementor-widget-heading\" data-id=\"0035892\" data-element_type=\"widget\" data-widget_type=\"heading.default\">\n\t\t\t\t<div class=\"elementor-widget-container\">\n\t\t\t<style>\/*! elementor - v3.17.0 - 08-11-2023 *\/\n.elementor-heading-title{padding:0;margin:0;line-height:1}.elementor-widget-heading .elementor-heading-title[class*=elementor-size-]>a{color:inherit;font-size:inherit;line-height:inherit}.elementor-widget-heading .elementor-heading-title.elementor-size-small{font-size:15px}.elementor-widget-heading .elementor-heading-title.elementor-size-medium{font-size:19px}.elementor-widget-heading .elementor-heading-title.elementor-size-large{font-size:29px}.elementor-widget-heading .elementor-heading-title.elementor-size-xl{font-size:39px}.elementor-widget-heading .elementor-heading-title.elementor-size-xxl{font-size:59px}<\/style><h1 class=\"elementor-heading-title elementor-size-default\">Polityka r\u00f3wnych szans w zatrudnieniu\n<\/h1>\t\t<\/div>\n\t\t\t\t<\/div>\n\t\t\t\t\t<\/div>\n\t\t<\/div>\n\t\t\t\t\t\t\t<\/div>\n\t\t<\/section>\n\t\t\t\t<section data-particle_enable=\"false\" data-particle-mobile-disabled=\"false\" class=\"elementor-section elementor-top-section elementor-element elementor-element-451041f elementor-section-boxed elementor-section-height-default elementor-section-height-default\" data-id=\"451041f\" data-element_type=\"section\">\n\t\t\t\t\t\t<div class=\"elementor-container elementor-column-gap-default\">\n\t\t\t\t\t<div class=\"elementor-column elementor-col-100 elementor-top-column elementor-element elementor-element-b402ba2\" data-id=\"b402ba2\" data-element_type=\"column\">\n\t\t\t<div class=\"elementor-widget-wrap elementor-element-populated\">\n\t\t\t\t\t\t\t\t<div class=\"elementor-element elementor-element-b050f3c elementor-widget elementor-widget-text-editor\" data-id=\"b050f3c\" data-element_type=\"widget\" data-widget_type=\"text-editor.default\">\n\t\t\t\t<div class=\"elementor-widget-container\">\n\t\t\t<style>\/*! elementor - v3.17.0 - 08-11-2023 *\/\n.elementor-widget-text-editor.elementor-drop-cap-view-stacked .elementor-drop-cap{background-color:#69727d;color:#fff}.elementor-widget-text-editor.elementor-drop-cap-view-framed .elementor-drop-cap{color:#69727d;border:3px solid;background-color:transparent}.elementor-widget-text-editor:not(.elementor-drop-cap-view-default) .elementor-drop-cap{margin-top:8px}.elementor-widget-text-editor:not(.elementor-drop-cap-view-default) .elementor-drop-cap-letter{width:1em;height:1em}.elementor-widget-text-editor .elementor-drop-cap{float:left;text-align:center;line-height:1;font-size:50px}.elementor-widget-text-editor .elementor-drop-cap-letter{display:inline-block}<\/style>\t\t\t\t<p>Farmington Board of Education (&#8222;Rada&#8221;) nie b\u0119dzie podejmowa\u0107 decyzji dotycz\u0105cych zatrudnienia (w tym decyzji zwi\u0105zanych z zatrudnianiem, przydzielaniem, wynagradzaniem, awansowaniem, degradowaniem, dzia\u0142aniami dyscyplinarnymi i rozwi\u0105zywaniem um\u00f3w) na podstawie rasy, koloru sk\u00f3ry, religii, wieku, p\u0142ci, stanu cywilnego, orientacji seksualnej, pochodzenia narodowego, cudzoziemstwa, przodk\u00f3w, niepe\u0142nosprawno\u015bci, ci\u0105\u017cy, informacji genetycznych, statusu weterana, to\u017csamo\u015bci lub ekspresji p\u0142ciowej, statusu ofiary przemocy domowej lub jakiejkolwiek innej podstawy zabronionej przez prawo stanowe lub federalne (&#8222;Klasa chroniona&#8221;), z wyj\u0105tkiem przypadku kwalifikacji zawodowych w dobrej wierze.<\/p>\n<p><span style=\"color: #981c1e;\"><strong>Pytania dotycz\u0105ce zgodno\u015bci z Tytu\u0142em VI lub Tytu\u0142em IX nale\u017cy kierowa\u0107 na adres:<br \/>Veronica Ruzek, 1 Monteith Drive, Farmington, CT 06032 860-673-8270.  <\/strong><\/span><\/p>\n<p><span style=\"color: #981c1e;\"><strong>Pytania dotycz\u0105ce zgodno\u015bci z Sekcj\u0105 504 nale\u017cy kierowa\u0107 na adres:<br \/>Wendy Shepard-Bannish, 1 Monteith Drive, Farmington, CT 06032 860-677-1791.<\/strong><\/span><\/p>\n\t\t\t\t\t\t<\/div>\n\t\t\t\t<\/div>\n\t\t\t\t\t<\/div>\n\t\t<\/div>\n\t\t\t\t\t\t\t<\/div>\n\t\t<\/section>\n\t\t\t\t\t\t\t<\/div>\n\t\t","protected":false},"excerpt":{"rendered":"<p>Polityka r\u00f3wnych szans w zatrudnieniu Farmington Board of Education (&#8222;Rada&#8221;) nie b\u0119dzie podejmowa\u0107 decyzji dotycz\u0105cych zatrudnienia (w tym decyzji zwi\u0105zanych z zatrudnianiem, przydzielaniem, wynagradzaniem, awansowaniem, degradowaniem, dzia\u0142aniami dyscyplinarnymi i rozwi\u0105zywaniem um\u00f3w) na podstawie rasy, koloru sk\u00f3ry, religii, wieku, p\u0142ci, stanu cywilnego, orientacji seksualnej, pochodzenia narodowego, cudzoziemstwa, przodk\u00f3w, niepe\u0142nosprawno\u015bci, ci\u0105\u017cy, informacji genetycznych, statusu weterana, to\u017csamo\u015bci lub [&hellip;]<\/p>\n","protected":false},"author":1,"featured_media":0,"parent":0,"menu_order":0,"comment_status":"closed","ping_status":"closed","template":"","meta":{"_acf_changed":false,"footnotes":""},"class_list":["post-15452","page","type-page","status-publish","hentry"],"acf":[],"_links":{"self":[{"href":"https:\/\/fpsct.org\/pl\/wp-json\/wp\/v2\/pages\/15452","targetHints":{"allow":["GET"]}}],"collection":[{"href":"https:\/\/fpsct.org\/pl\/wp-json\/wp\/v2\/pages"}],"about":[{"href":"https:\/\/fpsct.org\/pl\/wp-json\/wp\/v2\/types\/page"}],"author":[{"embeddable":true,"href":"https:\/\/fpsct.org\/pl\/wp-json\/wp\/v2\/users\/1"}],"replies":[{"embeddable":true,"href":"https:\/\/fpsct.org\/pl\/wp-json\/wp\/v2\/comments?post=15452"}],"version-history":[{"count":0,"href":"https:\/\/fpsct.org\/pl\/wp-json\/wp\/v2\/pages\/15452\/revisions"}],"wp:attachment":[{"href":"https:\/\/fpsct.org\/pl\/wp-json\/wp\/v2\/media?parent=15452"}],"curies":[{"name":"wp","href":"https:\/\/api.w.org\/{rel}","templated":true}]}}