
{"id":16672,"date":"2023-08-23T18:16:12","date_gmt":"2023-08-23T22:16:12","guid":{"rendered":"https:\/\/fpsct.org\/mentalno-zdravlje\/"},"modified":"2024-06-24T13:08:10","modified_gmt":"2024-06-24T17:08:10","slug":"mentalno-zdravlje","status":"publish","type":"page","link":"https:\/\/fpsct.org\/hr\/obitelji\/mentalno-zdravlje\/","title":{"rendered":"Mentalno zdravlje"},"content":{"rendered":"\t\t<div data-elementor-type=\"wp-page\" data-elementor-id=\"16672\" class=\"elementor elementor-16672 elementor-1669\" data-elementor-post-type=\"page\">\n\t\t\t\t\t\t\t\t\t<section data-particle_enable=\"false\" data-particle-mobile-disabled=\"false\" class=\"elementor-section elementor-top-section elementor-element elementor-element-31e9d211 elementor-section-content-middle elementor-reverse-mobile elementor-section-boxed elementor-section-height-default elementor-section-height-default\" data-id=\"31e9d211\" data-element_type=\"section\" data-settings=\"{&quot;background_background&quot;:&quot;classic&quot;}\">\n\t\t\t\t\t\t<div class=\"elementor-container elementor-column-gap-no\">\n\t\t\t\t\t<div class=\"elementor-column elementor-col-100 elementor-top-column elementor-element elementor-element-28b2d67\" data-id=\"28b2d67\" data-element_type=\"column\">\n\t\t\t<div class=\"elementor-widget-wrap elementor-element-populated\">\n\t\t\t\t\t\t\t\t<div class=\"elementor-element elementor-element-162b0b6c elementor-widget elementor-widget-heading\" data-id=\"162b0b6c\" data-element_type=\"widget\" data-widget_type=\"heading.default\">\n\t\t\t\t<div class=\"elementor-widget-container\">\n\t\t\t<style>\/*! elementor - v3.17.0 - 08-11-2023 *\/\n.elementor-heading-title{padding:0;margin:0;line-height:1}.elementor-widget-heading .elementor-heading-title[class*=elementor-size-]>a{color:inherit;font-size:inherit;line-height:inherit}.elementor-widget-heading .elementor-heading-title.elementor-size-small{font-size:15px}.elementor-widget-heading .elementor-heading-title.elementor-size-medium{font-size:19px}.elementor-widget-heading .elementor-heading-title.elementor-size-large{font-size:29px}.elementor-widget-heading .elementor-heading-title.elementor-size-xl{font-size:39px}.elementor-widget-heading .elementor-heading-title.elementor-size-xxl{font-size:59px}<\/style><h1 class=\"elementor-heading-title elementor-size-default\">Mentalno zdravlje<\/h1>\t\t<\/div>\n\t\t\t\t<\/div>\n\t\t\t\t\t<\/div>\n\t\t<\/div>\n\t\t\t\t\t\t\t<\/div>\n\t\t<\/section>\n\t\t\t\t<section data-particle_enable=\"false\" data-particle-mobile-disabled=\"false\" class=\"elementor-section elementor-top-section elementor-element elementor-element-1fe24cd elementor-section-boxed elementor-section-height-default elementor-section-height-default\" data-id=\"1fe24cd\" data-element_type=\"section\">\n\t\t\t\t\t\t<div class=\"elementor-container elementor-column-gap-default\">\n\t\t\t\t\t<div class=\"elementor-column elementor-col-100 elementor-top-column elementor-element elementor-element-60bc584f\" data-id=\"60bc584f\" data-element_type=\"column\">\n\t\t\t<div class=\"elementor-widget-wrap elementor-element-populated\">\n\t\t\t\t\t\t\t\t<div class=\"elementor-element elementor-element-207184d6 elementor-widget elementor-widget-text-editor\" data-id=\"207184d6\" data-element_type=\"widget\" data-widget_type=\"text-editor.default\">\n\t\t\t\t<div class=\"elementor-widget-container\">\n\t\t\t<style>\/*! elementor - v3.17.0 - 08-11-2023 *\/\n.elementor-widget-text-editor.elementor-drop-cap-view-stacked .elementor-drop-cap{background-color:#69727d;color:#fff}.elementor-widget-text-editor.elementor-drop-cap-view-framed .elementor-drop-cap{color:#69727d;border:3px solid;background-color:transparent}.elementor-widget-text-editor:not(.elementor-drop-cap-view-default) .elementor-drop-cap{margin-top:8px}.elementor-widget-text-editor:not(.elementor-drop-cap-view-default) .elementor-drop-cap-letter{width:1em;height:1em}.elementor-widget-text-editor .elementor-drop-cap{float:left;text-align:center;line-height:1;font-size:50px}.elementor-widget-text-editor .elementor-drop-cap-letter{display:inline-block}<\/style>\t\t\t\t<ul>\n<li>Anksioznost i depresija prili\u010dno su \u010desta pojava u populaciji tinejd\u017eera. Kada ova stanja postanu neodoljiva i ne lije\u010de se, mogu dovesti do samolije\u010denja alkoholom i drogama i drugim rizi\u010dnim pona\u0161anjima, kao i do misli o samoozlje\u0111ivanju i samoubojstvu. Biti u stanju prepoznati znakove i simptome problema s mentalnim zdravljem klju\u010dni je prvi korak u dobivanju pomo\u0107i.\n<ul>\n<li>Niste sigurni koja su tipi\u010dna pona\u0161anja tinejd\u017eera i na \u0161to biste trebali obratiti vi\u0161e pozornosti? Pogledajte ovu izvrsnu 2-dijelnu produkciju javne televizije pod nazivom <i>Tipi\u010dno ili problemati\u010dno<\/i> <a href=\"http:\/\/www.wliw.org\/programs\/healthy-minds\/#teens-typical-or-troubled-part-one--what-you-need-to\"><i>1.<\/i><\/a> <i>i<\/i> <a href=\"http:\/\/www.wliw.org\/programs\/healthy-minds\/#teens-typical-or-troubled-part-two--suicide-prevention\"><i>2. dio<\/i><\/a> <i>.<\/i><\/li>\n<li><a href=\"http:\/\/www.afsp.org\/\">Ameri\u010dka zaklada za prevenciju samoubojstva<\/a> vrijedan je izvor informacija o samoubojstvu i depresiji<\/li>\n<li>Svi maturanti srednje \u0161kole Farmington sada su obu\u010deni za QPR (pitanje, uvjeravanje, preporuka) kako bi mogli identificirati prijatelja ili voljenu osobu u potrebi i odmah im pru\u017eiti pomo\u0107. O \u010demu se radi pogledajte na stranicama <a href=\"http:\/\/www.qprinstitute.com\/\">QPR instituta<\/a> .<\/li>\n<\/ul>\n<\/li>\n<\/ul>\n\t\t\t\t\t\t<\/div>\n\t\t\t\t<\/div>\n\t\t\t\t\t<\/div>\n\t\t<\/div>\n\t\t\t\t\t\t\t<\/div>\n\t\t<\/section>\n\t\t\t\t\t\t\t<\/div>\n\t\t","protected":false},"excerpt":{"rendered":"<p>Mentalno zdravlje Anksioznost i depresija prili\u010dno su \u010desta pojava u populaciji tinejd\u017eera. Kada ova stanja postanu neodoljiva i ne lije\u010de se, mogu dovesti do samolije\u010denja alkoholom i drogama i drugim rizi\u010dnim pona\u0161anjima, kao i do misli o samoozlje\u0111ivanju i samoubojstvu. Biti u stanju prepoznati znakove i simptome problema s mentalnim zdravljem klju\u010dni je prvi korak [&hellip;]<\/p>\n","protected":false},"author":1,"featured_media":0,"parent":20168,"menu_order":0,"comment_status":"closed","ping_status":"closed","template":"","meta":{"_acf_changed":false,"footnotes":""},"class_list":["post-16672","page","type-page","status-publish","hentry"],"acf":[],"_links":{"self":[{"href":"https:\/\/fpsct.org\/hr\/wp-json\/wp\/v2\/pages\/16672","targetHints":{"allow":["GET"]}}],"collection":[{"href":"https:\/\/fpsct.org\/hr\/wp-json\/wp\/v2\/pages"}],"about":[{"href":"https:\/\/fpsct.org\/hr\/wp-json\/wp\/v2\/types\/page"}],"author":[{"embeddable":true,"href":"https:\/\/fpsct.org\/hr\/wp-json\/wp\/v2\/users\/1"}],"replies":[{"embeddable":true,"href":"https:\/\/fpsct.org\/hr\/wp-json\/wp\/v2\/comments?post=16672"}],"version-history":[{"count":0,"href":"https:\/\/fpsct.org\/hr\/wp-json\/wp\/v2\/pages\/16672\/revisions"}],"up":[{"embeddable":true,"href":"https:\/\/fpsct.org\/hr\/wp-json\/wp\/v2\/pages\/20168"}],"wp:attachment":[{"href":"https:\/\/fpsct.org\/hr\/wp-json\/wp\/v2\/media?parent=16672"}],"curies":[{"name":"wp","href":"https:\/\/api.w.org\/{rel}","templated":true}]}}