
{"id":16438,"date":"2023-07-05T21:10:10","date_gmt":"2023-07-06T01:10:10","guid":{"rendered":"https:\/\/fpsct.org\/podrucni-odjeli\/posebne-usluge\/informacije-o-zdravlju\/"},"modified":"2025-02-13T14:47:37","modified_gmt":"2025-02-13T19:47:37","slug":"informacije-o-zdravlju","status":"publish","type":"page","link":"https:\/\/fpsct.org\/hr\/podrucni-odjeli\/posebne-usluge\/informacije-o-zdravlju\/","title":{"rendered":"Informacije o zdravlju"},"content":{"rendered":"\t\t<div data-elementor-type=\"wp-page\" data-elementor-id=\"16438\" class=\"elementor elementor-16438 elementor-1000\" data-elementor-post-type=\"page\">\n\t\t\t\t\t\t\t\t\t<section data-particle_enable=\"false\" data-particle-mobile-disabled=\"false\" class=\"elementor-section elementor-top-section elementor-element elementor-element-42ef83b elementor-section-content-middle elementor-reverse-mobile elementor-section-boxed elementor-section-height-default elementor-section-height-default\" data-id=\"42ef83b\" data-element_type=\"section\" data-settings=\"{&quot;background_background&quot;:&quot;classic&quot;}\">\n\t\t\t\t\t\t<div class=\"elementor-container elementor-column-gap-no\">\n\t\t\t\t\t<div class=\"elementor-column elementor-col-100 elementor-top-column elementor-element elementor-element-ecdfab1\" data-id=\"ecdfab1\" data-element_type=\"column\">\n\t\t\t<div class=\"elementor-widget-wrap elementor-element-populated\">\n\t\t\t\t\t\t\t\t<div class=\"elementor-element elementor-element-810d245 elementor-widget elementor-widget-heading\" data-id=\"810d245\" data-element_type=\"widget\" data-widget_type=\"heading.default\">\n\t\t\t\t<div class=\"elementor-widget-container\">\n\t\t\t<style>\/*! elementor - v3.17.0 - 08-11-2023 *\/\n.elementor-heading-title{padding:0;margin:0;line-height:1}.elementor-widget-heading .elementor-heading-title[class*=elementor-size-]>a{color:inherit;font-size:inherit;line-height:inherit}.elementor-widget-heading .elementor-heading-title.elementor-size-small{font-size:15px}.elementor-widget-heading .elementor-heading-title.elementor-size-medium{font-size:19px}.elementor-widget-heading .elementor-heading-title.elementor-size-large{font-size:29px}.elementor-widget-heading .elementor-heading-title.elementor-size-xl{font-size:39px}.elementor-widget-heading .elementor-heading-title.elementor-size-xxl{font-size:59px}<\/style><h1 class=\"elementor-heading-title elementor-size-default\">Informacije o zdravlju<\/h1>\t\t<\/div>\n\t\t\t\t<\/div>\n\t\t\t\t\t<\/div>\n\t\t<\/div>\n\t\t\t\t\t\t\t<\/div>\n\t\t<\/section>\n\t\t\t\t<section data-particle_enable=\"false\" data-particle-mobile-disabled=\"false\" class=\"elementor-section elementor-top-section elementor-element elementor-element-dfc0d0a elementor-section-boxed elementor-section-height-default elementor-section-height-default\" data-id=\"dfc0d0a\" data-element_type=\"section\">\n\t\t\t\t\t\t<div class=\"elementor-container elementor-column-gap-default\">\n\t\t\t\t\t<div class=\"elementor-column elementor-col-33 elementor-top-column elementor-element elementor-element-1c3ebfa\" data-id=\"1c3ebfa\" data-element_type=\"column\">\n\t\t\t<div class=\"elementor-widget-wrap elementor-element-populated\">\n\t\t\t\t\t\t\t\t<div class=\"elementor-element elementor-element-2cb0bbd elementor-widget elementor-widget-shortcode\" data-id=\"2cb0bbd\" data-element_type=\"widget\" data-settings=\"{&quot;sticky&quot;:&quot;top&quot;,&quot;sticky_on&quot;:[&quot;tablet&quot;,&quot;mobile&quot;],&quot;sticky_offset&quot;:0,&quot;sticky_effects_offset&quot;:0}\" data-widget_type=\"shortcode.default\">\n\t\t\t\t<div class=\"elementor-widget-container\">\n\t\t\t\t\t<div class=\"elementor-shortcode\"><div id=\"mega-menu-wrap-max_mega_menu_1\" class=\"mega-menu-wrap\"><div class=\"mega-menu-toggle\"><div class=\"mega-toggle-blocks-left\"><div class='mega-toggle-block mega-html-block mega-toggle-block-1' id='mega-toggle-block-1'><p style=\"color:white; font-size:18px; font-weight: bold; padding-left:15px\">IN THIS SECTION<\/p><\/span><\/div><\/div><div class=\"mega-toggle-blocks-center\"><\/div><div class=\"mega-toggle-blocks-right\"><div class='mega-toggle-block mega-menu-toggle-block mega-toggle-block-2' id='mega-toggle-block-2' tabindex='0'><span class='mega-toggle-label' role='button' aria-expanded='false'><span class='mega-toggle-label-closed'><\/span><span class='mega-toggle-label-open'><\/span><\/span><\/div><\/div><\/div><ul id=\"mega-menu-max_mega_menu_1\" class=\"mega-menu max-mega-menu mega-menu-accordion mega-no-js\" data-event=\"click\" data-effect=\"fade_up\" data-effect-speed=\"200\" data-effect-mobile=\"disabled\" data-effect-speed-mobile=\"0\" data-mobile-force-width=\"false\" data-second-click=\"go\" data-document-click=\"disabled\" data-vertical-behaviour=\"standard\" data-breakpoint=\"1024\" data-unbind=\"true\" data-mobile-state=\"collapse_all\" data-hover-intent-timeout=\"300\" data-hover-intent-interval=\"100\"><li class='mega-menu-item mega-menu-item-type-custom mega-menu-item-object-custom mega-menu-item-has-children mega-align-bottom-left mega-menu-flyout mega-menu-item-389' id='mega-menu-item-389'><a class=\"mega-menu-link\" aria-haspopup=\"true\" aria-expanded=\"false\" tabindex=\"0\">About FPS<span class=\"mega-indicator\"><\/span><\/a>\n<ul class=\"mega-sub-menu\">\n<li class='mega-menu-item mega-menu-item-type-post_type mega-menu-item-object-page mega-menu-item-341' id='mega-menu-item-341'><a class=\"mega-menu-link\" href=\"https:\/\/fpsct.org\/about\/who-we-are\/\">Tko smo mi<\/a><\/li><li class='mega-menu-item mega-menu-item-type-post_type mega-menu-item-object-page mega-menu-item-3256' id='mega-menu-item-3256'><a class=\"mega-menu-link\" href=\"https:\/\/fpsct.org\/about\/board-of-education\/\">Odbor za edukaciju<\/a><\/li><li class='mega-menu-item mega-menu-item-type-post_type mega-menu-item-object-page mega-menu-item-333' id='mega-menu-item-333'><a class=\"mega-menu-link\" href=\"https:\/\/fpsct.org\/about\/district-calendar\/\">Okru\u017eni kalendar<\/a><\/li><li class='mega-menu-item mega-menu-item-type-post_type mega-menu-item-object-page mega-menu-item-367' id='mega-menu-item-367'><a class=\"mega-menu-link\" href=\"https:\/\/fpsct.org\/about\/directory\/\">Imenik nastavnika i osoblja<\/a><\/li><li class='mega-menu-item mega-menu-item-type-post_type mega-menu-item-object-page mega-menu-item-334' id='mega-menu-item-334'><a class=\"mega-menu-link\" href=\"https:\/\/fpsct.org\/about\/emergency-information\/\">Hitne informacije<\/a><\/li><li class='mega-menu-item mega-menu-item-type-post_type mega-menu-item-object-page mega-menu-item-339' id='mega-menu-item-339'><a class=\"mega-menu-link\" href=\"https:\/\/fpsct.org\/about\/school-schedules\/\">\u0160kolski rasporedi<\/a><\/li><li class='mega-menu-item mega-menu-item-type-post_type mega-menu-item-object-page mega-menu-item-340' id='mega-menu-item-340'><a class=\"mega-menu-link\" href=\"https:\/\/fpsct.org\/about\/transportation\/\">Prijevoz<\/a><\/li><li class='mega-menu-item mega-menu-item-type-post_type mega-menu-item-object-page mega-menu-item-336' id='mega-menu-item-336'><a class=\"mega-menu-link\" href=\"https:\/\/fpsct.org\/about\/food-nutrition\/\">Hrana i prehrana<\/a><\/li><li class='mega-menu-item mega-menu-item-type-post_type mega-menu-item-object-page mega-menu-item-332' id='mega-menu-item-332'><a class=\"mega-menu-link\" href=\"https:\/\/fpsct.org\/about\/district-school-reports\/\">Okru\u017ena i \u0161kolska izvje\u0161\u0107a<\/a><\/li><li class='mega-menu-item mega-menu-item-type-post_type mega-menu-item-object-page mega-menu-item-338' id='mega-menu-item-338'><a class=\"mega-menu-link\" href=\"https:\/\/fpsct.org\/about\/safe-school-climate\/\">Sigurna \u0161kolska klima<\/a><\/li><li class='mega-menu-item mega-menu-item-type-post_type mega-menu-item-object-page mega-menu-item-345' id='mega-menu-item-345'><a class=\"mega-menu-link\" href=\"https:\/\/fpsct.org\/about\/school-registration\/\">Upis u \u0161kolu<\/a><\/li><li class='mega-menu-item mega-menu-item-type-post_type mega-menu-item-object-page mega-menu-item-594' id='mega-menu-item-594'><a class=\"mega-menu-link\" href=\"https:\/\/fpsct.org\/about\/employment-opportunities\/\">Mognu\u0107nosti zaposlenja<\/a><\/li><\/ul>\n<\/li><li class='mega-menu-item mega-menu-item-type-custom mega-menu-item-object-custom mega-menu-item-has-children mega-align-bottom-left mega-menu-flyout mega-menu-item-250' id='mega-menu-item-250'><a class=\"mega-menu-link\" aria-haspopup=\"true\" aria-expanded=\"false\" tabindex=\"0\">Schools<span class=\"mega-indicator\"><\/span><\/a>\n<ul class=\"mega-sub-menu\">\n<li class='mega-menu-item mega-menu-item-type-post_type mega-menu-item-object-page mega-menu-item-103' id='mega-menu-item-103'><a class=\"mega-menu-link\" href=\"https:\/\/fpsct.org\/schools\/farmington-high-school\/\">Srednja \u0161kola Farmington<\/a><\/li><li class='mega-menu-item mega-menu-item-type-post_type mega-menu-item-object-page mega-menu-item-104' id='mega-menu-item-104'><a class=\"mega-menu-link\" href=\"https:\/\/fpsct.org\/schools\/irving-a-robbins-middle-school\/\">Srednja \u0161kola Irvinga A. Robbinsa<\/a><\/li><li class='mega-menu-item mega-menu-item-type-post_type mega-menu-item-object-page mega-menu-item-99' id='mega-menu-item-99'><a class=\"mega-menu-link\" href=\"https:\/\/fpsct.org\/schools\/east-farms-elementary-school\/\">Osnovna \u0161kola East Farms<\/a><\/li><li class='mega-menu-item mega-menu-item-type-post_type mega-menu-item-object-page mega-menu-item-108' id='mega-menu-item-108'><a class=\"mega-menu-link\" href=\"https:\/\/fpsct.org\/schools\/west-woods-upper-elementary-school\/\">Vi\u0161a osnovna \u0161kola West Woods<\/a><\/li><li class='mega-menu-item mega-menu-item-type-post_type mega-menu-item-object-page mega-menu-item-100' id='mega-menu-item-100'><a class=\"mega-menu-link\" href=\"https:\/\/fpsct.org\/schools\/farmington-collaborative-preschool\/\">Farmington Collaborative Preschool<\/a><\/li><li class='mega-menu-item mega-menu-item-type-post_type mega-menu-item-object-page mega-menu-item-105' id='mega-menu-item-105'><a class=\"mega-menu-link\" href=\"https:\/\/fpsct.org\/schools\/noah-wallace-elementary-school\/\">Osnovna \u0161kola Noah Wallace<\/a><\/li><li class='mega-menu-item mega-menu-item-type-post_type mega-menu-item-object-page mega-menu-item-107' id='mega-menu-item-107'><a class=\"mega-menu-link\" href=\"https:\/\/fpsct.org\/schools\/west-district-elementary-school\/\">Osnovna \u0161kola West District<\/a><\/li><li class='mega-menu-item mega-menu-item-type-post_type mega-menu-item-object-page mega-menu-item-106' id='mega-menu-item-106'><a class=\"mega-menu-link\" href=\"https:\/\/fpsct.org\/schools\/union-elementary-school\/\">Osnovna \u0161kola Union<\/a><\/li><\/ul>\n<\/li><li class='mega-menu-item mega-menu-item-type-custom mega-menu-item-object-custom mega-menu-item-has-children mega-align-bottom-left mega-menu-flyout mega-menu-item-388' id='mega-menu-item-388'><a class=\"mega-menu-link\" aria-haspopup=\"true\" aria-expanded=\"false\" tabindex=\"0\">District Departments<span class=\"mega-indicator\"><\/span><\/a>\n<ul class=\"mega-sub-menu\">\n<li class='mega-menu-item mega-menu-item-type-post_type mega-menu-item-object-page mega-menu-item-252' id='mega-menu-item-252'><a class=\"mega-menu-link\" href=\"https:\/\/fpsct.org\/district-departments\/office-of-the-superintendent\/\">Ured nadstojnika<\/a><\/li><li class='mega-menu-item mega-menu-item-type-post_type mega-menu-item-object-page mega-menu-item-264' id='mega-menu-item-264'><a class=\"mega-menu-link\" href=\"https:\/\/fpsct.org\/district-departments\/curriculum-instruction\/\">Nastavni plan i program &amp; upute<\/a><\/li><li class='mega-menu-item mega-menu-item-type-post_type mega-menu-item-object-page mega-menu-item-263' id='mega-menu-item-263'><a class=\"mega-menu-link\" href=\"https:\/\/fpsct.org\/district-departments\/special-services\/\">Posebne usluge<\/a><\/li><li class='mega-menu-item mega-menu-item-type-post_type mega-menu-item-object-page mega-menu-item-262' id='mega-menu-item-262'><a class=\"mega-menu-link\" href=\"https:\/\/fpsct.org\/district-departments\/finance-operations\/\">Financije i operacije<\/a><\/li><li class='mega-menu-item mega-menu-item-type-post_type mega-menu-item-object-page mega-menu-item-261' id='mega-menu-item-261'><a class=\"mega-menu-link\" href=\"https:\/\/fpsct.org\/district-departments\/technology-services\/\">Tehnolo\u0161ke usluge<\/a><\/li><li class='mega-menu-item mega-menu-item-type-post_type mega-menu-item-object-page mega-menu-item-2431' id='mega-menu-item-2431'><a class=\"mega-menu-link\" href=\"https:\/\/fpsct.org\/district-departments\/facilities\/\">Objekti<\/a><\/li><li class='mega-menu-item mega-menu-item-type-post_type mega-menu-item-object-page mega-menu-item-260' id='mega-menu-item-260'><a class=\"mega-menu-link\" href=\"https:\/\/fpsct.org\/district-departments\/equity-inclusion\/\">Jednakost i uklju\u010denost<\/a><\/li><li class='mega-menu-item mega-menu-item-type-custom mega-menu-item-object-custom mega-menu-item-265' id='mega-menu-item-265'><a target=\"_blank\" class=\"mega-menu-link\" href=\"https:\/\/sites.google.com\/fpsct.org\/fpsenglishlearnerprogram\/home\">English Language Learners<\/a><\/li><li class='mega-menu-item mega-menu-item-type-post_type mega-menu-item-object-page mega-menu-item-251' id='mega-menu-item-251'><a class=\"mega-menu-link\" href=\"https:\/\/fpsct.org\/district-departments\/hr\/\">Ljudski resursi<\/a><\/li><\/ul>\n<\/li><li class='mega-menu-item mega-menu-item-type-post_type mega-menu-item-object-page mega-menu-item-has-children mega-align-bottom-left mega-menu-flyout mega-menu-item-96' id='mega-menu-item-96'><a class=\"mega-menu-link\" href=\"https:\/\/fpsct.org\/beyond-the-classroom\/\" aria-haspopup=\"true\" aria-expanded=\"false\" tabindex=\"0\">Izvan U\u010dionice<span class=\"mega-indicator\"><\/span><\/a>\n<ul class=\"mega-sub-menu\">\n<li class='mega-menu-item mega-menu-item-type-post_type mega-menu-item-object-page mega-menu-item-3238' id='mega-menu-item-3238'><a class=\"mega-menu-link\" href=\"https:\/\/fpsct.org\/beyond-the-classroom\/athletics\/\">Atletika<\/a><\/li><li class='mega-menu-item mega-menu-item-type-custom mega-menu-item-object-custom mega-menu-item-3196' id='mega-menu-item-3196'><a target=\"_blank\" class=\"mega-menu-link\" href=\"https:\/\/sites.google.com\/fpsct.org\/farmington-music\/home\">Music in Our Schools<\/a><\/li><li class='mega-menu-item mega-menu-item-type-post_type mega-menu-item-object-page mega-menu-item-596' id='mega-menu-item-596'><a class=\"mega-menu-link\" href=\"https:\/\/fpsct.org\/beyond-the-classroom\/fine-arts\/\">Likovne i primijenjene umjetnosti<\/a><\/li><li class='mega-menu-item mega-menu-item-type-custom mega-menu-item-object-custom mega-menu-item-600' id='mega-menu-item-600'><a target=\"_blank\" class=\"mega-menu-link\" href=\"https:\/\/sites.google.com\/fpsct.org\/fhscareercenter\">School to Career<\/a><\/li><li class='mega-menu-item mega-menu-item-type-post_type mega-menu-item-object-page mega-menu-item-598' id='mega-menu-item-598'><a class=\"mega-menu-link\" href=\"https:\/\/fpsct.org\/schools\/farmington-continuing-education\/\">Farmington kontinuirano obrazovanje<\/a><\/li><li class='mega-menu-item mega-menu-item-type-custom mega-menu-item-object-custom mega-menu-item-601' id='mega-menu-item-601'><a target=\"_blank\" class=\"mega-menu-link\" href=\"https:\/\/www.fpsfoundation.org\/\">Farmington Public Schools Foundation<\/a><\/li><li class='mega-menu-item mega-menu-item-type-post_type mega-menu-item-object-page mega-menu-item-599' id='mega-menu-item-599'><a class=\"mega-menu-link\" href=\"https:\/\/fpsct.org\/schools\/farmington-extended-care-and-learning-excl\/\">Farmington Extended Care and Learning (EXCL)<\/a><\/li><li class='mega-menu-item mega-menu-item-type-custom mega-menu-item-object-custom mega-menu-item-602' id='mega-menu-item-602'><a target=\"_blank\" class=\"mega-menu-link\" href=\"https:\/\/www.farmington-ct.org\/\">Town of Farmington<\/a><\/li><\/ul>\n<\/li><li class='mega-menu-item mega-menu-item-type-post_type mega-menu-item-object-page mega-align-bottom-left mega-menu-flyout mega-menu-item-111' id='mega-menu-item-111'><a class=\"mega-menu-link\" href=\"https:\/\/fpsct.org\/news\/\" tabindex=\"0\">Vijesti<\/a><\/li><li class='mega-menu-item mega-menu-item-type-post_type mega-menu-item-object-page mega-align-bottom-left mega-menu-flyout mega-menu-item-112' id='mega-menu-item-112'><a class=\"mega-menu-link\" href=\"https:\/\/fpsct.org\/contact\/\" tabindex=\"0\">Kontakt<\/a><\/li><\/ul><\/div><\/div>\n\t\t\t\t<\/div>\n\t\t\t\t<\/div>\n\t\t\t\t\t<\/div>\n\t\t<\/div>\n\t\t\t\t<div class=\"elementor-column elementor-col-66 elementor-top-column elementor-element elementor-element-0e7fb87\" data-id=\"0e7fb87\" data-element_type=\"column\">\n\t\t\t<div class=\"elementor-widget-wrap elementor-element-populated\">\n\t\t\t\t\t\t\t\t<div class=\"elementor-element elementor-element-9b20c57 elementor-widget elementor-widget-text-editor\" data-id=\"9b20c57\" data-element_type=\"widget\" data-widget_type=\"text-editor.default\">\n\t\t\t\t<div class=\"elementor-widget-container\">\n\t\t\t<style>\/*! elementor - v3.17.0 - 08-11-2023 *\/\n.elementor-widget-text-editor.elementor-drop-cap-view-stacked .elementor-drop-cap{background-color:#69727d;color:#fff}.elementor-widget-text-editor.elementor-drop-cap-view-framed .elementor-drop-cap{color:#69727d;border:3px solid;background-color:transparent}.elementor-widget-text-editor:not(.elementor-drop-cap-view-default) .elementor-drop-cap{margin-top:8px}.elementor-widget-text-editor:not(.elementor-drop-cap-view-default) .elementor-drop-cap-letter{width:1em;height:1em}.elementor-widget-text-editor .elementor-drop-cap{float:left;text-align:center;line-height:1;font-size:50px}.elementor-widget-text-editor .elementor-drop-cap-letter{display:inline-block}<\/style>\t\t\t\t<p><strong>Sistematski pregled<\/strong><\/p>\n<p>Tjelesni pregledi obavezni su prije upisa u vrti\u0107 te u 6. i 10. razredu. Od u\u010denika koji prelaze, tra\u017eit \u0107e se dokaz o obavljenom fizi\u010dkom pregledu prije polaska u vrti\u0107 ili u 6. ili 10. razredu prije upisa. Fizikalni pregledi moraju uklju\u010divati \u200b\u200bnajmanje hematokrit ili hemoglobin, visinu, te\u017einu, krvni tlak; i a\u017euriranje imunizacije, vida, sluha, govora i grubog stomatolo\u0161kog pregleda, zdravstvene i razvojne povijesti prema potrebi.<\/p>\n<ul>\n<li><a href=\"https:\/\/portal.ct.gov\/-\/media\/sde\/school-nursing\/publications\/immunization_requirements.pdf\" target=\"_blank\" rel=\"noopener\">Zahtjevi za cijepljenje (23-24)<\/a><\/li>\n<li><a href=\"https:\/\/drive.google.com\/file\/d\/10b-WffogvJB_1yeHP6AFpQpsQtWipqb4\/view\" target=\"_blank\" rel=\"noopener\">Obrazac za procjenu stanja CT-a<\/a><\/li>\n<\/ul>\n<p><strong>Lijekovi<\/strong><\/p>\n<p>U skladu sa zakonom i propisima dr\u017eave Connecticut, Odbor za obrazovanje Farmingtona zahtijeva ovla\u0161tenje lije\u010dnika za medicinsku sestru za davanje lijekova na recept i lijekova bez recepta u \u0161koli. Lijekovi moraju biti u ambala\u017ei pripremljenoj u ljekarni ili originalnoj ambala\u017ei koju roditelj\/staratelj donosi u \u0161kolu. Mora biti ozna\u010deno imenom djeteta, nazivom lijeka, ja\u010dinom, dozom i u\u010destalo\u0161\u0107u, zajedno s imenom lije\u010dnika ili stomatologa.<\/p>\n<p>Obrazac <a href=\"https:\/\/fpsct.org\/wp-content\/uploads\/2023\/06\/MedicationConsent.pdf\" target=\"_blank\" rel=\"noopener\">za odobrenje pristanka na lijek<\/a> mora ispuniti lije\u010dnik ili stomatolog koji je naru\u010dio lijek <strong><u>i<\/u><\/strong> roditelj\/skrbnik.<\/p>\n<p>Kada se u apoteku odnese recept, a lijek vam je potreban za \u0161kolu, zatra\u017eite od ljekarnika kutiju za \u0161kolu, kao i kutiju za ku\u0107u. Ljekarnik \u0107e nabaviti drugi spremnik za davanje lijekova u \u0161koli.<\/p>\n<p>Imajte na umu da sve lijekove u \u0161kolu moraju donijeti roditelji\/staratelji i da ih moraju dostaviti samo \u0161kolskoj medicinskoj sestri. Mora se pokupiti na isti na\u010din; ina\u010de \u0107e biti odba\u010den. Nijedan lijek primljen u spremniku koji nije farmaceutski ne\u0107e se primijeniti.<\/p>\n<p>U\u010denici od K-12 razreda mogu sami davati i nositi i inhalatore za astmu i napunjene automatske injektore za epinefrin za dijagnosticirane alergije opasne po \u017eivot uz odgovaraju\u0107u dokumentaciju koju roditelji i ovla\u0161teni lije\u010dnik koji prepisuje \u0161kolskoj medicinskoj sestri. Roditelji su odgovorni za davanje lijekova u izvan\u0161kolsko vrijeme ili u vrijeme kada je u\u010denik izvan \u0161kolske zgrade dulje vrijeme.<\/p>\n<p><strong>Op\u0107e informacije<\/strong><\/p>\n<p>Studentsko osiguranje od nezgode nudi se svim studentima na po\u010detku svake \u0161kolske godine. To mo\u017ee biti 24-satno pokri\u0107e ili pokri\u0107e samo \u0161kolskog sata i pla\u0107a ga roditelj\/skrbnik. U\u010denici koji sudjeluju u sportskim programima Odbora za obrazovanje imaju Interscholastic Sports osiguranje koje osigurava Odbor za obrazovanje. Na\u0161e osiguravaju\u0107e dru\u0161tvo razmotrit \u0107e pla\u0107anje nepla\u0107enih ostataka va\u0161eg osiguranja za odre\u0111enu ozljedu-nesre\u0107u. Zdravstveni kartoni se vode 6 godina nakon godine zavr\u0161etka srednje \u0161kole. Datumi imunizacije \u010duvaju se u obrazovnom kumulativnom dosjeu koji se \u010duva 50 godina nakon mature. \u0160kola \u0107e vas obavijestiti ako se va\u0161e dijete razboli dok je u \u0161koli. Va\u0161 broj telefona i broj obli\u017enjeg susjeda kojeg mo\u017eete nazvati u slu\u010daju va\u0161e odsutnosti morate navesti na obrascu za prijavu u\u010denika. Molimo vas da brojevi telefona budu aktualni. Svako dijete koje se \u017eali na bolest ili pokazuje znakove ili simptome bolesti treba ostati kod ku\u0107e. To \u0107e smanjiti \u0161irenje bolesti. Ne zaboravite nazvati \u0161kolu ili poslati poruku ako je va\u0161e dijete bolesno. Ako je potrebno da Va\u0161e dijete du\u017ee vrijeme ne dolazi na satove tjelesnog ili odmor, potrebna je lije\u010dni\u010dka potvrda.<\/p>\n\t\t\t\t\t\t<\/div>\n\t\t\t\t<\/div>\n\t\t\t\t<div class=\"elementor-element elementor-element-86b0d14 elementor-widget elementor-widget-heading\" data-id=\"86b0d14\" data-element_type=\"widget\" data-widget_type=\"heading.default\">\n\t\t\t\t<div class=\"elementor-widget-container\">\n\t\t\t<h2 class=\"elementor-heading-title elementor-size-default\">Za dodatne informacije posjetite sljede\u0107e web stranice:<\/h2>\t\t<\/div>\n\t\t\t\t<\/div>\n\t\t\t\t<section data-particle_enable=\"false\" data-particle-mobile-disabled=\"false\" class=\"elementor-section elementor-inner-section elementor-element elementor-element-8af48e8 elementor-section-full_width elementor-section-height-default elementor-section-height-default\" data-id=\"8af48e8\" data-element_type=\"section\">\n\t\t\t\t\t\t<div class=\"elementor-container elementor-column-gap-default\">\n\t\t\t\t\t<div class=\"elementor-column elementor-col-50 elementor-inner-column elementor-element elementor-element-4a5af25\" data-id=\"4a5af25\" data-element_type=\"column\">\n\t\t\t<div class=\"elementor-widget-wrap elementor-element-populated\">\n\t\t\t\t\t\t\t\t<div class=\"elementor-element elementor-element-1d56cec elementor-widget elementor-widget-text-editor\" data-id=\"1d56cec\" data-element_type=\"widget\" data-widget_type=\"text-editor.default\">\n\t\t\t\t<div class=\"elementor-widget-container\">\n\t\t\t\t\t\t\t<p><a href=\"https:\/\/drive.google.com\/file\/d\/0Byt4O81Kmbo0MGcxYVFHNjRSZUU\/view?usp=sharing\" target=\"_blank\" rel=\"noopener\">Priru\u010dnik za alergije na hranu<\/a><\/p>\n<p><strong>Centri za kontrolu i prevenciju bolesti (CDC)<\/strong><br \/> <a href=\"http:\/\/www.cdc.gov\/\" target=\"_blank\" rel=\"noopener\">http:\/\/www.cdc.gov\/<\/a><\/p>\n<p><strong>Zdravstveni okrug Farmington Valley:<\/strong><br \/> <a href=\"http:\/\/www.fvhd.org\/\" target=\"_blank\" rel=\"noopener\">http:\/\/www.fvhd.org\/<\/a><\/p>\n\t\t\t\t\t\t<\/div>\n\t\t\t\t<\/div>\n\t\t\t\t\t<\/div>\n\t\t<\/div>\n\t\t\t\t<div class=\"elementor-column elementor-col-50 elementor-inner-column elementor-element elementor-element-88fbf0d\" data-id=\"88fbf0d\" data-element_type=\"column\">\n\t\t\t<div class=\"elementor-widget-wrap elementor-element-populated\">\n\t\t\t\t\t\t\t\t<div class=\"elementor-element elementor-element-9510af8 elementor-widget elementor-widget-text-editor\" data-id=\"9510af8\" data-element_type=\"widget\" data-widget_type=\"text-editor.default\">\n\t\t\t\t<div class=\"elementor-widget-container\">\n\t\t\t\t\t\t\t<p><a href=\"https:\/\/fpsct.org\/wp-content\/uploads\/2023\/06\/h1n1_keep_child_home_10-29.pdf\">Kada zadr\u017eati svoje dijete kod ku\u0107e<\/a><\/p>\n<p><a href=\"https:\/\/fpsct.org\/wp-content\/uploads\/2023\/06\/cleaning_schools-Fall_2009.pdf\" target=\"_blank\" rel=\"noopener\">U\u010dinkovito \u010di\u0161\u0107enje \u0161kola<\/a><\/p>\n<p><a href=\"https:\/\/fpsct.org\/wp-content\/uploads\/2023\/06\/h1n1_homecare.pdf\">Kako se brinuti za nekoga s gripom<\/a><\/p>\n\t\t\t\t\t\t<\/div>\n\t\t\t\t<\/div>\n\t\t\t\t\t<\/div>\n\t\t<\/div>\n\t\t\t\t\t\t\t<\/div>\n\t\t<\/section>\n\t\t\t\t\t<\/div>\n\t\t<\/div>\n\t\t\t\t\t\t\t<\/div>\n\t\t<\/section>\n\t\t\t\t\t\t\t<\/div>\n\t\t","protected":false},"excerpt":{"rendered":"<p>Informacije o zdravlju Sistematski pregled Tjelesni pregledi obavezni su prije upisa u vrti\u0107 te u 6. i 10. razredu. Od u\u010denika koji prelaze, tra\u017eit \u0107e se dokaz o obavljenom fizi\u010dkom pregledu prije polaska u vrti\u0107 ili u 6. ili 10. razredu prije upisa. Fizikalni pregledi moraju uklju\u010divati \u200b\u200bnajmanje hematokrit ili hemoglobin, visinu, te\u017einu, krvni tlak; [&hellip;]<\/p>\n","protected":false},"author":1,"featured_media":0,"parent":15564,"menu_order":0,"comment_status":"closed","ping_status":"closed","template":"","meta":{"_acf_changed":false,"footnotes":""},"class_list":["post-16438","page","type-page","status-publish","hentry"],"acf":[],"_links":{"self":[{"href":"https:\/\/fpsct.org\/hr\/wp-json\/wp\/v2\/pages\/16438","targetHints":{"allow":["GET"]}}],"collection":[{"href":"https:\/\/fpsct.org\/hr\/wp-json\/wp\/v2\/pages"}],"about":[{"href":"https:\/\/fpsct.org\/hr\/wp-json\/wp\/v2\/types\/page"}],"author":[{"embeddable":true,"href":"https:\/\/fpsct.org\/hr\/wp-json\/wp\/v2\/users\/1"}],"replies":[{"embeddable":true,"href":"https:\/\/fpsct.org\/hr\/wp-json\/wp\/v2\/comments?post=16438"}],"version-history":[{"count":0,"href":"https:\/\/fpsct.org\/hr\/wp-json\/wp\/v2\/pages\/16438\/revisions"}],"up":[{"embeddable":true,"href":"https:\/\/fpsct.org\/hr\/wp-json\/wp\/v2\/pages\/15564"}],"wp:attachment":[{"href":"https:\/\/fpsct.org\/hr\/wp-json\/wp\/v2\/media?parent=16438"}],"curies":[{"name":"wp","href":"https:\/\/api.w.org\/{rel}","templated":true}]}}