
{"id":15878,"date":"2023-06-08T19:44:25","date_gmt":"2023-06-08T23:44:25","guid":{"rendered":"https:\/\/fpsct.org\/podrucni-odjeli\/ljudski-resursi\/studentska-nastava\/"},"modified":"2024-06-24T12:19:27","modified_gmt":"2024-06-24T16:19:27","slug":"studentska-nastava","status":"publish","type":"page","link":"https:\/\/fpsct.org\/hr\/podrucni-odjeli\/ljudski-resursi\/studentska-nastava\/","title":{"rendered":"Studentska nastava"},"content":{"rendered":"\t\t<div data-elementor-type=\"wp-page\" data-elementor-id=\"15878\" class=\"elementor elementor-15878 elementor-522\" data-elementor-post-type=\"page\">\n\t\t\t\t\t\t\t\t\t<section data-particle_enable=\"false\" data-particle-mobile-disabled=\"false\" class=\"elementor-section elementor-top-section elementor-element elementor-element-f1479e8 elementor-section-content-middle elementor-reverse-mobile elementor-section-boxed elementor-section-height-default elementor-section-height-default\" data-id=\"f1479e8\" data-element_type=\"section\" data-settings=\"{&quot;background_background&quot;:&quot;classic&quot;}\">\n\t\t\t\t\t\t<div class=\"elementor-container elementor-column-gap-no\">\n\t\t\t\t\t<div class=\"elementor-column elementor-col-100 elementor-top-column elementor-element elementor-element-88161fd\" data-id=\"88161fd\" data-element_type=\"column\">\n\t\t\t<div class=\"elementor-widget-wrap elementor-element-populated\">\n\t\t\t\t\t\t\t\t<div class=\"elementor-element elementor-element-86abdff elementor-widget elementor-widget-heading\" data-id=\"86abdff\" data-element_type=\"widget\" data-widget_type=\"heading.default\">\n\t\t\t\t<div class=\"elementor-widget-container\">\n\t\t\t<style>\/*! elementor - v3.17.0 - 08-11-2023 *\/\n.elementor-heading-title{padding:0;margin:0;line-height:1}.elementor-widget-heading .elementor-heading-title[class*=elementor-size-]>a{color:inherit;font-size:inherit;line-height:inherit}.elementor-widget-heading .elementor-heading-title.elementor-size-small{font-size:15px}.elementor-widget-heading .elementor-heading-title.elementor-size-medium{font-size:19px}.elementor-widget-heading .elementor-heading-title.elementor-size-large{font-size:29px}.elementor-widget-heading .elementor-heading-title.elementor-size-xl{font-size:39px}.elementor-widget-heading .elementor-heading-title.elementor-size-xxl{font-size:59px}<\/style><h1 class=\"elementor-heading-title elementor-size-default\">Studentska nastava<\/h1>\t\t<\/div>\n\t\t\t\t<\/div>\n\t\t\t\t\t<\/div>\n\t\t<\/div>\n\t\t\t\t\t\t\t<\/div>\n\t\t<\/section>\n\t\t\t\t<section data-particle_enable=\"false\" data-particle-mobile-disabled=\"false\" class=\"elementor-section elementor-top-section elementor-element elementor-element-0b4be03 elementor-section-boxed elementor-section-height-default elementor-section-height-default\" data-id=\"0b4be03\" data-element_type=\"section\">\n\t\t\t\t\t\t<div class=\"elementor-container elementor-column-gap-default\">\n\t\t\t\t\t<div class=\"elementor-column elementor-col-33 elementor-top-column elementor-element elementor-element-dae9cb4\" data-id=\"dae9cb4\" data-element_type=\"column\">\n\t\t\t<div class=\"elementor-widget-wrap elementor-element-populated\">\n\t\t\t\t\t\t\t\t<div class=\"elementor-element elementor-element-051d39a elementor-widget elementor-widget-shortcode\" data-id=\"051d39a\" data-element_type=\"widget\" data-settings=\"{&quot;sticky&quot;:&quot;top&quot;,&quot;sticky_on&quot;:[&quot;tablet&quot;,&quot;mobile&quot;],&quot;sticky_offset&quot;:0,&quot;sticky_effects_offset&quot;:0}\" data-widget_type=\"shortcode.default\">\n\t\t\t\t<div class=\"elementor-widget-container\">\n\t\t\t\t\t<div class=\"elementor-shortcode\"><div id=\"mega-menu-wrap-max_mega_menu_1\" class=\"mega-menu-wrap\"><div class=\"mega-menu-toggle\"><div class=\"mega-toggle-blocks-left\"><div class='mega-toggle-block mega-html-block mega-toggle-block-1' id='mega-toggle-block-1'><p style=\"color:white; font-size:18px; font-weight: bold; padding-left:15px\">IN THIS SECTION<\/p><\/span><\/div><\/div><div class=\"mega-toggle-blocks-center\"><\/div><div class=\"mega-toggle-blocks-right\"><div class='mega-toggle-block mega-menu-toggle-block mega-toggle-block-2' id='mega-toggle-block-2' tabindex='0'><span class='mega-toggle-label' role='button' aria-expanded='false'><span class='mega-toggle-label-closed'><\/span><span class='mega-toggle-label-open'><\/span><\/span><\/div><\/div><\/div><ul id=\"mega-menu-max_mega_menu_1\" class=\"mega-menu max-mega-menu mega-menu-accordion mega-no-js\" data-event=\"click\" data-effect=\"fade_up\" data-effect-speed=\"200\" data-effect-mobile=\"disabled\" data-effect-speed-mobile=\"0\" data-mobile-force-width=\"false\" data-second-click=\"go\" data-document-click=\"disabled\" data-vertical-behaviour=\"standard\" data-breakpoint=\"1024\" data-unbind=\"true\" data-mobile-state=\"collapse_all\" data-hover-intent-timeout=\"300\" data-hover-intent-interval=\"100\"><li class='mega-menu-item mega-menu-item-type-custom mega-menu-item-object-custom mega-menu-item-has-children mega-align-bottom-left mega-menu-flyout mega-menu-item-389' id='mega-menu-item-389'><a class=\"mega-menu-link\" aria-haspopup=\"true\" aria-expanded=\"false\" tabindex=\"0\">About FPS<span class=\"mega-indicator\"><\/span><\/a>\n<ul class=\"mega-sub-menu\">\n<li class='mega-menu-item mega-menu-item-type-post_type mega-menu-item-object-page mega-menu-item-341' id='mega-menu-item-341'><a class=\"mega-menu-link\" href=\"https:\/\/fpsct.org\/about\/who-we-are\/\">Tko smo mi<\/a><\/li><li class='mega-menu-item mega-menu-item-type-post_type mega-menu-item-object-page mega-menu-item-3256' id='mega-menu-item-3256'><a class=\"mega-menu-link\" href=\"https:\/\/fpsct.org\/about\/board-of-education\/\">Odbor za edukaciju<\/a><\/li><li class='mega-menu-item mega-menu-item-type-post_type mega-menu-item-object-page mega-menu-item-333' id='mega-menu-item-333'><a class=\"mega-menu-link\" href=\"https:\/\/fpsct.org\/about\/district-calendar\/\">Okru\u017eni kalendar<\/a><\/li><li class='mega-menu-item mega-menu-item-type-post_type mega-menu-item-object-page mega-menu-item-367' id='mega-menu-item-367'><a class=\"mega-menu-link\" href=\"https:\/\/fpsct.org\/about\/directory\/\">Imenik nastavnika i osoblja<\/a><\/li><li class='mega-menu-item mega-menu-item-type-post_type mega-menu-item-object-page mega-menu-item-334' id='mega-menu-item-334'><a class=\"mega-menu-link\" href=\"https:\/\/fpsct.org\/about\/emergency-information\/\">Hitne informacije<\/a><\/li><li class='mega-menu-item mega-menu-item-type-post_type mega-menu-item-object-page mega-menu-item-339' id='mega-menu-item-339'><a class=\"mega-menu-link\" href=\"https:\/\/fpsct.org\/about\/school-schedules\/\">\u0160kolski rasporedi<\/a><\/li><li class='mega-menu-item mega-menu-item-type-post_type mega-menu-item-object-page mega-menu-item-340' id='mega-menu-item-340'><a class=\"mega-menu-link\" href=\"https:\/\/fpsct.org\/about\/transportation\/\">Prijevoz<\/a><\/li><li class='mega-menu-item mega-menu-item-type-post_type mega-menu-item-object-page mega-menu-item-336' id='mega-menu-item-336'><a class=\"mega-menu-link\" href=\"https:\/\/fpsct.org\/about\/food-nutrition\/\">Hrana i prehrana<\/a><\/li><li class='mega-menu-item mega-menu-item-type-post_type mega-menu-item-object-page mega-menu-item-332' id='mega-menu-item-332'><a class=\"mega-menu-link\" href=\"https:\/\/fpsct.org\/about\/district-school-reports\/\">Okru\u017ena i \u0161kolska izvje\u0161\u0107a<\/a><\/li><li class='mega-menu-item mega-menu-item-type-post_type mega-menu-item-object-page mega-menu-item-338' id='mega-menu-item-338'><a class=\"mega-menu-link\" href=\"https:\/\/fpsct.org\/about\/safe-school-climate\/\">Sigurna \u0161kolska klima<\/a><\/li><li class='mega-menu-item mega-menu-item-type-post_type mega-menu-item-object-page mega-menu-item-345' id='mega-menu-item-345'><a class=\"mega-menu-link\" href=\"https:\/\/fpsct.org\/about\/school-registration\/\">Upis u \u0161kolu<\/a><\/li><li class='mega-menu-item mega-menu-item-type-post_type mega-menu-item-object-page mega-menu-item-594' id='mega-menu-item-594'><a class=\"mega-menu-link\" href=\"https:\/\/fpsct.org\/about\/employment-opportunities\/\">Mognu\u0107nosti zaposlenja<\/a><\/li><\/ul>\n<\/li><li class='mega-menu-item mega-menu-item-type-custom mega-menu-item-object-custom mega-menu-item-has-children mega-align-bottom-left mega-menu-flyout mega-menu-item-250' id='mega-menu-item-250'><a class=\"mega-menu-link\" aria-haspopup=\"true\" aria-expanded=\"false\" tabindex=\"0\">Schools<span class=\"mega-indicator\"><\/span><\/a>\n<ul class=\"mega-sub-menu\">\n<li class='mega-menu-item mega-menu-item-type-post_type mega-menu-item-object-page mega-menu-item-103' id='mega-menu-item-103'><a class=\"mega-menu-link\" href=\"https:\/\/fpsct.org\/schools\/farmington-high-school\/\">Srednja \u0161kola Farmington<\/a><\/li><li class='mega-menu-item mega-menu-item-type-post_type mega-menu-item-object-page mega-menu-item-104' id='mega-menu-item-104'><a class=\"mega-menu-link\" href=\"https:\/\/fpsct.org\/schools\/irving-a-robbins-middle-school\/\">Srednja \u0161kola Irvinga A. Robbinsa<\/a><\/li><li class='mega-menu-item mega-menu-item-type-post_type mega-menu-item-object-page mega-menu-item-99' id='mega-menu-item-99'><a class=\"mega-menu-link\" href=\"https:\/\/fpsct.org\/schools\/east-farms-elementary-school\/\">Osnovna \u0161kola East Farms<\/a><\/li><li class='mega-menu-item mega-menu-item-type-post_type mega-menu-item-object-page mega-menu-item-108' id='mega-menu-item-108'><a class=\"mega-menu-link\" href=\"https:\/\/fpsct.org\/schools\/west-woods-upper-elementary-school\/\">Vi\u0161a osnovna \u0161kola West Woods<\/a><\/li><li class='mega-menu-item mega-menu-item-type-post_type mega-menu-item-object-page mega-menu-item-100' id='mega-menu-item-100'><a class=\"mega-menu-link\" href=\"https:\/\/fpsct.org\/schools\/farmington-collaborative-preschool\/\">Farmington Collaborative Preschool<\/a><\/li><li class='mega-menu-item mega-menu-item-type-post_type mega-menu-item-object-page mega-menu-item-105' id='mega-menu-item-105'><a class=\"mega-menu-link\" href=\"https:\/\/fpsct.org\/schools\/noah-wallace-elementary-school\/\">Osnovna \u0161kola Noah Wallace<\/a><\/li><li class='mega-menu-item mega-menu-item-type-post_type mega-menu-item-object-page mega-menu-item-107' id='mega-menu-item-107'><a class=\"mega-menu-link\" href=\"https:\/\/fpsct.org\/schools\/west-district-elementary-school\/\">Osnovna \u0161kola West District<\/a><\/li><li class='mega-menu-item mega-menu-item-type-post_type mega-menu-item-object-page mega-menu-item-106' id='mega-menu-item-106'><a class=\"mega-menu-link\" href=\"https:\/\/fpsct.org\/schools\/union-elementary-school\/\">Osnovna \u0161kola Union<\/a><\/li><\/ul>\n<\/li><li class='mega-menu-item mega-menu-item-type-custom mega-menu-item-object-custom mega-menu-item-has-children mega-align-bottom-left mega-menu-flyout mega-menu-item-388' id='mega-menu-item-388'><a class=\"mega-menu-link\" aria-haspopup=\"true\" aria-expanded=\"false\" tabindex=\"0\">District Departments<span class=\"mega-indicator\"><\/span><\/a>\n<ul class=\"mega-sub-menu\">\n<li class='mega-menu-item mega-menu-item-type-post_type mega-menu-item-object-page mega-menu-item-252' id='mega-menu-item-252'><a class=\"mega-menu-link\" href=\"https:\/\/fpsct.org\/district-departments\/office-of-the-superintendent\/\">Ured nadstojnika<\/a><\/li><li class='mega-menu-item mega-menu-item-type-post_type mega-menu-item-object-page mega-menu-item-264' id='mega-menu-item-264'><a class=\"mega-menu-link\" href=\"https:\/\/fpsct.org\/district-departments\/curriculum-instruction\/\">Nastavni plan i program &amp; upute<\/a><\/li><li class='mega-menu-item mega-menu-item-type-post_type mega-menu-item-object-page mega-menu-item-263' id='mega-menu-item-263'><a class=\"mega-menu-link\" href=\"https:\/\/fpsct.org\/district-departments\/special-services\/\">Posebne usluge<\/a><\/li><li class='mega-menu-item mega-menu-item-type-post_type mega-menu-item-object-page mega-menu-item-262' id='mega-menu-item-262'><a class=\"mega-menu-link\" href=\"https:\/\/fpsct.org\/district-departments\/finance-operations\/\">Financije i operacije<\/a><\/li><li class='mega-menu-item mega-menu-item-type-post_type mega-menu-item-object-page mega-menu-item-261' id='mega-menu-item-261'><a class=\"mega-menu-link\" href=\"https:\/\/fpsct.org\/district-departments\/technology-services\/\">Tehnolo\u0161ke usluge<\/a><\/li><li class='mega-menu-item mega-menu-item-type-post_type mega-menu-item-object-page mega-menu-item-2431' id='mega-menu-item-2431'><a class=\"mega-menu-link\" href=\"https:\/\/fpsct.org\/district-departments\/facilities\/\">Objekti<\/a><\/li><li class='mega-menu-item mega-menu-item-type-post_type mega-menu-item-object-page mega-menu-item-260' id='mega-menu-item-260'><a class=\"mega-menu-link\" href=\"https:\/\/fpsct.org\/district-departments\/equity-inclusion\/\">Jednakost i uklju\u010denost<\/a><\/li><li class='mega-menu-item mega-menu-item-type-custom mega-menu-item-object-custom mega-menu-item-265' id='mega-menu-item-265'><a target=\"_blank\" class=\"mega-menu-link\" href=\"https:\/\/sites.google.com\/fpsct.org\/fpsenglishlearnerprogram\/home\">English Language Learners<\/a><\/li><li class='mega-menu-item mega-menu-item-type-post_type mega-menu-item-object-page mega-menu-item-251' id='mega-menu-item-251'><a class=\"mega-menu-link\" href=\"https:\/\/fpsct.org\/district-departments\/hr\/\">Ljudski resursi<\/a><\/li><\/ul>\n<\/li><li class='mega-menu-item mega-menu-item-type-post_type mega-menu-item-object-page mega-menu-item-has-children mega-align-bottom-left mega-menu-flyout mega-menu-item-96' id='mega-menu-item-96'><a class=\"mega-menu-link\" href=\"https:\/\/fpsct.org\/beyond-the-classroom\/\" aria-haspopup=\"true\" aria-expanded=\"false\" tabindex=\"0\">Izvan U\u010dionice<span class=\"mega-indicator\"><\/span><\/a>\n<ul class=\"mega-sub-menu\">\n<li class='mega-menu-item mega-menu-item-type-post_type mega-menu-item-object-page mega-menu-item-3238' id='mega-menu-item-3238'><a class=\"mega-menu-link\" href=\"https:\/\/fpsct.org\/beyond-the-classroom\/athletics\/\">Atletika<\/a><\/li><li class='mega-menu-item mega-menu-item-type-custom mega-menu-item-object-custom mega-menu-item-3196' id='mega-menu-item-3196'><a target=\"_blank\" class=\"mega-menu-link\" href=\"https:\/\/sites.google.com\/fpsct.org\/farmington-music\/home\">Music in Our Schools<\/a><\/li><li class='mega-menu-item mega-menu-item-type-post_type mega-menu-item-object-page mega-menu-item-596' id='mega-menu-item-596'><a class=\"mega-menu-link\" href=\"https:\/\/fpsct.org\/beyond-the-classroom\/fine-arts\/\">Likovne i primijenjene umjetnosti<\/a><\/li><li class='mega-menu-item mega-menu-item-type-custom mega-menu-item-object-custom mega-menu-item-600' id='mega-menu-item-600'><a target=\"_blank\" class=\"mega-menu-link\" href=\"https:\/\/sites.google.com\/fpsct.org\/fhscareercenter\">School to Career<\/a><\/li><li class='mega-menu-item mega-menu-item-type-post_type mega-menu-item-object-page mega-menu-item-598' id='mega-menu-item-598'><a class=\"mega-menu-link\" href=\"https:\/\/fpsct.org\/schools\/farmington-continuing-education\/\">Farmington kontinuirano obrazovanje<\/a><\/li><li class='mega-menu-item mega-menu-item-type-custom mega-menu-item-object-custom mega-menu-item-601' id='mega-menu-item-601'><a target=\"_blank\" class=\"mega-menu-link\" href=\"https:\/\/www.fpsfoundation.org\/\">Farmington Public Schools Foundation<\/a><\/li><li class='mega-menu-item mega-menu-item-type-post_type mega-menu-item-object-page mega-menu-item-599' id='mega-menu-item-599'><a class=\"mega-menu-link\" href=\"https:\/\/fpsct.org\/schools\/farmington-extended-care-and-learning-excl\/\">Farmington Extended Care and Learning (EXCL)<\/a><\/li><li class='mega-menu-item mega-menu-item-type-custom mega-menu-item-object-custom mega-menu-item-602' id='mega-menu-item-602'><a target=\"_blank\" class=\"mega-menu-link\" href=\"https:\/\/www.farmington-ct.org\/\">Town of Farmington<\/a><\/li><\/ul>\n<\/li><li class='mega-menu-item mega-menu-item-type-post_type mega-menu-item-object-page mega-align-bottom-left mega-menu-flyout mega-menu-item-111' id='mega-menu-item-111'><a class=\"mega-menu-link\" href=\"https:\/\/fpsct.org\/news\/\" tabindex=\"0\">Vijesti<\/a><\/li><li class='mega-menu-item mega-menu-item-type-post_type mega-menu-item-object-page mega-align-bottom-left mega-menu-flyout mega-menu-item-112' id='mega-menu-item-112'><a class=\"mega-menu-link\" href=\"https:\/\/fpsct.org\/contact\/\" tabindex=\"0\">Kontakt<\/a><\/li><\/ul><\/div><\/div>\n\t\t\t\t<\/div>\n\t\t\t\t<\/div>\n\t\t\t\t\t<\/div>\n\t\t<\/div>\n\t\t\t\t<div class=\"elementor-column elementor-col-66 elementor-top-column elementor-element elementor-element-8b6a96a\" data-id=\"8b6a96a\" data-element_type=\"column\">\n\t\t\t<div class=\"elementor-widget-wrap elementor-element-populated\">\n\t\t\t\t\t\t\t\t<div class=\"elementor-element elementor-element-fad6d17 elementor-widget elementor-widget-text-editor\" data-id=\"fad6d17\" data-element_type=\"widget\" data-widget_type=\"text-editor.default\">\n\t\t\t\t<div class=\"elementor-widget-container\">\n\t\t\t<style>\/*! elementor - v3.17.0 - 08-11-2023 *\/\n.elementor-widget-text-editor.elementor-drop-cap-view-stacked .elementor-drop-cap{background-color:#69727d;color:#fff}.elementor-widget-text-editor.elementor-drop-cap-view-framed .elementor-drop-cap{color:#69727d;border:3px solid;background-color:transparent}.elementor-widget-text-editor:not(.elementor-drop-cap-view-default) .elementor-drop-cap{margin-top:8px}.elementor-widget-text-editor:not(.elementor-drop-cap-view-default) .elementor-drop-cap-letter{width:1em;height:1em}.elementor-widget-text-editor .elementor-drop-cap{float:left;text-align:center;line-height:1;font-size:50px}.elementor-widget-text-editor .elementor-drop-cap-letter{display:inline-block}<\/style>\t\t\t\t<p dir=\"ltr\">Kako biste bili uzeti u obzir za studentsku nastavu, praksu ili praktikum u na\u0161em okrugu, molimo kontaktirajte Veronicu Ruzek, direktoricu nastavnog plana i programa na 860-673-8270. Zahtjev za smje\u0161taj mora podnijeti va\u0161 fakultet ili sveu\u010dili\u0161ni ured za stru\u010dnu praksu na\u0161em Uredu za kurikulum. Nakon \u0161to ste prihva\u0107eni da kod nas dovr\u0161ite nastavu, praksu ili praktikum za studente, na\u0161 okrug zahtijeva da se dovr\u0161i odre\u0111ena papirologija prije po\u010detka va\u0161eg predavanja, prakse ili praktikuma.<\/p>\n<p dir=\"ltr\">Molimo vas da ne kontaktirate \u0161kolu izravno. Svi studentski zahtjevi za nastavu, praksu i praktikum moraju pro\u0107i kroz Ured za nastavne planove i programe.<\/p>\n\t\t\t\t\t\t<\/div>\n\t\t\t\t<\/div>\n\t\t\t\t\t<\/div>\n\t\t<\/div>\n\t\t\t\t\t\t\t<\/div>\n\t\t<\/section>\n\t\t\t\t\t\t\t<\/div>\n\t\t","protected":false},"excerpt":{"rendered":"<p>Studentska nastava Kako biste bili uzeti u obzir za studentsku nastavu, praksu ili praktikum u na\u0161em okrugu, molimo kontaktirajte Veronicu Ruzek, direktoricu nastavnog plana i programa na 860-673-8270. Zahtjev za smje\u0161taj mora podnijeti va\u0161 fakultet ili sveu\u010dili\u0161ni ured za stru\u010dnu praksu na\u0161em Uredu za kurikulum. Nakon \u0161to ste prihva\u0107eni da kod nas dovr\u0161ite nastavu, praksu [&hellip;]<\/p>\n","protected":false},"author":1,"featured_media":0,"parent":15632,"menu_order":0,"comment_status":"closed","ping_status":"closed","template":"","meta":{"_acf_changed":false,"footnotes":""},"class_list":["post-15878","page","type-page","status-publish","hentry"],"acf":[],"_links":{"self":[{"href":"https:\/\/fpsct.org\/hr\/wp-json\/wp\/v2\/pages\/15878","targetHints":{"allow":["GET"]}}],"collection":[{"href":"https:\/\/fpsct.org\/hr\/wp-json\/wp\/v2\/pages"}],"about":[{"href":"https:\/\/fpsct.org\/hr\/wp-json\/wp\/v2\/types\/page"}],"author":[{"embeddable":true,"href":"https:\/\/fpsct.org\/hr\/wp-json\/wp\/v2\/users\/1"}],"replies":[{"embeddable":true,"href":"https:\/\/fpsct.org\/hr\/wp-json\/wp\/v2\/comments?post=15878"}],"version-history":[{"count":0,"href":"https:\/\/fpsct.org\/hr\/wp-json\/wp\/v2\/pages\/15878\/revisions"}],"up":[{"embeddable":true,"href":"https:\/\/fpsct.org\/hr\/wp-json\/wp\/v2\/pages\/15632"}],"wp:attachment":[{"href":"https:\/\/fpsct.org\/hr\/wp-json\/wp\/v2\/media?parent=15878"}],"curies":[{"name":"wp","href":"https:\/\/api.w.org\/{rel}","templated":true}]}}