
{"id":17132,"date":"2023-11-30T14:00:40","date_gmt":"2023-11-30T19:00:40","guid":{"rendered":"https:\/\/fpsct.org\/skoly\/zakladni-skola-noaha-wallace\/rodicovska-organizace-nw\/"},"modified":"2024-06-24T12:34:22","modified_gmt":"2024-06-24T16:34:22","slug":"rodicovska-organizace-nw","status":"publish","type":"page","link":"https:\/\/fpsct.org\/cs\/skoly\/zakladni-skola-noaha-wallace\/rodicovska-organizace-nw\/","title":{"rendered":"Rodi\u010dovsk\u00e1 organizace NW"},"content":{"rendered":"\t\t<div data-elementor-type=\"wp-page\" data-elementor-id=\"17132\" class=\"elementor elementor-17132 elementor-2441\" data-elementor-post-type=\"page\">\n\t\t\t\t\t\t\t\t\t<section data-particle_enable=\"false\" data-particle-mobile-disabled=\"false\" class=\"elementor-section elementor-top-section elementor-element elementor-element-f0112bc elementor-section-content-middle elementor-reverse-mobile elementor-section-boxed elementor-section-height-default elementor-section-height-default\" data-id=\"f0112bc\" data-element_type=\"section\" data-settings=\"{&quot;background_background&quot;:&quot;classic&quot;}\">\n\t\t\t\t\t\t<div class=\"elementor-container elementor-column-gap-no\">\n\t\t\t\t\t<div class=\"elementor-column elementor-col-100 elementor-top-column elementor-element elementor-element-20bf3ad\" data-id=\"20bf3ad\" data-element_type=\"column\">\n\t\t\t<div class=\"elementor-widget-wrap elementor-element-populated\">\n\t\t\t\t\t\t\t\t<div class=\"elementor-element elementor-element-ea11507 elementor-widget elementor-widget-heading\" data-id=\"ea11507\" data-element_type=\"widget\" data-widget_type=\"heading.default\">\n\t\t\t\t<div class=\"elementor-widget-container\">\n\t\t\t<style>\/*! elementor - v3.17.0 - 08-11-2023 *\/\n.elementor-heading-title{padding:0;margin:0;line-height:1}.elementor-widget-heading .elementor-heading-title[class*=elementor-size-]>a{color:inherit;font-size:inherit;line-height:inherit}.elementor-widget-heading .elementor-heading-title.elementor-size-small{font-size:15px}.elementor-widget-heading .elementor-heading-title.elementor-size-medium{font-size:19px}.elementor-widget-heading .elementor-heading-title.elementor-size-large{font-size:29px}.elementor-widget-heading .elementor-heading-title.elementor-size-xl{font-size:39px}.elementor-widget-heading .elementor-heading-title.elementor-size-xxl{font-size:59px}<\/style><h1 class=\"elementor-heading-title elementor-size-default\">Rodi\u010dovsk\u00e1 organizace NW<\/h1>\t\t<\/div>\n\t\t\t\t<\/div>\n\t\t\t\t\t<\/div>\n\t\t<\/div>\n\t\t\t\t\t\t\t<\/div>\n\t\t<\/section>\n\t\t\t\t<section data-particle_enable=\"false\" data-particle-mobile-disabled=\"false\" class=\"elementor-section elementor-top-section elementor-element elementor-element-b60b71b elementor-section-boxed elementor-section-height-default elementor-section-height-default\" data-id=\"b60b71b\" data-element_type=\"section\">\n\t\t\t\t\t\t<div class=\"elementor-container elementor-column-gap-default\">\n\t\t\t\t\t<div class=\"elementor-column elementor-col-33 elementor-top-column elementor-element elementor-element-f0074b8\" data-id=\"f0074b8\" data-element_type=\"column\">\n\t\t\t<div class=\"elementor-widget-wrap elementor-element-populated\">\n\t\t\t\t\t\t\t\t<div class=\"elementor-element elementor-element-4355060 elementor-widget elementor-widget-shortcode\" data-id=\"4355060\" data-element_type=\"widget\" data-settings=\"{&quot;sticky&quot;:&quot;top&quot;,&quot;sticky_on&quot;:[&quot;tablet&quot;,&quot;mobile&quot;],&quot;sticky_offset&quot;:0,&quot;sticky_effects_offset&quot;:0}\" data-widget_type=\"shortcode.default\">\n\t\t\t\t<div class=\"elementor-widget-container\">\n\t\t\t\t\t<div class=\"elementor-shortcode\"><div id=\"mega-menu-wrap-max_mega_menu_9\" class=\"mega-menu-wrap\"><div class=\"mega-menu-toggle\"><div class=\"mega-toggle-blocks-left\"><div class='mega-toggle-block mega-html-block mega-toggle-block-1' id='mega-toggle-block-1'><p style=\"color:white; font-size:18px; font-weight: bold; padding-left:15px\">IN THIS SECTION<\/p><\/span><\/div><\/div><div class=\"mega-toggle-blocks-center\"><\/div><div class=\"mega-toggle-blocks-right\"><div class='mega-toggle-block mega-menu-toggle-block mega-toggle-block-2' id='mega-toggle-block-2' tabindex='0'><span class='mega-toggle-label' role='button' aria-expanded='false'><span class='mega-toggle-label-closed'><\/span><span class='mega-toggle-label-open'><\/span><\/span><\/div><\/div><\/div><ul id=\"mega-menu-max_mega_menu_9\" class=\"mega-menu max-mega-menu mega-menu-accordion mega-no-js\" data-event=\"click\" data-effect=\"fade_up\" data-effect-speed=\"200\" data-effect-mobile=\"disabled\" data-effect-speed-mobile=\"0\" data-mobile-force-width=\"false\" data-second-click=\"go\" data-document-click=\"disabled\" data-vertical-behaviour=\"standard\" data-breakpoint=\"1024\" data-unbind=\"true\" data-mobile-state=\"collapse_all\" data-hover-intent-timeout=\"300\" data-hover-intent-interval=\"100\"><li class='mega-menu-item mega-menu-item-type-post_type mega-menu-item-object-page mega-align-bottom-left mega-menu-flyout mega-menu-item-1611' id='mega-menu-item-1611'><a class=\"mega-menu-link\" href=\"https:\/\/fpsct.org\/schools\/noah-wallace-elementary-school\/friday-folder\/\" tabindex=\"0\">P\u00e1te\u010dn\u00ed slo\u017eka - Z\u00e1kladn\u00ed \u0161kola Noaha Wallace<\/a><\/li><li class='mega-menu-item mega-menu-item-type-post_type mega-menu-item-object-page mega-align-bottom-left mega-menu-flyout mega-menu-item-1626' id='mega-menu-item-1626'><a class=\"mega-menu-link\" href=\"https:\/\/fpsct.org\/schools\/noah-wallace-elementary-school\/nwes-events-calendar\/\" tabindex=\"0\">Kalend\u00e1\u0159 akc\u00ed NWES<\/a><\/li><li class='mega-menu-item mega-menu-item-type-custom mega-menu-item-object-custom mega-align-bottom-left mega-menu-flyout mega-menu-item-1538' id='mega-menu-item-1538'><a target=\"_blank\" class=\"mega-menu-link\" href=\"https:\/\/fpsct.nutrislice.com\/\" tabindex=\"0\">Lunch Menu<\/a><\/li><li class='mega-menu-item mega-menu-item-type-post_type mega-menu-item-object-page mega-align-bottom-left mega-menu-flyout mega-menu-item-1539' id='mega-menu-item-1539'><a class=\"mega-menu-link\" href=\"https:\/\/fpsct.org\/about\/school-schedules\/\" tabindex=\"0\">\u0160koln\u00ed rozvrhy<\/a><\/li><li class='mega-menu-item mega-menu-item-type-post_type mega-menu-item-object-page mega-align-bottom-left mega-menu-flyout mega-menu-item-1551' id='mega-menu-item-1551'><a class=\"mega-menu-link\" href=\"https:\/\/fpsct.org\/about\/directory\/\" tabindex=\"0\">Adres\u00e1\u0159 fakulty a zam\u011bstnanc\u016f<\/a><\/li><li class='mega-menu-item mega-menu-item-type-custom mega-menu-item-object-custom mega-menu-item-has-children mega-align-bottom-left mega-menu-flyout mega-menu-item-1540' id='mega-menu-item-1540'><a class=\"mega-menu-link\" href=\"#\" aria-haspopup=\"true\" aria-expanded=\"false\" tabindex=\"0\">Other Resources<span class=\"mega-indicator\"><\/span><\/a>\n<ul class=\"mega-sub-menu\">\n<li class='mega-menu-item mega-menu-item-type-custom mega-menu-item-object-custom mega-menu-item-1541' id='mega-menu-item-1541'><a target=\"_blank\" class=\"mega-menu-link\" href=\"https:\/\/fpsct.org\/district-departments\/curriculum-instruction\/guides-to-school-curricula\/\">Parent Guide to Curriculum<\/a><\/li><li class='mega-menu-item mega-menu-item-type-post_type mega-menu-item-object-page mega-menu-item-1543' id='mega-menu-item-1543'><a class=\"mega-menu-link\" href=\"https:\/\/fpsct.org\/beyond-the-classroom\/fine-arts\/\">V\u00fdtvarn\u00e9 a u\u017eit\u00e9 um\u011bn\u00ed<\/a><\/li><li class='mega-menu-item mega-menu-item-type-custom mega-menu-item-object-custom mega-menu-item-3200' id='mega-menu-item-3200'><a class=\"mega-menu-link\" href=\"https:\/\/sites.google.com\/fpsct.org\/farmington-music\/home\">Music in Our Schools<\/a><\/li><li class='mega-menu-item mega-menu-item-type-post_type mega-menu-item-object-page mega-menu-item-2471' id='mega-menu-item-2471'><a class=\"mega-menu-link\" href=\"https:\/\/fpsct.org\/schools\/noah-wallace-elementary-school\/parent-organization-2\/\">Rodi\u010dovsk\u00e1 organizace NW<\/a><\/li><li class='mega-menu-item mega-menu-item-type-custom mega-menu-item-object-custom mega-menu-item-1545' id='mega-menu-item-1545'><a target=\"_blank\" class=\"mega-menu-link\" href=\"https:\/\/sites.google.com\/fpsct.org\/nwslibrarymediacenter\/\">Library<\/a><\/li><li class='mega-menu-item mega-menu-item-type-post_type mega-menu-item-object-page mega-menu-item-1548' id='mega-menu-item-1548'><a class=\"mega-menu-link\" href=\"https:\/\/fpsct.org\/about\/safe-school-climate\/\">Bezpe\u010dn\u00e9 \u0161koln\u00ed klima<\/a><\/li><li class='mega-menu-item mega-menu-item-type-custom mega-menu-item-object-custom mega-menu-item-35032' id='mega-menu-item-35032'><a target=\"_blank\" class=\"mega-menu-link\" href=\"https:\/\/fpsct.org\/district-departments\/facilities\/indoor-air-quality-tools-for-schools\/\">Tools for Schools<\/a><\/li><li class='mega-menu-item mega-menu-item-type-post_type mega-menu-item-object-page mega-menu-item-1549' id='mega-menu-item-1549'><a class=\"mega-menu-link\" href=\"https:\/\/fpsct.org\/about\/school-registration\/\">Registrace do \u0161koly<\/a><\/li><li class='mega-menu-item mega-menu-item-type-custom mega-menu-item-object-custom mega-menu-item-2453' id='mega-menu-item-2453'><a target=\"_blank\" class=\"mega-menu-link\" href=\"https:\/\/fpsct.org\/wp-content\/uploads\/2023\/11\/Farmington-2023-SRO-MOU-2.pdf\">FPD School Resource MOU<\/a><\/li><li class='mega-menu-item mega-menu-item-type-custom mega-menu-item-object-custom mega-menu-item-2493' id='mega-menu-item-2493'><a target=\"_blank\" class=\"mega-menu-link\" href=\"https:\/\/sites.google.com\/fpsct.org\/k4worldlanguage\">Elementary Spanish Program<\/a><\/li><li class='mega-menu-item mega-menu-item-type-custom mega-menu-item-object-custom mega-menu-item-2494' id='mega-menu-item-2494'><a target=\"_blank\" class=\"mega-menu-link\" href=\"https:\/\/sites.google.com\/fpsct.org\/fpsk-6mathematicswebsite\/home\">K-6 Mathematics<\/a><\/li><\/ul>\n<\/li><\/ul><\/div><\/div>\n\t\t\t\t<\/div>\n\t\t\t\t<\/div>\n\t\t\t\t\t<\/div>\n\t\t<\/div>\n\t\t\t\t<div class=\"elementor-column elementor-col-66 elementor-top-column elementor-element elementor-element-640ddba\" data-id=\"640ddba\" data-element_type=\"column\">\n\t\t\t<div class=\"elementor-widget-wrap elementor-element-populated\">\n\t\t\t\t\t\t\t\t<div class=\"elementor-element elementor-element-fd02328 elementor-widget elementor-widget-text-editor\" data-id=\"fd02328\" data-element_type=\"widget\" data-widget_type=\"text-editor.default\">\n\t\t\t\t<div class=\"elementor-widget-container\">\n\t\t\t<style>\/*! elementor - v3.17.0 - 08-11-2023 *\/\n.elementor-widget-text-editor.elementor-drop-cap-view-stacked .elementor-drop-cap{background-color:#69727d;color:#fff}.elementor-widget-text-editor.elementor-drop-cap-view-framed .elementor-drop-cap{color:#69727d;border:3px solid;background-color:transparent}.elementor-widget-text-editor:not(.elementor-drop-cap-view-default) .elementor-drop-cap{margin-top:8px}.elementor-widget-text-editor:not(.elementor-drop-cap-view-default) .elementor-drop-cap-letter{width:1em;height:1em}.elementor-widget-text-editor .elementor-drop-cap{float:left;text-align:center;line-height:1;font-size:50px}.elementor-widget-text-editor .elementor-drop-cap-letter{display:inline-block}<\/style>\t\t\t\t<p style=\"color: #58585b; font-family: open-sans, sans-serif;\">Noah Wallace PTO podporuje \u0161kolu prost\u0159ednictv\u00edm dobrovolnick\u00fdch program\u016f, \u010detn\u00fdch aktivit pro rodi\u010de a rodiny, v\u00fdbor\u016f pro z\u00edsk\u00e1v\u00e1n\u00ed zdroj\u016f a fundraisingu. Ve spolupr\u00e1ci s veden\u00edm \u0161koly a u\u010diteli se PTO sna\u017e\u00ed podporovat pocit soun\u00e1le\u017eitosti mezi zam\u011bstnanci, rodi\u010di a studenty a z\u00e1rove\u0148 podporovat vysok\u00e9 studijn\u00ed v\u00fdsledky a pocit vlastn\u00ed hodnoty.<\/p>\n<p style=\"color: #58585b; font-family: open-sans, sans-serif;\">Sch\u016fzky budou zve\u0159ej\u0148ov\u00e1ny, pod\u00edvejte se pros\u00edm do kalend\u00e1\u0159e akc\u00ed NWS.<\/p>\n<p><strong>V\u00fdkonn\u00e1 rada<\/strong><\/p>\n<ul>\n<li>Spolup\u0159edsedov\u00e9 &#8211; Ashley Battista a Kara Formica<\/li>\n<li>M\u00edstop\u0159edseda &#8211; otev\u0159eno<\/li>\n<li>Pokladn\u00edk &#8211; Jill Pachla<\/li>\n<li>Sekret\u00e1\u0159ka\/Web Designer &#8211; Mariah Reisnerov\u00e1<\/li>\n<li>Koordin\u00e1torka akce &#8211; Emily Kaliney<\/li>\n<li>Koordin\u00e1tor dobrovoln\u00edk\u016f &#8211; otev\u0159eno<\/li>\n<\/ul>\n\t\t\t\t\t\t<\/div>\n\t\t\t\t<\/div>\n\t\t\t\t<div class=\"elementor-element elementor-element-e976445 elementor-widget elementor-widget-text-editor\" data-id=\"e976445\" data-element_type=\"widget\" data-widget_type=\"text-editor.default\">\n\t\t\t\t<div class=\"elementor-widget-container\">\n\t\t\t\t\t\t\t<p style=\"color: #58585b; font-family: open-sans, sans-serif;\">Chcete-li kontaktovat na\u0161i PTO, m\u016f\u017eete napsat na e-mail <strong>nwpto@fpsct.org <\/strong>a zanechat vzkaz.<\/p>\n<p style=\"color: #58585b; font-family: open-sans, sans-serif;\">\n\t\t\t\t\t\t<\/div>\n\t\t\t\t<\/div>\n\t\t\t\t\t<\/div>\n\t\t<\/div>\n\t\t\t\t\t\t\t<\/div>\n\t\t<\/section>\n\t\t\t\t\t\t\t<\/div>\n\t\t","protected":false},"excerpt":{"rendered":"<p>Rodi\u010dovsk\u00e1 organizace NW Noah Wallace PTO podporuje \u0161kolu prost\u0159ednictv\u00edm dobrovolnick\u00fdch program\u016f, \u010detn\u00fdch aktivit pro rodi\u010de a rodiny, v\u00fdbor\u016f pro z\u00edsk\u00e1v\u00e1n\u00ed zdroj\u016f a fundraisingu. Ve spolupr\u00e1ci s veden\u00edm \u0161koly a u\u010diteli se PTO sna\u017e\u00ed podporovat pocit soun\u00e1le\u017eitosti mezi zam\u011bstnanci, rodi\u010di a studenty a z\u00e1rove\u0148 podporovat vysok\u00e9 studijn\u00ed v\u00fdsledky a pocit vlastn\u00ed hodnoty. Sch\u016fzky budou zve\u0159ej\u0148ov\u00e1ny, pod\u00edvejte [&hellip;]<\/p>\n","protected":false},"author":3,"featured_media":0,"parent":15276,"menu_order":0,"comment_status":"closed","ping_status":"closed","template":"","meta":{"_acf_changed":false,"footnotes":""},"class_list":["post-17132","page","type-page","status-publish","hentry"],"acf":[],"_links":{"self":[{"href":"https:\/\/fpsct.org\/cs\/wp-json\/wp\/v2\/pages\/17132","targetHints":{"allow":["GET"]}}],"collection":[{"href":"https:\/\/fpsct.org\/cs\/wp-json\/wp\/v2\/pages"}],"about":[{"href":"https:\/\/fpsct.org\/cs\/wp-json\/wp\/v2\/types\/page"}],"author":[{"embeddable":true,"href":"https:\/\/fpsct.org\/cs\/wp-json\/wp\/v2\/users\/3"}],"replies":[{"embeddable":true,"href":"https:\/\/fpsct.org\/cs\/wp-json\/wp\/v2\/comments?post=17132"}],"version-history":[{"count":0,"href":"https:\/\/fpsct.org\/cs\/wp-json\/wp\/v2\/pages\/17132\/revisions"}],"up":[{"embeddable":true,"href":"https:\/\/fpsct.org\/cs\/wp-json\/wp\/v2\/pages\/15276"}],"wp:attachment":[{"href":"https:\/\/fpsct.org\/cs\/wp-json\/wp\/v2\/media?parent=17132"}],"curies":[{"name":"wp","href":"https:\/\/api.w.org\/{rel}","templated":true}]}}