
{"id":16702,"date":"2023-08-23T18:11:45","date_gmt":"2023-08-23T22:11:45","guid":{"rendered":"https:\/\/fpsct.org\/prevence-zneuzivani-navykovych-latek\/"},"modified":"2024-06-24T13:08:31","modified_gmt":"2024-06-24T17:08:31","slug":"prevence-zneuzivani-navykovych-latek","status":"publish","type":"page","link":"https:\/\/fpsct.org\/cs\/rodiny\/prevence-zneuzivani-navykovych-latek\/","title":{"rendered":"Prevence zneu\u017e\u00edv\u00e1n\u00ed n\u00e1vykov\u00fdch l\u00e1tek"},"content":{"rendered":"\t\t<div data-elementor-type=\"wp-page\" data-elementor-id=\"16702\" class=\"elementor elementor-16702 elementor-1667\" data-elementor-post-type=\"page\">\n\t\t\t\t\t\t\t\t\t<section data-particle_enable=\"false\" data-particle-mobile-disabled=\"false\" class=\"elementor-section elementor-top-section elementor-element elementor-element-31e9d211 elementor-section-content-middle elementor-reverse-mobile elementor-section-boxed elementor-section-height-default elementor-section-height-default\" data-id=\"31e9d211\" data-element_type=\"section\" data-settings=\"{&quot;background_background&quot;:&quot;classic&quot;}\">\n\t\t\t\t\t\t<div class=\"elementor-container elementor-column-gap-no\">\n\t\t\t\t\t<div class=\"elementor-column elementor-col-100 elementor-top-column elementor-element elementor-element-28b2d67\" data-id=\"28b2d67\" data-element_type=\"column\">\n\t\t\t<div class=\"elementor-widget-wrap elementor-element-populated\">\n\t\t\t\t\t\t\t\t<div class=\"elementor-element elementor-element-162b0b6c elementor-widget elementor-widget-heading\" data-id=\"162b0b6c\" data-element_type=\"widget\" data-widget_type=\"heading.default\">\n\t\t\t\t<div class=\"elementor-widget-container\">\n\t\t\t<style>\/*! elementor - v3.17.0 - 08-11-2023 *\/\n.elementor-heading-title{padding:0;margin:0;line-height:1}.elementor-widget-heading .elementor-heading-title[class*=elementor-size-]>a{color:inherit;font-size:inherit;line-height:inherit}.elementor-widget-heading .elementor-heading-title.elementor-size-small{font-size:15px}.elementor-widget-heading .elementor-heading-title.elementor-size-medium{font-size:19px}.elementor-widget-heading .elementor-heading-title.elementor-size-large{font-size:29px}.elementor-widget-heading .elementor-heading-title.elementor-size-xl{font-size:39px}.elementor-widget-heading .elementor-heading-title.elementor-size-xxl{font-size:59px}<\/style><h1 class=\"elementor-heading-title elementor-size-default\">Prevence zneu\u017e\u00edv\u00e1n\u00ed n\u00e1vykov\u00fdch l\u00e1tek<\/h1>\t\t<\/div>\n\t\t\t\t<\/div>\n\t\t\t\t\t<\/div>\n\t\t<\/div>\n\t\t\t\t\t\t\t<\/div>\n\t\t<\/section>\n\t\t\t\t<section data-particle_enable=\"false\" data-particle-mobile-disabled=\"false\" class=\"elementor-section elementor-top-section elementor-element elementor-element-1fe24cd elementor-section-boxed elementor-section-height-default elementor-section-height-default\" data-id=\"1fe24cd\" data-element_type=\"section\">\n\t\t\t\t\t\t<div class=\"elementor-container elementor-column-gap-default\">\n\t\t\t\t\t<div class=\"elementor-column elementor-col-100 elementor-top-column elementor-element elementor-element-60bc584f\" data-id=\"60bc584f\" data-element_type=\"column\">\n\t\t\t<div class=\"elementor-widget-wrap elementor-element-populated\">\n\t\t\t\t\t\t\t\t<div class=\"elementor-element elementor-element-207184d6 elementor-widget elementor-widget-text-editor\" data-id=\"207184d6\" data-element_type=\"widget\" data-widget_type=\"text-editor.default\">\n\t\t\t\t<div class=\"elementor-widget-container\">\n\t\t\t<style>\/*! elementor - v3.17.0 - 08-11-2023 *\/\n.elementor-widget-text-editor.elementor-drop-cap-view-stacked .elementor-drop-cap{background-color:#69727d;color:#fff}.elementor-widget-text-editor.elementor-drop-cap-view-framed .elementor-drop-cap{color:#69727d;border:3px solid;background-color:transparent}.elementor-widget-text-editor:not(.elementor-drop-cap-view-default) .elementor-drop-cap{margin-top:8px}.elementor-widget-text-editor:not(.elementor-drop-cap-view-default) .elementor-drop-cap-letter{width:1em;height:1em}.elementor-widget-text-editor .elementor-drop-cap{float:left;text-align:center;line-height:1;font-size:50px}.elementor-widget-text-editor .elementor-drop-cap-letter{display:inline-block}<\/style>\t\t\t\t<ul>\n \t<li><a href=\"http:\/\/www.fcd.org\/\">FCD.org<\/a> (Svoboda od chemick\u00e9 z\u00e1vislosti)\n<ul>\n \t<li>FCD, n\u00e1\u0161 partner p\u0159i sni\u017eov\u00e1n\u00ed u\u017e\u00edv\u00e1n\u00ed n\u00e1vykov\u00fdch l\u00e1tek mezi dosp\u00edvaj\u00edc\u00edmi ve Farmingtonu, poskytuje rodi\u010d\u016fm a pedagog\u016fm cenn\u00e9 informace o pr\u00e1ci s dosp\u00edvaj\u00edc\u00edmi.<\/li>\n<\/ul>\n<\/li>\n \t<li><a href=\"http:\/\/myemail.constantcontact.com\/E-Journal--The-Teenage-Brain--Teens--Real-Questions-Answered-by-FCD.html?soid=1101484057590&amp;aid=zAdETiv9iww\">Mozek dosp\u00edvaj\u00edc\u00edch: Mozek teenager\u016f: skute\u010dn\u00e9 ot\u00e1zky, na kter\u00e9 odpov\u00edd\u00e1 FCD<\/a>\n<ul>\n \t<li>Vynikaj\u00edc\u00ed p\u0159\u00edsp\u011bvek FCD, kter\u00fd se zab\u00fdv\u00e1 t\u00edm, jak funguje mozek dosp\u00edvaj\u00edc\u00edch a jak reaguje na u\u017e\u00edv\u00e1n\u00ed drog a alkoholu. Povinn\u00e1 \u010detba pro ka\u017ed\u00e9ho rodi\u010de <i>bez<\/i> doktor\u00e1tu z neurofyziologie!<\/li>\n<\/ul>\n<\/li>\n \t<li>P\u0159\u00edstup <a href=\"http:\/\/www.fcd.org\/fcd_social_norms.html\">SOCI\u00c1LN\u00cdCH NOREM<\/a> k prevenci u\u017e\u00edv\u00e1n\u00ed n\u00e1vykov\u00fdch l\u00e1tek.\n<ul>\n \t<li>P\u0159\u00edstup k prevenci zalo\u017een\u00fd na soci\u00e1ln\u00edch norm\u00e1ch je pro n\u00e1s ve Farmingtonu kl\u00ed\u010dovou strategi\u00ed. Vyu\u017eit\u00ed \u00fadaj\u016f z pr\u016fzkum\u016f ke zkreslen\u00ed myln\u00fdch p\u0159edstav o skute\u010dn\u00e9m u\u017e\u00edv\u00e1n\u00ed n\u00e1m pomohlo za\u010d\u00edt znovu definovat, co dosp\u00edvaj\u00edc\u00ed pova\u017euj\u00ed za &#8222;norm\u00e1ln\u00ed&#8220; chov\u00e1n\u00ed.<\/li>\n<\/ul>\n<\/li>\n \t<li><strong>V\u00fdsledky pr\u016fzkumu FCD<\/strong>: Prezentace v PowerPointu pro BOE\n<ul>\n \t<li>Shrnut\u00ed srovn\u00e1vac\u00edch v\u00fdsledk\u016f pr\u016fzkumu <i>postoj\u016f a chov\u00e1n\u00ed student\u016f<\/i> z let 2007, 2010 a 2014<\/li>\n<\/ul>\n<\/li>\n \t<li>Dne\u0161n\u00ed marihuana je neuv\u011b\u0159iteln\u011b siln\u00e1 a pro dne\u0161n\u00ed dosp\u00edvaj\u00edc\u00ed p\u0159edstavuje zvl\u00e1\u0161tn\u00ed nebezpe\u010d\u00ed. <a href=\"http:\/\/www.drugfree.org\/\">Partnerstv\u00ed pro d\u011bti bez drog<\/a> ned\u00e1vno zve\u0159ejnilo svou <strong>\n  <i>Marihuana Talk Kit<\/i>\n<\/strong><i> <\/i>pomoci rodi\u010d\u016fm pochopit nebezpe\u010d\u00ed dne\u0161n\u00ed marihuany a jak v\u00e9st s dosp\u00edvaj\u00edc\u00edmi otev\u0159en\u00e9, plodn\u00e9 a oboustrann\u00e9 rozhovory na toto t\u00e9ma.<\/li>\n<\/ul>\n\t\t\t\t\t\t<\/div>\n\t\t\t\t<\/div>\n\t\t\t\t\t<\/div>\n\t\t<\/div>\n\t\t\t\t\t\t\t<\/div>\n\t\t<\/section>\n\t\t\t\t\t\t\t<\/div>\n\t\t","protected":false},"excerpt":{"rendered":"<p>Prevence zneu\u017e\u00edv\u00e1n\u00ed n\u00e1vykov\u00fdch l\u00e1tek FCD.org (Svoboda od chemick\u00e9 z\u00e1vislosti) FCD, n\u00e1\u0161 partner p\u0159i sni\u017eov\u00e1n\u00ed u\u017e\u00edv\u00e1n\u00ed n\u00e1vykov\u00fdch l\u00e1tek mezi dosp\u00edvaj\u00edc\u00edmi ve Farmingtonu, poskytuje rodi\u010d\u016fm a pedagog\u016fm cenn\u00e9 informace o pr\u00e1ci s dosp\u00edvaj\u00edc\u00edmi. Mozek dosp\u00edvaj\u00edc\u00edch: Mozek teenager\u016f: skute\u010dn\u00e9 ot\u00e1zky, na kter\u00e9 odpov\u00edd\u00e1 FCD Vynikaj\u00edc\u00ed p\u0159\u00edsp\u011bvek FCD, kter\u00fd se zab\u00fdv\u00e1 t\u00edm, jak funguje mozek dosp\u00edvaj\u00edc\u00edch a jak reaguje [&hellip;]<\/p>\n","protected":false},"author":1,"featured_media":0,"parent":20175,"menu_order":0,"comment_status":"closed","ping_status":"closed","template":"","meta":{"_acf_changed":false,"footnotes":""},"class_list":["post-16702","page","type-page","status-publish","hentry"],"acf":[],"_links":{"self":[{"href":"https:\/\/fpsct.org\/cs\/wp-json\/wp\/v2\/pages\/16702","targetHints":{"allow":["GET"]}}],"collection":[{"href":"https:\/\/fpsct.org\/cs\/wp-json\/wp\/v2\/pages"}],"about":[{"href":"https:\/\/fpsct.org\/cs\/wp-json\/wp\/v2\/types\/page"}],"author":[{"embeddable":true,"href":"https:\/\/fpsct.org\/cs\/wp-json\/wp\/v2\/users\/1"}],"replies":[{"embeddable":true,"href":"https:\/\/fpsct.org\/cs\/wp-json\/wp\/v2\/comments?post=16702"}],"version-history":[{"count":0,"href":"https:\/\/fpsct.org\/cs\/wp-json\/wp\/v2\/pages\/16702\/revisions"}],"up":[{"embeddable":true,"href":"https:\/\/fpsct.org\/cs\/wp-json\/wp\/v2\/pages\/20175"}],"wp:attachment":[{"href":"https:\/\/fpsct.org\/cs\/wp-json\/wp\/v2\/media?parent=16702"}],"curies":[{"name":"wp","href":"https:\/\/api.w.org\/{rel}","templated":true}]}}