
{"id":16690,"date":"2023-08-23T18:15:44","date_gmt":"2023-08-23T22:15:44","guid":{"rendered":"https:\/\/fpsct.org\/image-tela-a-spravne-stravovani\/"},"modified":"2024-06-24T13:08:31","modified_gmt":"2024-06-24T17:08:31","slug":"image-tela-a-spravne-stravovani","status":"publish","type":"page","link":"https:\/\/fpsct.org\/cs\/rodiny\/image-tela-a-spravne-stravovani\/","title":{"rendered":"Image t\u011bla a spr\u00e1vn\u00e9 stravov\u00e1n\u00ed"},"content":{"rendered":"\t\t<div data-elementor-type=\"wp-page\" data-elementor-id=\"16690\" class=\"elementor elementor-16690 elementor-1668\" data-elementor-post-type=\"page\">\n\t\t\t\t\t\t\t\t\t<section data-particle_enable=\"false\" data-particle-mobile-disabled=\"false\" class=\"elementor-section elementor-top-section elementor-element elementor-element-31e9d211 elementor-section-content-middle elementor-reverse-mobile elementor-section-boxed elementor-section-height-default elementor-section-height-default\" data-id=\"31e9d211\" data-element_type=\"section\" data-settings=\"{&quot;background_background&quot;:&quot;classic&quot;}\">\n\t\t\t\t\t\t<div class=\"elementor-container elementor-column-gap-no\">\n\t\t\t\t\t<div class=\"elementor-column elementor-col-100 elementor-top-column elementor-element elementor-element-28b2d67\" data-id=\"28b2d67\" data-element_type=\"column\">\n\t\t\t<div class=\"elementor-widget-wrap elementor-element-populated\">\n\t\t\t\t\t\t\t\t<div class=\"elementor-element elementor-element-162b0b6c elementor-widget elementor-widget-heading\" data-id=\"162b0b6c\" data-element_type=\"widget\" data-widget_type=\"heading.default\">\n\t\t\t\t<div class=\"elementor-widget-container\">\n\t\t\t<style>\/*! elementor - v3.17.0 - 08-11-2023 *\/\n.elementor-heading-title{padding:0;margin:0;line-height:1}.elementor-widget-heading .elementor-heading-title[class*=elementor-size-]>a{color:inherit;font-size:inherit;line-height:inherit}.elementor-widget-heading .elementor-heading-title.elementor-size-small{font-size:15px}.elementor-widget-heading .elementor-heading-title.elementor-size-medium{font-size:19px}.elementor-widget-heading .elementor-heading-title.elementor-size-large{font-size:29px}.elementor-widget-heading .elementor-heading-title.elementor-size-xl{font-size:39px}.elementor-widget-heading .elementor-heading-title.elementor-size-xxl{font-size:59px}<\/style><h1 class=\"elementor-heading-title elementor-size-default\">Image t\u011bla a spr\u00e1vn\u00e9 stravov\u00e1n\u00ed<\/h1>\t\t<\/div>\n\t\t\t\t<\/div>\n\t\t\t\t\t<\/div>\n\t\t<\/div>\n\t\t\t\t\t\t\t<\/div>\n\t\t<\/section>\n\t\t\t\t<section data-particle_enable=\"false\" data-particle-mobile-disabled=\"false\" class=\"elementor-section elementor-top-section elementor-element elementor-element-1fe24cd elementor-section-boxed elementor-section-height-default elementor-section-height-default\" data-id=\"1fe24cd\" data-element_type=\"section\">\n\t\t\t\t\t\t<div class=\"elementor-container elementor-column-gap-default\">\n\t\t\t\t\t<div class=\"elementor-column elementor-col-100 elementor-top-column elementor-element elementor-element-60bc584f\" data-id=\"60bc584f\" data-element_type=\"column\">\n\t\t\t<div class=\"elementor-widget-wrap elementor-element-populated\">\n\t\t\t\t\t\t\t\t<div class=\"elementor-element elementor-element-207184d6 elementor-widget elementor-widget-text-editor\" data-id=\"207184d6\" data-element_type=\"widget\" data-widget_type=\"text-editor.default\">\n\t\t\t\t<div class=\"elementor-widget-container\">\n\t\t\t<style>\/*! elementor - v3.17.0 - 08-11-2023 *\/\n.elementor-widget-text-editor.elementor-drop-cap-view-stacked .elementor-drop-cap{background-color:#69727d;color:#fff}.elementor-widget-text-editor.elementor-drop-cap-view-framed .elementor-drop-cap{color:#69727d;border:3px solid;background-color:transparent}.elementor-widget-text-editor:not(.elementor-drop-cap-view-default) .elementor-drop-cap{margin-top:8px}.elementor-widget-text-editor:not(.elementor-drop-cap-view-default) .elementor-drop-cap-letter{width:1em;height:1em}.elementor-widget-text-editor .elementor-drop-cap{float:left;text-align:center;line-height:1;font-size:50px}.elementor-widget-text-editor .elementor-drop-cap-letter{display:inline-block}<\/style>\t\t\t\t<ul>\n \t<li>V t\u00e9to <a href=\"https:\/\/www.commonsensemedia.org\/children-teens-body-image-media-infographic\">informa\u010dn\u00ed grafice<\/a> Common Sense Media uv\u00e1d\u00ed p\u0159ehled v\u00fdzkum\u016f o \u00faloze m\u00e9di\u00ed a technologi\u00ed ve v\u00fdvoji postoj\u016f a chov\u00e1n\u00ed d\u011bt\u00ed a dosp\u00edvaj\u00edc\u00edch k t\u011blu. D\u016fle\u017eit\u00e9 informace pro rodi\u010de chlapc\u016f i d\u00edvek!<\/li>\n<\/ul>\t\t\t\t\t\t<\/div>\n\t\t\t\t<\/div>\n\t\t\t\t\t<\/div>\n\t\t<\/div>\n\t\t\t\t\t\t\t<\/div>\n\t\t<\/section>\n\t\t\t\t\t\t\t<\/div>\n\t\t","protected":false},"excerpt":{"rendered":"<p>Image t\u011bla a spr\u00e1vn\u00e9 stravov\u00e1n\u00ed V t\u00e9to informa\u010dn\u00ed grafice Common Sense Media uv\u00e1d\u00ed p\u0159ehled v\u00fdzkum\u016f o \u00faloze m\u00e9di\u00ed a technologi\u00ed ve v\u00fdvoji postoj\u016f a chov\u00e1n\u00ed d\u011bt\u00ed a dosp\u00edvaj\u00edc\u00edch k t\u011blu. D\u016fle\u017eit\u00e9 informace pro rodi\u010de chlapc\u016f i d\u00edvek!<\/p>\n","protected":false},"author":1,"featured_media":0,"parent":20175,"menu_order":0,"comment_status":"closed","ping_status":"closed","template":"","meta":{"_acf_changed":false,"footnotes":""},"class_list":["post-16690","page","type-page","status-publish","hentry"],"acf":[],"_links":{"self":[{"href":"https:\/\/fpsct.org\/cs\/wp-json\/wp\/v2\/pages\/16690","targetHints":{"allow":["GET"]}}],"collection":[{"href":"https:\/\/fpsct.org\/cs\/wp-json\/wp\/v2\/pages"}],"about":[{"href":"https:\/\/fpsct.org\/cs\/wp-json\/wp\/v2\/types\/page"}],"author":[{"embeddable":true,"href":"https:\/\/fpsct.org\/cs\/wp-json\/wp\/v2\/users\/1"}],"replies":[{"embeddable":true,"href":"https:\/\/fpsct.org\/cs\/wp-json\/wp\/v2\/comments?post=16690"}],"version-history":[{"count":0,"href":"https:\/\/fpsct.org\/cs\/wp-json\/wp\/v2\/pages\/16690\/revisions"}],"up":[{"embeddable":true,"href":"https:\/\/fpsct.org\/cs\/wp-json\/wp\/v2\/pages\/20175"}],"wp:attachment":[{"href":"https:\/\/fpsct.org\/cs\/wp-json\/wp\/v2\/media?parent=16690"}],"curies":[{"name":"wp","href":"https:\/\/api.w.org\/{rel}","templated":true}]}}