
{"id":16678,"date":"2023-08-23T18:16:12","date_gmt":"2023-08-23T22:16:12","guid":{"rendered":"https:\/\/fpsct.org\/dusevni-zdravi\/"},"modified":"2024-06-24T13:08:31","modified_gmt":"2024-06-24T17:08:31","slug":"dusevni-zdravi","status":"publish","type":"page","link":"https:\/\/fpsct.org\/cs\/rodiny\/dusevni-zdravi\/","title":{"rendered":"Du\u0161evn\u00ed zdrav\u00ed"},"content":{"rendered":"\t\t<div data-elementor-type=\"wp-page\" data-elementor-id=\"16678\" class=\"elementor elementor-16678 elementor-1669\" data-elementor-post-type=\"page\">\n\t\t\t\t\t\t\t\t\t<section data-particle_enable=\"false\" data-particle-mobile-disabled=\"false\" class=\"elementor-section elementor-top-section elementor-element elementor-element-31e9d211 elementor-section-content-middle elementor-reverse-mobile elementor-section-boxed elementor-section-height-default elementor-section-height-default\" data-id=\"31e9d211\" data-element_type=\"section\" data-settings=\"{&quot;background_background&quot;:&quot;classic&quot;}\">\n\t\t\t\t\t\t<div class=\"elementor-container elementor-column-gap-no\">\n\t\t\t\t\t<div class=\"elementor-column elementor-col-100 elementor-top-column elementor-element elementor-element-28b2d67\" data-id=\"28b2d67\" data-element_type=\"column\">\n\t\t\t<div class=\"elementor-widget-wrap elementor-element-populated\">\n\t\t\t\t\t\t\t\t<div class=\"elementor-element elementor-element-162b0b6c elementor-widget elementor-widget-heading\" data-id=\"162b0b6c\" data-element_type=\"widget\" data-widget_type=\"heading.default\">\n\t\t\t\t<div class=\"elementor-widget-container\">\n\t\t\t<style>\/*! elementor - v3.17.0 - 08-11-2023 *\/\n.elementor-heading-title{padding:0;margin:0;line-height:1}.elementor-widget-heading .elementor-heading-title[class*=elementor-size-]>a{color:inherit;font-size:inherit;line-height:inherit}.elementor-widget-heading .elementor-heading-title.elementor-size-small{font-size:15px}.elementor-widget-heading .elementor-heading-title.elementor-size-medium{font-size:19px}.elementor-widget-heading .elementor-heading-title.elementor-size-large{font-size:29px}.elementor-widget-heading .elementor-heading-title.elementor-size-xl{font-size:39px}.elementor-widget-heading .elementor-heading-title.elementor-size-xxl{font-size:59px}<\/style><h1 class=\"elementor-heading-title elementor-size-default\">Du\u0161evn\u00ed zdrav\u00ed<\/h1>\t\t<\/div>\n\t\t\t\t<\/div>\n\t\t\t\t\t<\/div>\n\t\t<\/div>\n\t\t\t\t\t\t\t<\/div>\n\t\t<\/section>\n\t\t\t\t<section data-particle_enable=\"false\" data-particle-mobile-disabled=\"false\" class=\"elementor-section elementor-top-section elementor-element elementor-element-1fe24cd elementor-section-boxed elementor-section-height-default elementor-section-height-default\" data-id=\"1fe24cd\" data-element_type=\"section\">\n\t\t\t\t\t\t<div class=\"elementor-container elementor-column-gap-default\">\n\t\t\t\t\t<div class=\"elementor-column elementor-col-100 elementor-top-column elementor-element elementor-element-60bc584f\" data-id=\"60bc584f\" data-element_type=\"column\">\n\t\t\t<div class=\"elementor-widget-wrap elementor-element-populated\">\n\t\t\t\t\t\t\t\t<div class=\"elementor-element elementor-element-207184d6 elementor-widget elementor-widget-text-editor\" data-id=\"207184d6\" data-element_type=\"widget\" data-widget_type=\"text-editor.default\">\n\t\t\t\t<div class=\"elementor-widget-container\">\n\t\t\t<style>\/*! elementor - v3.17.0 - 08-11-2023 *\/\n.elementor-widget-text-editor.elementor-drop-cap-view-stacked .elementor-drop-cap{background-color:#69727d;color:#fff}.elementor-widget-text-editor.elementor-drop-cap-view-framed .elementor-drop-cap{color:#69727d;border:3px solid;background-color:transparent}.elementor-widget-text-editor:not(.elementor-drop-cap-view-default) .elementor-drop-cap{margin-top:8px}.elementor-widget-text-editor:not(.elementor-drop-cap-view-default) .elementor-drop-cap-letter{width:1em;height:1em}.elementor-widget-text-editor .elementor-drop-cap{float:left;text-align:center;line-height:1;font-size:50px}.elementor-widget-text-editor .elementor-drop-cap-letter{display:inline-block}<\/style>\t\t\t\t<ul>\n<li>\u00dazkost a deprese jsou v populaci dosp\u00edvaj\u00edc\u00edch pom\u011brn\u011b \u010dast\u00fdm jevem. Pokud se tyto stavy stanou p\u0159et\u011b\u017euj\u00edc\u00edmi a nejsou l\u00e9\u010deny, mohou v\u00e9st k samol\u00e9\u010db\u011b alkoholem a drogami a k jin\u00e9mu rizikov\u00e9mu chov\u00e1n\u00ed, stejn\u011b jako k my\u0161lenk\u00e1m na sebepo\u0161kozen\u00ed a sebevra\u017edu. Schopnost rozpoznat p\u0159\u00edznaky a symptomy probl\u00e9m\u016f s du\u0161evn\u00edm zdrav\u00edm je prvn\u00edm kl\u00ed\u010dov\u00fdm krokem k z\u00edsk\u00e1n\u00ed pomoci.\n<ul>\n<li>Nejste si jisti, jak\u00e9 chov\u00e1n\u00ed je pro dosp\u00edvaj\u00edc\u00ed typick\u00e9 a \u010demu je t\u0159eba v\u011bnovat v\u011bt\u0161\u00ed pozornost? Pod\u00edvejte se na vynikaj\u00edc\u00ed dvoud\u00edlnou inscenaci ve\u0159ejnopr\u00e1vn\u00ed televize s n\u00e1zvem <i>Typick\u00fd nebo probl\u00e9mov\u00fd <\/i>. <a href=\"http:\/\/www.wliw.org\/programs\/healthy-minds\/#teens-typical-or-troubled-part-one--what-you-need-to\"><br \/>\n  <i>\u010d\u00e1st 1<\/i><br \/>\n<\/a><i> a <\/i><a href=\"http:\/\/www.wliw.org\/programs\/healthy-minds\/#teens-typical-or-troubled-part-two--suicide-prevention\"><br \/>\n  <i>\u010d\u00e1st 2<\/i><br \/>\n<\/a><i>.<\/i><\/li>\n<li><a href=\"http:\/\/www.afsp.org\/\">Americk\u00e1 nadace pro prevenci sebevra\u017ed<\/a> je cenn\u00fdm zdrojem informac\u00ed o sebevra\u017ed\u00e1ch a depres\u00edch.<\/li>\n<li>V\u0161ichni studenti st\u0159edn\u00ed \u0161koly ve Farmingtonu jsou nyn\u00ed vy\u0161koleni v QPR (Question, Persuade, Refer), aby byli schopni identifikovat p\u0159\u00edtele nebo bl\u00edzkou osobu v nouzi a zajistit jim okam\u017eitou pomoc. Pod\u00edvejte se, o \u010dem je \u0159e\u010d, na webov\u00fdch str\u00e1nk\u00e1ch <a href=\"http:\/\/www.qprinstitute.com\/\">QPR Institute<\/a>.<\/li>\n<\/ul>\n<\/li>\n<\/ul>\n\t\t\t\t\t\t<\/div>\n\t\t\t\t<\/div>\n\t\t\t\t\t<\/div>\n\t\t<\/div>\n\t\t\t\t\t\t\t<\/div>\n\t\t<\/section>\n\t\t\t\t\t\t\t<\/div>\n\t\t","protected":false},"excerpt":{"rendered":"<p>Du\u0161evn\u00ed zdrav\u00ed \u00dazkost a deprese jsou v populaci dosp\u00edvaj\u00edc\u00edch pom\u011brn\u011b \u010dast\u00fdm jevem. Pokud se tyto stavy stanou p\u0159et\u011b\u017euj\u00edc\u00edmi a nejsou l\u00e9\u010deny, mohou v\u00e9st k samol\u00e9\u010db\u011b alkoholem a drogami a k jin\u00e9mu rizikov\u00e9mu chov\u00e1n\u00ed, stejn\u011b jako k my\u0161lenk\u00e1m na sebepo\u0161kozen\u00ed a sebevra\u017edu. Schopnost rozpoznat p\u0159\u00edznaky a symptomy probl\u00e9m\u016f s du\u0161evn\u00edm zdrav\u00edm je prvn\u00edm kl\u00ed\u010dov\u00fdm krokem k [&hellip;]<\/p>\n","protected":false},"author":1,"featured_media":0,"parent":20175,"menu_order":0,"comment_status":"closed","ping_status":"closed","template":"","meta":{"_acf_changed":false,"footnotes":""},"class_list":["post-16678","page","type-page","status-publish","hentry"],"acf":[],"_links":{"self":[{"href":"https:\/\/fpsct.org\/cs\/wp-json\/wp\/v2\/pages\/16678","targetHints":{"allow":["GET"]}}],"collection":[{"href":"https:\/\/fpsct.org\/cs\/wp-json\/wp\/v2\/pages"}],"about":[{"href":"https:\/\/fpsct.org\/cs\/wp-json\/wp\/v2\/types\/page"}],"author":[{"embeddable":true,"href":"https:\/\/fpsct.org\/cs\/wp-json\/wp\/v2\/users\/1"}],"replies":[{"embeddable":true,"href":"https:\/\/fpsct.org\/cs\/wp-json\/wp\/v2\/comments?post=16678"}],"version-history":[{"count":0,"href":"https:\/\/fpsct.org\/cs\/wp-json\/wp\/v2\/pages\/16678\/revisions"}],"up":[{"embeddable":true,"href":"https:\/\/fpsct.org\/cs\/wp-json\/wp\/v2\/pages\/20175"}],"wp:attachment":[{"href":"https:\/\/fpsct.org\/cs\/wp-json\/wp\/v2\/media?parent=16678"}],"curies":[{"name":"wp","href":"https:\/\/api.w.org\/{rel}","templated":true}]}}