
{"id":16502,"date":"2023-06-28T14:35:47","date_gmt":"2023-06-28T18:35:47","guid":{"rendered":"https:\/\/fpsct.org\/skoly\/stredni-skola-farmington\/informace-o-parkovani\/"},"modified":"2024-06-24T12:26:43","modified_gmt":"2024-06-24T16:26:43","slug":"informace-o-parkovani","status":"publish","type":"page","link":"https:\/\/fpsct.org\/cs\/skoly\/stredni-skola-farmington\/informace-o-parkovani\/","title":{"rendered":"Informace o parkov\u00e1n\u00ed"},"content":{"rendered":"\t\t<div data-elementor-type=\"wp-page\" data-elementor-id=\"16502\" class=\"elementor elementor-16502 elementor-912\" data-elementor-post-type=\"page\">\n\t\t\t\t\t\t\t\t\t<section data-particle_enable=\"false\" data-particle-mobile-disabled=\"false\" class=\"elementor-section elementor-top-section elementor-element elementor-element-db4b954 elementor-section-content-middle elementor-reverse-mobile elementor-section-boxed elementor-section-height-default elementor-section-height-default\" data-id=\"db4b954\" data-element_type=\"section\" data-settings=\"{&quot;background_background&quot;:&quot;classic&quot;}\">\n\t\t\t\t\t\t<div class=\"elementor-container elementor-column-gap-no\">\n\t\t\t\t\t<div class=\"elementor-column elementor-col-100 elementor-top-column elementor-element elementor-element-fa5e2cf\" data-id=\"fa5e2cf\" data-element_type=\"column\">\n\t\t\t<div class=\"elementor-widget-wrap elementor-element-populated\">\n\t\t\t\t\t\t\t\t<div class=\"elementor-element elementor-element-17eb8c6 elementor-widget elementor-widget-heading\" data-id=\"17eb8c6\" data-element_type=\"widget\" data-widget_type=\"heading.default\">\n\t\t\t\t<div class=\"elementor-widget-container\">\n\t\t\t<style>\/*! elementor - v3.17.0 - 08-11-2023 *\/\n.elementor-heading-title{padding:0;margin:0;line-height:1}.elementor-widget-heading .elementor-heading-title[class*=elementor-size-]>a{color:inherit;font-size:inherit;line-height:inherit}.elementor-widget-heading .elementor-heading-title.elementor-size-small{font-size:15px}.elementor-widget-heading .elementor-heading-title.elementor-size-medium{font-size:19px}.elementor-widget-heading .elementor-heading-title.elementor-size-large{font-size:29px}.elementor-widget-heading .elementor-heading-title.elementor-size-xl{font-size:39px}.elementor-widget-heading .elementor-heading-title.elementor-size-xxl{font-size:59px}<\/style><h1 class=\"elementor-heading-title elementor-size-default\">Informace o parkov\u00e1n\u00ed<\/h1>\t\t<\/div>\n\t\t\t\t<\/div>\n\t\t\t\t\t<\/div>\n\t\t<\/div>\n\t\t\t\t\t\t\t<\/div>\n\t\t<\/section>\n\t\t\t\t<section data-particle_enable=\"false\" data-particle-mobile-disabled=\"false\" class=\"elementor-section elementor-top-section elementor-element elementor-element-e9fcf91 elementor-section-boxed elementor-section-height-default elementor-section-height-default\" data-id=\"e9fcf91\" data-element_type=\"section\">\n\t\t\t\t\t\t<div class=\"elementor-container elementor-column-gap-default\">\n\t\t\t\t\t<div class=\"elementor-column elementor-col-33 elementor-top-column elementor-element elementor-element-8213d23\" data-id=\"8213d23\" data-element_type=\"column\">\n\t\t\t<div class=\"elementor-widget-wrap elementor-element-populated\">\n\t\t\t\t\t\t\t\t<div class=\"elementor-element elementor-element-1115faf elementor-widget elementor-widget-shortcode\" data-id=\"1115faf\" data-element_type=\"widget\" data-settings=\"{&quot;sticky&quot;:&quot;top&quot;,&quot;sticky_on&quot;:[&quot;tablet&quot;,&quot;mobile&quot;],&quot;sticky_offset&quot;:0,&quot;sticky_effects_offset&quot;:0}\" data-widget_type=\"shortcode.default\">\n\t\t\t\t<div class=\"elementor-widget-container\">\n\t\t\t\t\t<div class=\"elementor-shortcode\"><div id=\"mega-menu-wrap-max_mega_menu_4\" class=\"mega-menu-wrap\"><div class=\"mega-menu-toggle\"><div class=\"mega-toggle-blocks-left\"><div class='mega-toggle-block mega-html-block mega-toggle-block-1' id='mega-toggle-block-1'><p style=\"color:white; font-size:18px; font-weight: bold; padding-left:15px\">IN THIS SECTION<\/p><\/span><\/div><\/div><div class=\"mega-toggle-blocks-center\"><\/div><div class=\"mega-toggle-blocks-right\"><div class='mega-toggle-block mega-menu-toggle-block mega-toggle-block-2' id='mega-toggle-block-2' tabindex='0'><span class='mega-toggle-label' role='button' aria-expanded='false'><span class='mega-toggle-label-closed'><\/span><span class='mega-toggle-label-open'><\/span><\/span><\/div><\/div><\/div><ul id=\"mega-menu-max_mega_menu_4\" class=\"mega-menu max-mega-menu mega-menu-accordion mega-no-js\" data-event=\"click\" data-effect=\"fade_up\" data-effect-speed=\"200\" data-effect-mobile=\"disabled\" data-effect-speed-mobile=\"0\" data-mobile-force-width=\"false\" data-second-click=\"go\" data-document-click=\"disabled\" data-vertical-behaviour=\"standard\" data-breakpoint=\"1024\" data-unbind=\"true\" data-mobile-state=\"collapse_all\" data-hover-intent-timeout=\"300\" data-hover-intent-interval=\"100\"><li class='mega-menu-item mega-menu-item-type-post_type mega-menu-item-object-page mega-align-bottom-left mega-menu-flyout mega-menu-item-803' id='mega-menu-item-803'><a class=\"mega-menu-link\" href=\"https:\/\/fpsct.org\/schools\/farmington-high-school\/friday-folder\/\" tabindex=\"0\">P\u00e1te\u010dn\u00ed slo\u017eka - Farmington High School<\/a><\/li><li class='mega-menu-item mega-menu-item-type-post_type mega-menu-item-object-page mega-align-bottom-left mega-menu-flyout mega-menu-item-820' id='mega-menu-item-820'><a class=\"mega-menu-link\" href=\"https:\/\/fpsct.org\/schools\/farmington-high-school\/fhs-events-calendar\/\" tabindex=\"0\">Kalend\u00e1\u0159 akc\u00ed FHS<\/a><\/li><li class='mega-menu-item mega-menu-item-type-custom mega-menu-item-object-custom mega-align-bottom-left mega-menu-flyout mega-menu-item-804' id='mega-menu-item-804'><a target=\"_blank\" class=\"mega-menu-link\" href=\"https:\/\/fpsct.org\/wp-content\/uploads\/2025\/12\/Farmington-School-Profile-2025-FINAL-1.pdf\" tabindex=\"0\">FHS Profile<\/a><\/li><li class='mega-menu-item mega-menu-item-type-custom mega-menu-item-object-custom mega-align-bottom-left mega-menu-flyout mega-menu-item-789' id='mega-menu-item-789'><a target=\"_blank\" class=\"mega-menu-link\" href=\"https:\/\/fpsct.nutrislice.com\/menus-eula\" tabindex=\"0\">Lunch Menus<\/a><\/li><li class='mega-menu-item mega-menu-item-type-post_type mega-menu-item-object-page mega-align-bottom-left mega-menu-flyout mega-menu-item-788' id='mega-menu-item-788'><a class=\"mega-menu-link\" href=\"https:\/\/fpsct.org\/about\/school-schedules\/\" tabindex=\"0\">\u0160koln\u00ed rozvrhy<\/a><\/li><li class='mega-menu-item mega-menu-item-type-custom mega-menu-item-object-custom mega-align-bottom-left mega-menu-flyout mega-menu-item-790' id='mega-menu-item-790'><a target=\"_blank\" class=\"mega-menu-link\" href=\"https:\/\/www.fhsclock.com\/\" tabindex=\"0\">Bell Schedule<\/a><\/li><li class='mega-menu-item mega-menu-item-type-post_type mega-menu-item-object-page mega-align-bottom-left mega-menu-flyout mega-menu-item-913' id='mega-menu-item-913'><a class=\"mega-menu-link\" href=\"https:\/\/fpsct.org\/schools\/farmington-high-school\/parking-information\/\" tabindex=\"0\">Informace o parkov\u00e1n\u00ed<\/a><\/li><li class='mega-menu-item mega-menu-item-type-post_type mega-menu-item-object-page mega-align-bottom-left mega-menu-flyout mega-menu-item-835' id='mega-menu-item-835'><a class=\"mega-menu-link\" href=\"https:\/\/fpsct.org\/about\/directory\/\" tabindex=\"0\">Adres\u00e1\u0159 fakulty a zam\u011bstnanc\u016f<\/a><\/li><li class='mega-menu-item mega-menu-item-type-custom mega-menu-item-object-custom mega-menu-item-has-children mega-align-bottom-left mega-menu-flyout mega-menu-item-792' id='mega-menu-item-792'><a class=\"mega-menu-link\" href=\"#\" aria-haspopup=\"true\" aria-expanded=\"false\" tabindex=\"0\">Other Resources<span class=\"mega-indicator\"><\/span><\/a>\n<ul class=\"mega-sub-menu\">\n<li class='mega-menu-item mega-menu-item-type-custom mega-menu-item-object-custom mega-menu-item-2436' id='mega-menu-item-2436'><a class=\"mega-menu-link\" href=\"https:\/\/sites.google.com\/fpsct.org\/fhsprogramofstudies\/course-descriptions\/aspire-capstone?authuser=0\">Capstone and ASPIRE<\/a><\/li><li class='mega-menu-item mega-menu-item-type-custom mega-menu-item-object-custom mega-menu-item-826' id='mega-menu-item-826'><a target=\"_blank\" class=\"mega-menu-link\" href=\"https:\/\/sites.google.com\/fpsct.org\/fhscareercenter\">Career Center<\/a><\/li><li class='mega-menu-item mega-menu-item-type-post_type mega-menu-item-object-page mega-menu-item-795' id='mega-menu-item-795'><a class=\"mega-menu-link\" href=\"https:\/\/fpsct.org\/beyond-the-classroom\/fine-arts\/\">V\u00fdtvarn\u00e9 a u\u017eit\u00e9 um\u011bn\u00ed<\/a><\/li><li class='mega-menu-item mega-menu-item-type-custom mega-menu-item-object-custom mega-menu-item-3198' id='mega-menu-item-3198'><a class=\"mega-menu-link\" href=\"https:\/\/sites.google.com\/fpsct.org\/farmington-music\/home\">Music in Our Schools<\/a><\/li><li class='mega-menu-item mega-menu-item-type-custom mega-menu-item-object-custom mega-menu-item-798' id='mega-menu-item-798'><a target=\"_blank\" class=\"mega-menu-link\" href=\"https:\/\/sites.google.com\/fpsct.org\/fhs-library\/home\">Library<\/a><\/li><li class='mega-menu-item mega-menu-item-type-custom mega-menu-item-object-custom mega-menu-item-828' id='mega-menu-item-828'><a target=\"_blank\" class=\"mega-menu-link\" href=\"\/wp-content\/uploads\/2023\/11\/FHSSchoolDevelopmentPlan22-23.pdf\">School Development Plan 2022-23<\/a><\/li><li class='mega-menu-item mega-menu-item-type-custom mega-menu-item-object-custom mega-menu-item-829' id='mega-menu-item-829'><a target=\"_blank\" class=\"mega-menu-link\" href=\"\/wp-content\/uploads\/2023\/11\/NEASC_Report_for_FHS_2015-16.pdf\">NEASC Report<\/a><\/li><li class='mega-menu-item mega-menu-item-type-custom mega-menu-item-object-custom mega-menu-item-833' id='mega-menu-item-833'><a class=\"mega-menu-link\" href=\"\/wp-content\/uploads\/2023\/11\/Grading_and_Reporting_System.pdf\">Grading and Reporting<\/a><\/li><li class='mega-menu-item mega-menu-item-type-custom mega-menu-item-object-custom mega-menu-item-830' id='mega-menu-item-830'><a target=\"_blank\" class=\"mega-menu-link\" href=\"https:\/\/sites.google.com\/fpsct.org\/fhsprogramofstudies\/home\">Program of Studies<\/a><\/li><li class='mega-menu-item mega-menu-item-type-post_type mega-menu-item-object-page mega-menu-item-831' id='mega-menu-item-831'><a class=\"mega-menu-link\" href=\"https:\/\/fpsct.org\/about\/safe-school-climate\/\">Bezpe\u010dn\u00e9 \u0161koln\u00ed klima<\/a><\/li><li class='mega-menu-item mega-menu-item-type-custom mega-menu-item-object-custom mega-menu-item-35028' id='mega-menu-item-35028'><a target=\"_blank\" class=\"mega-menu-link\" href=\"https:\/\/fpsct.org\/district-departments\/facilities\/indoor-air-quality-tools-for-schools\/\">Tools for Schools<\/a><\/li><li class='mega-menu-item mega-menu-item-type-custom mega-menu-item-object-custom mega-menu-item-832' id='mega-menu-item-832'><a target=\"_blank\" class=\"mega-menu-link\" href=\"https:\/\/sites.google.com\/fpsct.org\/fhs-counseling\/home\">School Counseling<\/a><\/li><li class='mega-menu-item mega-menu-item-type-post_type mega-menu-item-object-page mega-menu-item-834' id='mega-menu-item-834'><a class=\"mega-menu-link\" href=\"https:\/\/fpsct.org\/about\/school-registration\/\">Registrace do \u0161koly<\/a><\/li><li class='mega-menu-item mega-menu-item-type-custom mega-menu-item-object-custom mega-menu-item-2542' id='mega-menu-item-2542'><a class=\"mega-menu-link\" href=\"https:\/\/sites.google.com\/fpsct.org\/fhs-student-council\/home\">Student Activities<\/a><\/li><li class='mega-menu-item mega-menu-item-type-custom mega-menu-item-object-custom mega-menu-item-838' id='mega-menu-item-838'><a target=\"_blank\" class=\"mega-menu-link\" href=\"https:\/\/docs.google.com\/document\/d\/e\/2PACX-1vR156-oHtfYgQ83lCncBvRlf2kfPv6NDesqkSGhBkwE9NItzpqOA9lNONy44mkzJ-Oeb29NA-DYHVxd\/pub\">Student Handbook<\/a><\/li><li class='mega-menu-item mega-menu-item-type-custom mega-menu-item-object-custom mega-menu-item-839' id='mega-menu-item-839'><a target=\"_blank\" class=\"mega-menu-link\" href=\"https:\/\/sites.google.com\/fpsct.org\/fhs-counseling\/resources\">Transcript Requests<\/a><\/li><li class='mega-menu-item mega-menu-item-type-custom mega-menu-item-object-custom mega-menu-item-37443' id='mega-menu-item-37443'><a target=\"_blank\" class=\"mega-menu-link\" href=\"https:\/\/sites.google.com\/fpsct.org\/fpsspecialeducationtransition\/home\">Transition Services<\/a><\/li><li class='mega-menu-item mega-menu-item-type-custom mega-menu-item-object-custom mega-menu-item-2451' id='mega-menu-item-2451'><a target=\"_blank\" class=\"mega-menu-link\" href=\"https:\/\/fpsct.org\/wp-content\/uploads\/2023\/11\/Farmington-2023-SRO-MOU-2.pdf\">FPD School Resource MOU<\/a><\/li><\/ul>\n<\/li><\/ul><\/div><\/div>\n\t\t\t\t<\/div>\n\t\t\t\t<\/div>\n\t\t\t\t\t<\/div>\n\t\t<\/div>\n\t\t\t\t<div class=\"elementor-column elementor-col-66 elementor-top-column elementor-element elementor-element-5bf5719\" data-id=\"5bf5719\" data-element_type=\"column\">\n\t\t\t<div class=\"elementor-widget-wrap elementor-element-populated\">\n\t\t\t\t\t\t\t\t<div class=\"elementor-element elementor-element-415e80a elementor-widget elementor-widget-text-editor\" data-id=\"415e80a\" data-element_type=\"widget\" data-widget_type=\"text-editor.default\">\n\t\t\t\t<div class=\"elementor-widget-container\">\n\t\t\t<style>\/*! elementor - v3.17.0 - 08-11-2023 *\/\n.elementor-widget-text-editor.elementor-drop-cap-view-stacked .elementor-drop-cap{background-color:#69727d;color:#fff}.elementor-widget-text-editor.elementor-drop-cap-view-framed .elementor-drop-cap{color:#69727d;border:3px solid;background-color:transparent}.elementor-widget-text-editor:not(.elementor-drop-cap-view-default) .elementor-drop-cap{margin-top:8px}.elementor-widget-text-editor:not(.elementor-drop-cap-view-default) .elementor-drop-cap-letter{width:1em;height:1em}.elementor-widget-text-editor .elementor-drop-cap{float:left;text-align:center;line-height:1;font-size:50px}.elementor-widget-text-editor .elementor-drop-cap-letter{display:inline-block}<\/style>\t\t\t\t<p><strong>Pokyny k parkov\u00e1n\u00ed &#8211; klikn\u011bte na&nbsp;<a href=\"https:\/\/drive.google.com\/file\/d\/1Nl_flHG0HslCiO01vnFokk5IBgFqjyOt\/view?usp=sharing\" target=\"_blank\" rel=\"noopener\">zde<\/a><\/strong><\/p>\n<p><\/p>\n<p><span style=\"font-weight: 400;\">V\u00fdstavba nov\u00e9 \u0161koly bude m\u00edt vliv na parkov\u00e1n\u00ed student\u016f vy\u0161\u0161\u00edch ro\u010dn\u00edk\u016f a student\u016f ni\u017e\u0161\u00edch ro\u010dn\u00edk\u016f.&nbsp;  Vzhledem k v\u00fdstavb\u011b je pro studenty k dispozici omezen\u00fd po\u010det parkovac\u00edch m\u00edst.&nbsp;  Senio\u0159i maj\u00ed jako v\u017edy p\u0159ednost p\u0159i parkov\u00e1n\u00ed.&nbsp;  Je mo\u017en\u00e9, \u017ee pro juniory nebudou k dispozici voln\u00e1 m\u00edsta.<\/span><\/p>\n<p><span style=\"font-weight: 400;\">Parkovac\u00ed karty budou vyd\u00e1v\u00e1ny na &#8222;horn\u00ed parkovi\u0161t\u011b&#8220; nebo na nov\u011b vybudovan\u00e9 &#8222;doln\u00ed parkovi\u0161t\u011b&#8220; (kter\u00e9 buduje m\u011bstsk\u00e1 knihovna).&nbsp;  Studenti mus\u00ed parkovat na parkovi\u0161ti, kter\u00e9 je uvedeno na jejich pr\u016fkazce.<\/span><\/p>\n<p><\/p>\n<ul>\n<li style=\"font-weight: 400;\" aria-level=\"1\"><span style=\"font-weight: 400;\">P\u0159ihl\u00e1\u0161ky pro seniory lze vyplnit v aplikaci MySchoolBucks nebo na adrese <\/span><a href=\"https:\/\/www.myschoolbucks.com\">\n  <span style=\"font-weight: 400;\">https:\/\/www.myschoolbucks.com<\/span>\n<\/a><span style=\"font-weight: 400;\">.&nbsp; Pan\u00ed Kingov\u00e1 bude \u017e\u00e1dosti zpracov\u00e1vat v hlavn\u00ed kancel\u00e1\u0159i.&nbsp; <\/span><b>Po pod\u00e1n\u00ed \u017e\u00e1dosti a zaplacen\u00ed online p\u0159ineste do hlavn\u00ed kancel\u00e1\u0159e platn\u00fd \u0159idi\u010dsk\u00fd pr\u016fkaz a parkovac\u00ed pr\u016fkaz pro seniory v\u00e1m bude vyd\u00e1n v tomto okam\u017eiku.<\/b><span style=\"font-weight: 400;\">&nbsp; Cena parkovac\u00edho pr\u016fkazu na rok je 150 USD.<\/span><span style=\"font-weight: 400;\">\n<p><\/p><\/span><\/li>\n<li style=\"font-weight: 400;\" aria-level=\"1\"><span style=\"font-weight: 400;\">P\u0159ihl\u00e1\u0161ky junior\u016f jsou p\u0159ilo\u017eeny <\/span><a href=\"https:\/\/docs.google.com\/document\/d\/0B-YmF9jZzMpmQTI3TjNSR2JJRVE\/edit?usp=sharing&amp;ouid=109587415756487881516&amp;resourcekey=0-hwyWKv3pgsTSBxRwZFnwDQ&amp;rtpof=true&amp;sd=true\">\n  <span style=\"font-weight: 400;\">zde<\/span>\n<\/a><span style=\"font-weight: 400;\"> a budou p\u0159ij\u00edm\u00e1ny pan\u00ed Kingovou.&nbsp; <\/span><b>\n  <i>Pros\u00edme, abyste v t\u00e9to dob\u011b NEP\u0158IN\u00c1\u0160ELI platbu.<\/i>\n<\/b><span style=\"font-weight: 400;\">&nbsp; P\u0159ihl\u00e1\u0161ky pro juniory <\/span><b>\n  <i>nebudou zpracov\u00e1ny<\/i>\n<\/b><span style=\"font-weight: 400;\"> dokud nebudou vy\u0159\u00edzeny v\u0161echny p\u0159ihl\u00e1\u0161ky senior\u016f.&nbsp; Pokud budou v t\u00e9 dob\u011b voln\u00e1 parkovac\u00ed m\u00edsta, juniorsk\u00e9 p\u0159ihl\u00e1\u0161ky budou za\u0159azeny do loterie o v\u0161echna voln\u00e1 m\u00edsta.&nbsp; Pokud obdr\u017e\u00edte parkovac\u00ed kartu, bude vyd\u00e1na na cel\u00fd rok a v t\u00e9 dob\u011b bude vy\u017eadov\u00e1na platba.<\/span><span style=\"font-weight: 400;\">\n<p><\/p><\/span><\/li>\n<li style=\"font-weight: 400;\" aria-level=\"1\"><span style=\"font-weight: 400;\">Prostudujte si pros\u00edm p\u0159ilo\u017een\u00e9 <\/span><a href=\"https:\/\/docs.google.com\/document\/d\/0B-YmF9jZzMpmb2ZWTFZ3a0dJN28\/edit?usp=sharing&amp;ouid=109587415756487881516&amp;resourcekey=0-5mj_KhowgYKxXtbHx5R5Bw&amp;rtpof=true&amp;sd=true\">\n  <span style=\"font-weight: 400;\">p\u0159edpisy<\/span>\n<\/a><span style=\"font-weight: 400;\"> t\u00fdkaj\u00edc\u00ed se parkov\u00e1n\u00ed u st\u0159edn\u00ed \u0161koly Farmington.<\/span><\/li>\n<\/ul>\t\t\t\t\t\t<\/div>\n\t\t\t\t<\/div>\n\t\t\t\t\t<\/div>\n\t\t<\/div>\n\t\t\t\t\t\t\t<\/div>\n\t\t<\/section>\n\t\t\t\t\t\t\t<\/div>\n\t\t","protected":false},"excerpt":{"rendered":"<p>Informace o parkov\u00e1n\u00ed Pokyny k parkov\u00e1n\u00ed &#8211; klikn\u011bte na&nbsp;zde V\u00fdstavba nov\u00e9 \u0161koly bude m\u00edt vliv na parkov\u00e1n\u00ed student\u016f vy\u0161\u0161\u00edch ro\u010dn\u00edk\u016f a student\u016f ni\u017e\u0161\u00edch ro\u010dn\u00edk\u016f.&nbsp; Vzhledem k v\u00fdstavb\u011b je pro studenty k dispozici omezen\u00fd po\u010det parkovac\u00edch m\u00edst.&nbsp; Senio\u0159i maj\u00ed jako v\u017edy p\u0159ednost p\u0159i parkov\u00e1n\u00ed.&nbsp; Je mo\u017en\u00e9, \u017ee pro juniory nebudou k dispozici voln\u00e1 m\u00edsta. Parkovac\u00ed karty [&hellip;]<\/p>\n","protected":false},"author":1,"featured_media":0,"parent":15345,"menu_order":0,"comment_status":"closed","ping_status":"closed","template":"","meta":{"_acf_changed":false,"footnotes":""},"class_list":["post-16502","page","type-page","status-publish","hentry"],"acf":[],"_links":{"self":[{"href":"https:\/\/fpsct.org\/cs\/wp-json\/wp\/v2\/pages\/16502","targetHints":{"allow":["GET"]}}],"collection":[{"href":"https:\/\/fpsct.org\/cs\/wp-json\/wp\/v2\/pages"}],"about":[{"href":"https:\/\/fpsct.org\/cs\/wp-json\/wp\/v2\/types\/page"}],"author":[{"embeddable":true,"href":"https:\/\/fpsct.org\/cs\/wp-json\/wp\/v2\/users\/1"}],"replies":[{"embeddable":true,"href":"https:\/\/fpsct.org\/cs\/wp-json\/wp\/v2\/comments?post=16502"}],"version-history":[{"count":0,"href":"https:\/\/fpsct.org\/cs\/wp-json\/wp\/v2\/pages\/16502\/revisions"}],"up":[{"embeddable":true,"href":"https:\/\/fpsct.org\/cs\/wp-json\/wp\/v2\/pages\/15345"}],"wp:attachment":[{"href":"https:\/\/fpsct.org\/cs\/wp-json\/wp\/v2\/media?parent=16502"}],"curies":[{"name":"wp","href":"https:\/\/api.w.org\/{rel}","templated":true}]}}