
{"id":15456,"date":"2023-06-02T01:05:10","date_gmt":"2023-06-02T05:05:10","guid":{"rendered":"https:\/\/fpsct.org\/politika-eoe\/"},"modified":"2025-02-05T07:42:06","modified_gmt":"2025-02-05T12:42:06","slug":"politika-eoe","status":"publish","type":"page","link":"https:\/\/fpsct.org\/cs\/politika-eoe\/","title":{"rendered":"Politika EOE"},"content":{"rendered":"\t\t<div data-elementor-type=\"wp-page\" data-elementor-id=\"15456\" class=\"elementor elementor-15456 elementor-421\" data-elementor-post-type=\"page\">\n\t\t\t\t\t\t\t\t\t<section data-particle_enable=\"false\" data-particle-mobile-disabled=\"false\" class=\"elementor-section elementor-top-section elementor-element elementor-element-4d0425e elementor-section-content-middle elementor-reverse-mobile elementor-section-boxed elementor-section-height-default elementor-section-height-default\" data-id=\"4d0425e\" data-element_type=\"section\" data-settings=\"{&quot;background_background&quot;:&quot;classic&quot;}\">\n\t\t\t\t\t\t<div class=\"elementor-container elementor-column-gap-no\">\n\t\t\t\t\t<div class=\"elementor-column elementor-col-100 elementor-top-column elementor-element elementor-element-d92e175\" data-id=\"d92e175\" data-element_type=\"column\">\n\t\t\t<div class=\"elementor-widget-wrap elementor-element-populated\">\n\t\t\t\t\t\t\t\t<div class=\"elementor-element elementor-element-0035892 elementor-widget elementor-widget-heading\" data-id=\"0035892\" data-element_type=\"widget\" data-widget_type=\"heading.default\">\n\t\t\t\t<div class=\"elementor-widget-container\">\n\t\t\t<style>\/*! elementor - v3.17.0 - 08-11-2023 *\/\n.elementor-heading-title{padding:0;margin:0;line-height:1}.elementor-widget-heading .elementor-heading-title[class*=elementor-size-]>a{color:inherit;font-size:inherit;line-height:inherit}.elementor-widget-heading .elementor-heading-title.elementor-size-small{font-size:15px}.elementor-widget-heading .elementor-heading-title.elementor-size-medium{font-size:19px}.elementor-widget-heading .elementor-heading-title.elementor-size-large{font-size:29px}.elementor-widget-heading .elementor-heading-title.elementor-size-xl{font-size:39px}.elementor-widget-heading .elementor-heading-title.elementor-size-xxl{font-size:59px}<\/style><h1 class=\"elementor-heading-title elementor-size-default\">Politika rovn\u00fdch p\u0159\u00edle\u017eitost\u00ed p\u0159i zam\u011bstn\u00e1v\u00e1n\u00ed\n<\/h1>\t\t<\/div>\n\t\t\t\t<\/div>\n\t\t\t\t\t<\/div>\n\t\t<\/div>\n\t\t\t\t\t\t\t<\/div>\n\t\t<\/section>\n\t\t\t\t<section data-particle_enable=\"false\" data-particle-mobile-disabled=\"false\" class=\"elementor-section elementor-top-section elementor-element elementor-element-451041f elementor-section-boxed elementor-section-height-default elementor-section-height-default\" data-id=\"451041f\" data-element_type=\"section\">\n\t\t\t\t\t\t<div class=\"elementor-container elementor-column-gap-default\">\n\t\t\t\t\t<div class=\"elementor-column elementor-col-100 elementor-top-column elementor-element elementor-element-b402ba2\" data-id=\"b402ba2\" data-element_type=\"column\">\n\t\t\t<div class=\"elementor-widget-wrap elementor-element-populated\">\n\t\t\t\t\t\t\t\t<div class=\"elementor-element elementor-element-b050f3c elementor-widget elementor-widget-text-editor\" data-id=\"b050f3c\" data-element_type=\"widget\" data-widget_type=\"text-editor.default\">\n\t\t\t\t<div class=\"elementor-widget-container\">\n\t\t\t<style>\/*! elementor - v3.17.0 - 08-11-2023 *\/\n.elementor-widget-text-editor.elementor-drop-cap-view-stacked .elementor-drop-cap{background-color:#69727d;color:#fff}.elementor-widget-text-editor.elementor-drop-cap-view-framed .elementor-drop-cap{color:#69727d;border:3px solid;background-color:transparent}.elementor-widget-text-editor:not(.elementor-drop-cap-view-default) .elementor-drop-cap{margin-top:8px}.elementor-widget-text-editor:not(.elementor-drop-cap-view-default) .elementor-drop-cap-letter{width:1em;height:1em}.elementor-widget-text-editor .elementor-drop-cap{float:left;text-align:center;line-height:1;font-size:50px}.elementor-widget-text-editor .elementor-drop-cap-letter{display:inline-block}<\/style>\t\t\t\t<p>Rada pro vzd\u011bl\u00e1v\u00e1n\u00ed ve Farmingtonu (d\u00e1le jen &#8222;rada&#8220;) nebude rozhodovat o zam\u011bstn\u00e1n\u00ed (v\u010detn\u011b rozhodnut\u00ed t\u00fdkaj\u00edc\u00edch se p\u0159ij\u00edm\u00e1n\u00ed, p\u0159id\u011blov\u00e1n\u00ed, odm\u011b\u0148ov\u00e1n\u00ed, povy\u0161ov\u00e1n\u00ed, sni\u017eov\u00e1n\u00ed, disciplin\u00e1rn\u00edch opat\u0159en\u00ed a ukon\u010dov\u00e1n\u00ed pracovn\u00edho pom\u011bru) na z\u00e1klad\u011b rasy, barvy pleti, n\u00e1bo\u017eenstv\u00ed, v\u011bku, pohlav\u00ed, rodinn\u00e9ho stavu, sexu\u00e1ln\u00ed orientace, n\u00e1rodnosti, ciz\u00edho p\u016fvodu, p\u016fvodu, zdravotn\u00edho posti\u017een\u00ed, t\u011bhotenstv\u00ed, genetick\u00fdch informac\u00ed, statusu veter\u00e1na, pohlavn\u00ed identity nebo vyj\u00e1d\u0159en\u00ed, statusu ob\u011bti dom\u00e1c\u00edho n\u00e1sil\u00ed nebo jak\u00e9hokoli jin\u00e9ho d\u016fvodu zak\u00e1zan\u00e9ho st\u00e1tn\u00edmi nebo feder\u00e1ln\u00edmi z\u00e1kony (&#8222;chr\u00e1n\u011bn\u00e1 t\u0159\u00edda&#8220;), s v\u00fdjimkou p\u0159\u00edpad\u016f, kdy se jedn\u00e1 o v dobr\u00e9 v\u00ed\u0159e prok\u00e1zanou profesn\u00ed kvalifikaci.<\/p>\n<p><span style=\"color: #981c1e;\"><strong>Dotazy t\u00fdkaj\u00edc\u00ed se souladu s hlavou VI nebo hlavou IX sm\u011b\u0159ujte na:<br \/>Veronica Ruzek, 1 Monteith Drive, Farmington, CT 06032 860-673-8270.  <\/strong><\/span><\/p>\n<p><span style=\"color: #981c1e;\"><strong>Dotazy t\u00fdkaj\u00edc\u00ed se souladu s odd\u00edlem 504 sm\u011b\u0159ujte na:<br \/>Wendy Shepard-Bannish, 1 Monteith Drive, Farmington, CT 06032 860-677-1791.<\/strong><\/span><\/p>\n\t\t\t\t\t\t<\/div>\n\t\t\t\t<\/div>\n\t\t\t\t\t<\/div>\n\t\t<\/div>\n\t\t\t\t\t\t\t<\/div>\n\t\t<\/section>\n\t\t\t\t\t\t\t<\/div>\n\t\t","protected":false},"excerpt":{"rendered":"<p>Politika rovn\u00fdch p\u0159\u00edle\u017eitost\u00ed p\u0159i zam\u011bstn\u00e1v\u00e1n\u00ed Rada pro vzd\u011bl\u00e1v\u00e1n\u00ed ve Farmingtonu (d\u00e1le jen &#8222;rada&#8220;) nebude rozhodovat o zam\u011bstn\u00e1n\u00ed (v\u010detn\u011b rozhodnut\u00ed t\u00fdkaj\u00edc\u00edch se p\u0159ij\u00edm\u00e1n\u00ed, p\u0159id\u011blov\u00e1n\u00ed, odm\u011b\u0148ov\u00e1n\u00ed, povy\u0161ov\u00e1n\u00ed, sni\u017eov\u00e1n\u00ed, disciplin\u00e1rn\u00edch opat\u0159en\u00ed a ukon\u010dov\u00e1n\u00ed pracovn\u00edho pom\u011bru) na z\u00e1klad\u011b rasy, barvy pleti, n\u00e1bo\u017eenstv\u00ed, v\u011bku, pohlav\u00ed, rodinn\u00e9ho stavu, sexu\u00e1ln\u00ed orientace, n\u00e1rodnosti, ciz\u00edho p\u016fvodu, p\u016fvodu, zdravotn\u00edho posti\u017een\u00ed, t\u011bhotenstv\u00ed, genetick\u00fdch informac\u00ed, statusu veter\u00e1na, [&hellip;]<\/p>\n","protected":false},"author":1,"featured_media":0,"parent":0,"menu_order":0,"comment_status":"closed","ping_status":"closed","template":"","meta":{"_acf_changed":false,"footnotes":""},"class_list":["post-15456","page","type-page","status-publish","hentry"],"acf":[],"_links":{"self":[{"href":"https:\/\/fpsct.org\/cs\/wp-json\/wp\/v2\/pages\/15456","targetHints":{"allow":["GET"]}}],"collection":[{"href":"https:\/\/fpsct.org\/cs\/wp-json\/wp\/v2\/pages"}],"about":[{"href":"https:\/\/fpsct.org\/cs\/wp-json\/wp\/v2\/types\/page"}],"author":[{"embeddable":true,"href":"https:\/\/fpsct.org\/cs\/wp-json\/wp\/v2\/users\/1"}],"replies":[{"embeddable":true,"href":"https:\/\/fpsct.org\/cs\/wp-json\/wp\/v2\/comments?post=15456"}],"version-history":[{"count":0,"href":"https:\/\/fpsct.org\/cs\/wp-json\/wp\/v2\/pages\/15456\/revisions"}],"wp:attachment":[{"href":"https:\/\/fpsct.org\/cs\/wp-json\/wp\/v2\/media?parent=15456"}],"curies":[{"name":"wp","href":"https:\/\/api.w.org\/{rel}","templated":true}]}}