
{"id":15039,"date":"2023-04-21T14:18:48","date_gmt":"2023-04-21T18:18:48","guid":{"rendered":"https:\/\/fpsct.org\/zasady-ochrany-osobnich-udaju\/"},"modified":"2024-06-24T11:19:51","modified_gmt":"2024-06-24T15:19:51","slug":"zasady-ochrany-osobnich-udaju","status":"publish","type":"page","link":"https:\/\/fpsct.org\/cs\/zasady-ochrany-osobnich-udaju\/","title":{"rendered":"Z\u00e1sady ochrany osobn\u00edch \u00fadaj\u016f"},"content":{"rendered":"\t\t<div data-elementor-type=\"wp-page\" data-elementor-id=\"15039\" class=\"elementor elementor-15039 elementor-3\" data-elementor-post-type=\"page\">\n\t\t\t\t\t\t\t\t\t<section data-particle_enable=\"false\" data-particle-mobile-disabled=\"false\" class=\"elementor-section elementor-top-section elementor-element elementor-element-d8e12b0 elementor-section-content-middle elementor-reverse-mobile elementor-section-boxed elementor-section-height-default elementor-section-height-default\" data-id=\"d8e12b0\" data-element_type=\"section\" data-settings=\"{&quot;background_background&quot;:&quot;classic&quot;}\">\n\t\t\t\t\t\t<div class=\"elementor-container elementor-column-gap-no\">\n\t\t\t\t\t<div class=\"elementor-column elementor-col-100 elementor-top-column elementor-element elementor-element-133722a\" data-id=\"133722a\" data-element_type=\"column\">\n\t\t\t<div class=\"elementor-widget-wrap elementor-element-populated\">\n\t\t\t\t\t\t\t\t<div class=\"elementor-element elementor-element-7e8f3b6 elementor-widget elementor-widget-heading\" data-id=\"7e8f3b6\" data-element_type=\"widget\" data-widget_type=\"heading.default\">\n\t\t\t\t<div class=\"elementor-widget-container\">\n\t\t\t<style>\/*! elementor - v3.17.0 - 08-11-2023 *\/\n.elementor-heading-title{padding:0;margin:0;line-height:1}.elementor-widget-heading .elementor-heading-title[class*=elementor-size-]>a{color:inherit;font-size:inherit;line-height:inherit}.elementor-widget-heading .elementor-heading-title.elementor-size-small{font-size:15px}.elementor-widget-heading .elementor-heading-title.elementor-size-medium{font-size:19px}.elementor-widget-heading .elementor-heading-title.elementor-size-large{font-size:29px}.elementor-widget-heading .elementor-heading-title.elementor-size-xl{font-size:39px}.elementor-widget-heading .elementor-heading-title.elementor-size-xxl{font-size:59px}<\/style><h1 class=\"elementor-heading-title elementor-size-default\">Z\u00e1sady ochrany osobn\u00edch \u00fadaj\u016f<\/h1>\t\t<\/div>\n\t\t\t\t<\/div>\n\t\t\t\t\t<\/div>\n\t\t<\/div>\n\t\t\t\t\t\t\t<\/div>\n\t\t<\/section>\n\t\t\t\t<section data-particle_enable=\"false\" data-particle-mobile-disabled=\"false\" class=\"elementor-section elementor-top-section elementor-element elementor-element-271ff81 elementor-section-boxed elementor-section-height-default elementor-section-height-default\" data-id=\"271ff81\" data-element_type=\"section\">\n\t\t\t\t\t\t<div class=\"elementor-container elementor-column-gap-default\">\n\t\t\t\t\t<div class=\"elementor-column elementor-col-100 elementor-top-column elementor-element elementor-element-ba80099\" data-id=\"ba80099\" data-element_type=\"column\">\n\t\t\t<div class=\"elementor-widget-wrap elementor-element-populated\">\n\t\t\t\t\t\t\t\t<div class=\"elementor-element elementor-element-8b5d7a2 elementor-widget elementor-widget-text-editor\" data-id=\"8b5d7a2\" data-element_type=\"widget\" data-widget_type=\"text-editor.default\">\n\t\t\t\t<div class=\"elementor-widget-container\">\n\t\t\t<style>\/*! elementor - v3.17.0 - 08-11-2023 *\/\n.elementor-widget-text-editor.elementor-drop-cap-view-stacked .elementor-drop-cap{background-color:#69727d;color:#fff}.elementor-widget-text-editor.elementor-drop-cap-view-framed .elementor-drop-cap{color:#69727d;border:3px solid;background-color:transparent}.elementor-widget-text-editor:not(.elementor-drop-cap-view-default) .elementor-drop-cap{margin-top:8px}.elementor-widget-text-editor:not(.elementor-drop-cap-view-default) .elementor-drop-cap-letter{width:1em;height:1em}.elementor-widget-text-editor .elementor-drop-cap{float:left;text-align:center;line-height:1;font-size:50px}.elementor-widget-text-editor .elementor-drop-cap-letter{display:inline-block}<\/style>\t\t\t\t<p>Tyto Z\u00e1sady ochrany osobn\u00edch \u00fadaj\u016f popisuj\u00ed dohodu okresu s v\u00e1mi o tom, jak budeme nakl\u00e1dat s ur\u010dit\u00fdmi informacemi na webov\u00fdch str\u00e1nk\u00e1ch. Tyto z\u00e1sady se nezab\u00fdvaj\u00ed informacemi z\u00edskan\u00fdmi z jin\u00fdch zdroj\u016f, jako jsou pod\u00e1n\u00ed po\u0161tou, telefonicky nebo jin\u00fdmi za\u0159\u00edzen\u00edmi nebo z osobn\u00edho kontaktu. P\u0159\u00edstupem na webov\u00e9 str\u00e1nky a\/nebo poskytnut\u00edm informac\u00ed okresu na webov\u00fdch str\u00e1nk\u00e1ch souhlas\u00edte se shroma\u017e\u010fov\u00e1n\u00edm, pou\u017e\u00edv\u00e1n\u00edm a zve\u0159ej\u0148ov\u00e1n\u00edm ur\u010dit\u00fdch informac\u00ed v souladu s t\u011bmito z\u00e1sadami ochrany osobn\u00edch \u00fadaj\u016f.<\/p>\n<p><span style=\"text-decoration: underline;\">UPOZORN\u011aN\u00cd PRO D\u011aTI MLAD\u0160\u00cd 13 LET A JEJICH RODI\u010cE NEBO Z\u00c1KONN\u00c9 Z\u00c1STUPCE<\/span>: POKUD JSTE MLAD\u0160\u00cd 13 LET A CHCETE N\u00c1S KONTAKTOVAT, U\u010cI\u0147TE TAK PROST\u0158EDNICTV\u00cdM SV\u00ddCH RODI\u010c\u016e NEBO Z\u00c1KONN\u00ddCH Z\u00c1STUPC\u016e. TYTO WEBOV\u00c9 STR\u00c1NKY JSOU UR\u010cENY POUZE PRO DOSP\u011aL\u00c9. \u0160KOLA V\u011aDOM\u011a NESHROMA\u017d\u010eUJE OSOBN\u00cd \u00daDAJE (&#8222;OSOBN\u00cd \u00daDAJE&#8220;) OD D\u011aT\u00cd MLAD\u0160\u00cdCH 13 LET.  <strong>POKUD JSTE MLAD\u0160\u00cd 13 LET, NESM\u00cdTE N\u00c1M PROST\u0158EDNICTV\u00cdM WEBOV\u00ddCH STR\u00c1NEK ZAS\u00cdLAT \u017d\u00c1DN\u00c9 OSOBN\u00cd \u00daDAJE, V\u010cETN\u011a, ALE NEOMEZEN\u011a, VA\u0160\u00cd E-MAILOV\u00c9 ADRESY, JM\u00c9NA A\/NEBO KONTAKTN\u00cdCH \u00daDAJ\u016e.<\/strong><\/p>\n<p><span style=\"text-decoration: underline;\">Informace shroma\u017e\u010fovan\u00e9 na na\u0161ich webov\u00fdch str\u00e1nk\u00e1ch:<\/span> Pokud pouze stahujete materi\u00e1l nebo proch\u00e1z\u00edte webov\u00e9 str\u00e1nky, na\u0161e servery od v\u00e1s mohou automaticky shroma\u017e\u010fovat ur\u010dit\u00e9 informace, kter\u00e9 mohou zahrnovat: (a) n\u00e1zev dom\u00e9ny a hostitele, ze kter\u00e9ho p\u0159istupujete k internetu; (b) software prohl\u00ed\u017ee\u010de, kter\u00fd pou\u017e\u00edv\u00e1te, a v\u00e1\u0161 opera\u010dn\u00ed syst\u00e9m; a (c) internetovou adresu webov\u00e9 str\u00e1nky, ze kter\u00e9 jste se na Webov\u00e9 str\u00e1nky p\u0159ipojili. Automaticky shrom\u00e1\u017ed\u011bn\u00e9 informace mohou b\u00fdt pou\u017eity ke zlep\u0161en\u00ed webov\u00fdch str\u00e1nek, aby byly pro na\u0161e n\u00e1v\u0161t\u011bvn\u00edky co neju\u017eite\u010dn\u011bj\u0161\u00ed; tyto informace v\u0161ak nebudou spojeny s osobn\u00edmi \u00fadaji, kter\u00e9 jste se n\u00e1m rozhodli poskytnout.<\/p>\n<p>Shroma\u017e\u010fujeme a uchov\u00e1v\u00e1me osobn\u00ed \u00fadaje, pokud se rozhodnete je dobrovoln\u011b poskytnout. Pokud se nap\u0159\u00edklad rozhodnete vyplnit formul\u00e1\u0159 na webov\u00fdch str\u00e1nk\u00e1ch, uchov\u00e1v\u00e1me v\u00e1mi poskytnut\u00e9 informace. Nem\u011bli byste p\u0159edkl\u00e1dat \u017e\u00e1dn\u00e9 informace, kter\u00e9 nechcete, aby byly uchov\u00e1v\u00e1ny. Pot\u00e9, co jsme v reakci na va\u0161e pod\u00e1n\u00ed p\u0159ijali p\u0159\u00edslu\u0161n\u00e1 opat\u0159en\u00ed, uchov\u00e1v\u00e1me informace, kter\u00e9 jste n\u00e1m poskytli, pro na\u0161e z\u00e1znamy a pro p\u0159\u00edpadn\u00e9 kontaktov\u00e1n\u00ed. Vezm\u011bte pros\u00edm na v\u011bdom\u00ed, \u017ee pokud se rozhodneme zm\u011bnit zp\u016fsob, jak\u00fdm pou\u017e\u00edv\u00e1me nebo uchov\u00e1v\u00e1me osobn\u00ed \u00fadaje, m\u016f\u017eeme tyto z\u00e1sady ochrany osobn\u00edch \u00fadaj\u016f aktualizovat podle vlastn\u00edho uv\u00e1\u017een\u00ed.  <\/p>\n<p><u>Poskytov\u00e1n\u00ed osobn\u00edch \u00fadaj\u016f t\u0159et\u00edm stran\u00e1m:<\/u> Okres nepronaj\u00edm\u00e1 ani neprod\u00e1v\u00e1 osobn\u00ed \u00fadaje, kter\u00e9 jste se rozhodli n\u00e1m poskytnout, ani nezve\u0159ej\u0148uje kreditn\u00ed karty nebo jin\u00e9 osobn\u00ed finan\u010dn\u00ed \u00fadaje t\u0159et\u00edm stran\u00e1m, krom\u011b p\u0159\u00edpad\u016f, kdy je to nezbytn\u00e9 k dokon\u010den\u00ed kreditn\u00ed karty nebo jin\u00e9 finan\u010dn\u00ed transakce nebo kdy to vy\u017eaduje z\u00e1kon. Okres m\u016f\u017ee zapojit n\u011bkter\u00e9 t\u0159et\u00ed strany do prov\u00e1d\u011bn\u00ed funkc\u00ed a poskytov\u00e1n\u00ed slu\u017eeb, mimo jin\u00e9 v\u010detn\u011b hostov\u00e1n\u00ed a \u00fadr\u017eby, vztah\u016f se z\u00e1kazn\u00edky, ukl\u00e1d\u00e1n\u00ed a spr\u00e1vy datab\u00e1z\u00ed, platebn\u00edch transakc\u00ed a p\u0159\u00edm\u00fdch marketingov\u00fdch kampan\u00ed. Va\u0161e osobn\u00ed \u00fadaje m\u016f\u017eeme sd\u00edlet s t\u011bmito t\u0159et\u00edmi stranami, ale pouze v rozsahu nezbytn\u00e9m pro pln\u011bn\u00ed funkc\u00ed a poskytov\u00e1n\u00ed slu\u017eeb a v souladu se z\u00e1sadami \u010d. 5126.  <\/p>\n<p><u>P\u0159\u00edjem propaga\u010dn\u00edch materi\u00e1l\u016f<\/u>: Po odesl\u00e1n\u00ed adresy prost\u0159ednictv\u00edm Webov\u00fdch str\u00e1nek v\u00e1m m\u016f\u017eeme zas\u00edlat informace nebo materi\u00e1ly, jako jsou zpravodaje, e-mailem nebo po\u0161tou. Pou\u017e\u00edv\u00e1n\u00edm webov\u00fdch str\u00e1nek souhlas\u00edte s t\u00edm, abychom v\u00e1m takov\u00e9 informace nebo materi\u00e1ly zas\u00edlali. Pokud si nep\u0159ejete dost\u00e1vat propaga\u010dn\u00ed informace nebo materi\u00e1ly, za\u0161lete e-mail se sv\u00fdm jm\u00e9nem, po\u0161tovn\u00ed adresou a e-mailovou adresou na adresu webmaster@fpsct.org. Jakmile obdr\u017e\u00edme va\u0161i \u017e\u00e1dost, m\u016f\u017eeme podniknout p\u0159im\u011b\u0159en\u00e9 kroky k odstran\u011bn\u00ed va\u0161eho jm\u00e9na z t\u011bchto seznam\u016f.  <\/p>\n<p><u>Soubory cookie:<\/u> Soubor cookie je mal\u00fd textov\u00fd soubor, kter\u00fd m\u016f\u017ee webov\u00e1 str\u00e1nka um\u00edstit na pevn\u00fd disk va\u0161eho po\u010d\u00edta\u010de za \u00fa\u010delem uchov\u00e1v\u00e1n\u00ed z\u00e1znam\u016f nebo pro jin\u00e9 administrativn\u00ed \u00fa\u010dely. Na\u0161e webov\u00e9 str\u00e1nky mohou pou\u017e\u00edvat soubory cookie, kter\u00e9 pom\u00e1haj\u00ed p\u0159izp\u016fsobit va\u0161e zku\u0161enosti na webov\u00fdch str\u00e1nk\u00e1ch. A\u010dkoli v\u011bt\u0161ina webov\u00fdch prohl\u00ed\u017ee\u010d\u016f p\u0159ij\u00edm\u00e1 soubory cookie automaticky, obvykle m\u016f\u017eete nastaven\u00ed prohl\u00ed\u017ee\u010de upravit tak, aby soubory cookie odm\u00edtal. Pokud se rozhodnete soubory cookie odm\u00edtnout, je mo\u017en\u00e9, \u017ee nebudete moci pln\u011b vyu\u017e\u00edvat funkce webov\u00fdch str\u00e1nek. Soubory cookie mohou b\u00fdt pou\u017eity tak\u00e9 na n\u011bkter\u00fdch str\u00e1nk\u00e1ch p\u0159\u00edstupn\u00fdch prost\u0159ednictv\u00edm odkaz\u016f na Webov\u00fdch str\u00e1nk\u00e1ch.  <\/p>\n<p><u>Odkazy na jin\u00e9 webov\u00e9 str\u00e1nky <\/u>: Okres neodpov\u00edd\u00e1 za praktiky nebo z\u00e1sady webov\u00fdch str\u00e1nek, na kter\u00e9 jsou odkazy z t\u011bchto webov\u00fdch str\u00e1nek, v\u010detn\u011b, ale bez omezen\u00ed, jejich postup\u016f nebo z\u00e1sad ochrany osobn\u00edch \u00fadaj\u016f. Pokud se rozhodnete pou\u017e\u00edt odkaz, kter\u00fd vede na webov\u00e9 str\u00e1nky jin\u00e9 strany, budete podl\u00e9hat praktik\u00e1m a z\u00e1sad\u00e1m t\u011bchto webov\u00fdch str\u00e1nek a \u010din\u00edte tak na vlastn\u00ed nebezpe\u010d\u00ed.  <\/p>\n<p><u>Obecn\u00e9 informace:<\/u> Okres m\u016f\u017ee kdykoli na z\u00e1klad\u011b vlastn\u00edho uv\u00e1\u017een\u00ed a bez p\u0159edchoz\u00edho upozorn\u011bn\u00ed prov\u00e9st zm\u011bny informac\u00ed, obsahu a\/nebo z\u00e1sad obsa\u017een\u00fdch na Webov\u00fdch str\u00e1nk\u00e1ch nebo nab\u00eddek a\/nebo slu\u017eeb popsan\u00fdch na Webov\u00fdch str\u00e1nk\u00e1ch nebo na Webov\u00fdch str\u00e1nk\u00e1ch nebo v Podm\u00ednk\u00e1ch. Okres se nezavazuje a nep\u0159eb\u00edr\u00e1 za sebe ani za sv\u00e9 u\u017eivatele \u017e\u00e1dnou povinnost aktualizovat informace zde obsa\u017een\u00e9. Pokud bude n\u011bkter\u00e9 z t\u011bchto ustanoven\u00ed pova\u017eov\u00e1no za neplatn\u00e9, ne\u00fa\u010dinn\u00e9 nebo z jak\u00e9hokoli d\u016fvodu nevymahateln\u00e9, bude toto ustanoven\u00ed pova\u017eov\u00e1no za odd\u011bliteln\u00e9 a nebude m\u00edt vliv na platnost a vymahatelnost Podm\u00ednek.  <\/p>\n<p><b>JAK N\u00c1S KONTAKTOVAT: POKUD M\u00c1TE DOTAZY K PODM\u00cdNK\u00c1M NEBO SI P\u0158EJETE, ABYCHOM UPRAVILI NEBO VYMAZALI VA\u0160E OSOBN\u00cd \u00daDAJE, KTER\u00c9 JSME SHROM\u00c1\u017dDILI, M\u016e\u017dETE N\u00c1S KONTAKTOVAT NA ADRESE ROSSM@FPSCT.ORG NEBO TELEFONICKY NA \u010c\u00cdSLE 860-673-8270 A PO\u017d\u00c1DAT O KONTAKT NA NA\u0160EHO KOORDIN\u00c1TORA WEBOV\u00ddCH STR\u00c1NEK MATTA ROSS.  <\/b><\/p>\n<p><b>Pr\u00e1vn\u00ed odkazy:  <\/b><\/p>\n<p>Feder\u00e1ln\u00ed pr\u00e1vo:  <br>Z\u00e1kon o pr\u00e1vech na rodinn\u00e9 vzd\u011bl\u00e1v\u00e1n\u00ed a ochran\u011b soukrom\u00ed (FERPA), 20 U.S.C. \u00a7\u00a7 1232g a n\u00e1sleduj\u00edc\u00ed.  <br>Protection of Pupil Rights Amendment, Public Law 107-110, \u00a7 1061, kodifikov\u00e1no v 20 U.S.C. \u00a7 1232h.  <\/p>\n<p>P\u0159ijat\u00e9 z\u00e1sady: z\u00e1\u0159\u00ed 2014  <\/p>\n<p>Revidovan\u00e9 z\u00e1sady: Kv\u011bten 2016<\/p>\n<p> <\/p>\t\t\t\t\t\t<\/div>\n\t\t\t\t<\/div>\n\t\t\t\t\t<\/div>\n\t\t<\/div>\n\t\t\t\t\t\t\t<\/div>\n\t\t<\/section>\n\t\t\t\t\t\t\t<\/div>\n\t\t","protected":false},"excerpt":{"rendered":"<p>Z\u00e1sady ochrany osobn\u00edch \u00fadaj\u016f Tyto Z\u00e1sady ochrany osobn\u00edch \u00fadaj\u016f popisuj\u00ed dohodu okresu s v\u00e1mi o tom, jak budeme nakl\u00e1dat s ur\u010dit\u00fdmi informacemi na webov\u00fdch str\u00e1nk\u00e1ch. Tyto z\u00e1sady se nezab\u00fdvaj\u00ed informacemi z\u00edskan\u00fdmi z jin\u00fdch zdroj\u016f, jako jsou pod\u00e1n\u00ed po\u0161tou, telefonicky nebo jin\u00fdmi za\u0159\u00edzen\u00edmi nebo z osobn\u00edho kontaktu. P\u0159\u00edstupem na webov\u00e9 str\u00e1nky a\/nebo poskytnut\u00edm informac\u00ed okresu na [&hellip;]<\/p>\n","protected":false},"author":1,"featured_media":0,"parent":0,"menu_order":0,"comment_status":"closed","ping_status":"open","template":"","meta":{"_acf_changed":false,"footnotes":""},"class_list":["post-15039","page","type-page","status-publish","hentry"],"acf":[],"_links":{"self":[{"href":"https:\/\/fpsct.org\/cs\/wp-json\/wp\/v2\/pages\/15039","targetHints":{"allow":["GET"]}}],"collection":[{"href":"https:\/\/fpsct.org\/cs\/wp-json\/wp\/v2\/pages"}],"about":[{"href":"https:\/\/fpsct.org\/cs\/wp-json\/wp\/v2\/types\/page"}],"author":[{"embeddable":true,"href":"https:\/\/fpsct.org\/cs\/wp-json\/wp\/v2\/users\/1"}],"replies":[{"embeddable":true,"href":"https:\/\/fpsct.org\/cs\/wp-json\/wp\/v2\/comments?post=15039"}],"version-history":[{"count":0,"href":"https:\/\/fpsct.org\/cs\/wp-json\/wp\/v2\/pages\/15039\/revisions"}],"wp:attachment":[{"href":"https:\/\/fpsct.org\/cs\/wp-json\/wp\/v2\/media?parent=15039"}],"curies":[{"name":"wp","href":"https:\/\/api.w.org\/{rel}","templated":true}]}}